{"id":10884,"date":"2021-07-22T11:11:00","date_gmt":"2021-07-22T09:11:00","guid":{"rendered":"https:\/\/andreusolar.com\/?page_id=10884"},"modified":"2024-07-26T09:01:32","modified_gmt":"2024-07-26T07:01:32","slug":"bases-legals-oferta-firagost-2","status":"publish","type":"page","link":"https:\/\/andreusolar.com\/es\/bases-legals-oferta-firagost-2\/","title":{"rendered":"Bases legales Oferta Firagost"},"content":{"rendered":"<div data-elementor-type=\"wp-page\" data-elementor-id=\"10884\" class=\"elementor elementor-10884\">\n\t\t\t\t\t\t<section class=\"elementor-section elementor-top-section elementor-element elementor-element-5a4dce5f elementor-section-boxed elementor-section-height-default elementor-section-height-default\" data-id=\"5a4dce5f\" data-element_type=\"section\" data-e-type=\"section\">\n\t\t\t\t\t\t<div class=\"elementor-container elementor-column-gap-default\">\n\t\t\t\t\t<div class=\"elementor-column elementor-col-100 elementor-top-column elementor-element elementor-element-b9c2f7d\" data-id=\"b9c2f7d\" data-element_type=\"column\" data-e-type=\"column\">\n\t\t\t<div class=\"elementor-widget-wrap elementor-element-populated\">\n\t\t\t\t\t\t<div class=\"elementor-element elementor-element-45b56567 elementor-widget elementor-widget-text-editor\" data-id=\"45b56567\" data-element_type=\"widget\" data-e-type=\"widget\" data-widget_type=\"text-editor.default\">\n\t\t\t\t<div class=\"elementor-widget-container\">\n\t\t\t\t\t\t\t\t\t<p class=\"p1\">1.- SOCIEDAD ORGANIZADORA:<\/p><p class=\"p1\"><b>ANDREU MANTENIMIENTO INDUSTRIAL, SL<\/b>, entidad espa\u00f1ola, provista del NIF B43752179, con domicilio Ctra. Pla de Santa Maria, 253, Nau C1 \u2013 43800 VALLS, Tarragona a efectos de notificaciones, citaciones y emplazamientos en direcci\u00f3n postal, en adelante \u201cORGANIZADOR\u201d, organiza un concurso denominado \u201cSORTEO FIRAGOSTO\u201d (en adelante el &quot;Concurso&quot;) con el fin de efectuar una acci\u00f3n comercial relacionada con la festividad, sujeto a las presentes bases legales (en adelante, las &quot;Bases&quot;).<\/p><p class=\"p1\">2.- OBJETO, MEC\u00c1NICA Y REQUISITOS DEL CONCURSO:<\/p><ul class=\"ul1\"><li class=\"li2\"><span class=\"s1\">Las personas que soliciten un estudio personalizado a trav\u00e9s de la web https:\/\/andreusolar.com\/formulari-estudi-personalitzat\/ o presencialmente los d\u00edas 6 y 7 de agosto de 2024 en el stand de Andreu Solar en la Firagost de Valls llenar\u00e1n un cuestionario o un boleto, respectivamente, con sus datos. El cuestionario o boleto pasar\u00e1 a ser su participaci\u00f3n en el concurso.<\/span><\/li><\/ul><p class=\"p1\">REQUISITOS para participar en el Concurso, DURACI\u00d3N y \u00c1MBITO.<\/p><p class=\"p1\">La participaci\u00f3n es gratuita, voluntaria y est\u00e1 limitada a quienes cumplan todos los requisitos que a continuaci\u00f3n se relacionan:<\/p><ul class=\"ul1\"><li class=\"li2\"><span class=\"s1\">El Concurso comienza el d\u00eda 6 de agosto de 2024 y finaliza a las 22:00 h del 7 de agosto de 2024.<\/span><\/li><li class=\"li2\"><span class=\"s1\">Solicitar un estudio personalizado a trav\u00e9s de la web https:\/\/andreusolar.com\/formulari-estudi-personalitzat\/ o presencialmente el d\u00eda 6 y 7 de agosto de 2024 en el stand de Andreu Solar en la zona del paseo de la Estaci\u00f3n de Valls.<\/span><\/li><li class=\"li2\"><span class=\"s1\">Ser persona f\u00edsica.<\/span><\/li><li class=\"li2\"><span class=\"s1\">Mayor de 18 a\u00f1os.<\/span><\/li><li class=\"li2\"><span class=\"s1\">S\u00f3lo es v\u00e1lido para Catalu\u00f1a.<\/span><\/li><\/ul><p class=\"p1\">REQUISITOS para poder ganar el concurso:<\/p><p class=\"p1\">Haber cumplido totalmente los requisitos establecidos en el apartado inmediatamente anterior. El mero incumplimiento de alguno de los requisitos previstos anteriormente, total o parcialmente, implicar\u00e1 la descalificaci\u00f3n autom\u00e1tica de la participaci\u00f3n en el Concurso.<\/p><p class=\"p1\">3.- MEC\u00c1NICA PARA DESIGNAR A LA PERSONA GANADORA:<\/p><p class=\"p1\">Una vez finalizada la duraci\u00f3n del Concurso en las presentes Bases, todas las participaciones v\u00e1lidas ser\u00e1n recogidas por el ORGANIZADOR y ser\u00e1n incluidas en el sorteo del premio. La persona ganadora resultar\u00e1 de un sorteo realizado entre todas las personas participantes que hayan solicitado el estudio personalizado, cumpliendo con todos los requisitos establecidos en las presentes Bases, a criterio del ORGANIZADOR.<\/p><p class=\"p1\">El sorteo se realizar\u00e1 manualmente, con una mano inocente a partir de los boletos rellenados por las personas participantes. Se elegir\u00e1 1 persona ganadora y 1 persona suplente de forma correlativa.<br \/>El premio ser\u00e1 concedido a la persona participante que resulte elegida en el sorteo de entre todas las personas participantes y que sea declarada ganadora, seg\u00fan los requisitos establecidos en las presentes Bases.<\/p><p class=\"p1\">4.- COMPROBACI\u00d3N DE REQUISITOS Y DECLARACI\u00d3N DE LAS PERSONAS GANADORAS:<\/p><p class=\"p1\">Una vez elegida la persona ganadora, el ORGANIZADOR comprobar\u00e1 que quien haya resultado elegido en el mismo cumpla con todos los requisitos establecidos en las presentes Bases y que puede ser declarada ganadora.<\/p><p class=\"p1\">Para ello, el ORGANIZADOR se pondr\u00e1 en contacto con la presunta persona ganadora telef\u00f3nicamente o v\u00eda e-mail. La persona participante deber\u00e1 responder a dicho mensaje en un plazo m\u00e1ximo de 48 horas desde el momento en que se haya efectuado la comunicaci\u00f3n por parte del ORGANIZADOR: (i) conformidad y aceptaci\u00f3n expresa del premio o (ii) renuncia igualmente expresa al mismo (no ser\u00e1n v\u00e1lidas aceptaciones condicionadas o limitadas).<\/p><p class=\"p1\">Si la presunta persona ganadora renuncia al premio, el ORGANIZADOR proceder\u00e1 a comunicarse en iguales t\u00e9rminos que los descritos anteriormente con la persona suplente a efectos de proponer y en su caso (si no renuncia a su vez) seguir los pasos para la declaraci\u00f3n de la persona ganadora que se ha indicado.<\/p><p class=\"p1\">Igualmente, en caso de que alguna de las personas escogidas como presunta persona ganadora o suplente no responda al mensaje en el plazo anteriormente indicado o el ORGANIZADOR considere que no cumple los requisitos para ser declarada persona ganadora, se pondr\u00e1 en contacto con el siguiente suplente a efectos de proponer y en su caso (si no renuncia) seguir los pasos para la declaraci\u00f3n de la persona ganadora que se han indicado.<\/p><p class=\"p1\">Alcanzado el n\u00famero m\u00e1ximo de personas suplentes, siendo que varias de ellas o todas han renunciado o que no cumplen los requisitos establecidos en las presentes Bases, el ORGANIZADOR podr\u00e1 (i) otorgar el premio s\u00f3lo a la persona ganadora v\u00e1lido resultante o (ii ) declarar desierto el Concurso.<\/p><p class=\"p1\">En caso de que el ORGANIZADOR estime oportuno, el nombre de las personas ganadoras podr\u00e1n ser publicadas por el ORGANIZADOR en sus diferentes plataformas digitales como pueden ser su blog (<a href=\"https:\/\/andreusolar.com\/es\/blog\/\"><span class=\"s2\">https:\/\/andreusolar.com\/blog\/<\/span><\/a>) o su p\u00e1gina en Facebook y\/o Instagram, de acuerdo con lo que se establece en las presentes Bases.<\/p><p class=\"p1\">5.- PREMIO:<\/p><p class=\"p1\">Entre todas las personas participantes se sortear\u00e1 un sistema de \u00f3smosis inversa Klinwass Beverly (o similar de igual precio o prestaciones) o descuento equivalente.<br \/>El premio en ning\u00fan caso podr\u00e1 ser objeto de cambio, alteraci\u00f3n o compensaci\u00f3n a petici\u00f3n de ninguna de las personas ganadoras.<\/p><p class=\"p1\">6.- OTRAS NORMAS DE USO:<\/p><p class=\"p1\">El ORGANIZADOR queda eximido de cualquier responsabilidad en el supuesto de existir alg\u00fan error en los datos facilitados por los propios participantes que impidiera su identificaci\u00f3n.<\/p><p class=\"p1\">Igualmente, el ORGANIZADOR no se responsabiliza de posibles p\u00e9rdidas, deterioros, robos o cualquier otra circunstancia imputable a la empresa de mensajer\u00eda que puedan afectar al env\u00edo de los premios.<\/p><p class=\"p1\">El ORGANIZADOR se reserva el derecho a emprender acciones judiciales contra aquellas personas que realicen cualquier tipo de acto susceptible de ser considerado manipulaci\u00f3n o falsificaci\u00f3n del Concurso.<\/p><p class=\"p1\">El ORGANIZADOR se reserva el derecho de efectuar cuantos cambios considere que redunden en el buen fin del Concurso, cuando concurra justa causa o motivos de fuerza mayor que impidan llevarlo a cabo en la forma que recogen las presentes Bases.<\/p><p class=\"p1\">El ORGANIZADOR se reserva el derecho de aplazar y\/o ampliar la duraci\u00f3n del Concurso, as\u00ed como la facultad de interpretar las presentes Bases.<\/p><p class=\"p1\">Asimismo, el ORGANIZADOR queda exento de toda responsabilidad si concurriera alguno de los casos se\u00f1alados, as\u00ed como de cualquier responsabilidad por los da\u00f1os y perjuicios que pudieran ocasionarse durante el disfrute del premio.<\/p><p class=\"p1\">7.- ACEPTACI\u00d3N DE LAS BASES:<\/p><p class=\"p1\">La simple participaci\u00f3n en el Concurso implica la aceptaci\u00f3n de las presentes Bases, por lo que la manifestaci\u00f3n en el sentido de no aceptaci\u00f3n de la totalidad o parte de las mismas implicar\u00e1 la exclusi\u00f3n de la persona participante ya consecuencia de ello, ORGANIZADOR quedar\u00e1 liberado de cumplimiento de la obligaci\u00f3n contra\u00edda con esta persona participante.<\/p><p class=\"p1\">Al PARTICIPAR EN EL CONCURSO \u201cSORTEO FIRAGOSTO\u201d ASUMO QUE HE LE\u00cdDO Y ACEPTADO LAS PRESENTES BASES, POL\u00cdTICA DE PROTECCI\u00d3N DE DATOS DE CAR\u00c1CTER PERSONAL, DEL DERECHO A LA INTIMIDAD Y A LA PROPIA IMAGEN<\/p>\t\t\t\t\t\t\t\t<\/div>\n\t\t\t\t<\/div>\n\t\t\t\t\t<\/div>\n\t\t<\/div>\n\t\t\t\t\t<\/div>\n\t\t<\/section>\n\t\t\t\t<\/div>","protected":false},"excerpt":{"rendered":"<p>1.- SOCIEDAD ORGANIZADORA: ANDREU MANTENIMIENTO INDUSTRIAL, SL, entidad espa\u00f1ola, provista del NIF B43752179, con domicilio Ctra. Pla de Santa Maria, 253, Nau C1 \u2013 43800 VALLS, Tarragona a efectos de notificaciones, citaciones y emplazamientos en direcci\u00f3n postal, en adelante \u201cORGANIZADOR\u201d, organiza un concurso denominado \u201cSORTEO FIRAGOSTO\u201d (en adelante el \u201cConcurso\u201d) con el fin de efectuar una\u2026<\/p>","protected":false},"author":1,"featured_media":0,"parent":0,"menu_order":0,"comment_status":"closed","ping_status":"closed","template":"","meta":{"_acf_changed":false,"inline_featured_image":false,"footnotes":""},"class_list":{"0":"post-10884","1":"page","2":"type-page","3":"status-publish","4":"hentry","5":"nt-post-class","6":"","7":"masonry-item","8":"col-lg-6","10":"thumb-none","12":"excerpt-none"},"acf":[],"_links":{"self":[{"href":"https:\/\/andreusolar.com\/es\/wp-json\/wp\/v2\/pages\/10884","targetHints":{"allow":["GET"]}}],"collection":[{"href":"https:\/\/andreusolar.com\/es\/wp-json\/wp\/v2\/pages"}],"about":[{"href":"https:\/\/andreusolar.com\/es\/wp-json\/wp\/v2\/types\/page"}],"author":[{"embeddable":true,"href":"https:\/\/andreusolar.com\/es\/wp-json\/wp\/v2\/users\/1"}],"replies":[{"embeddable":true,"href":"https:\/\/andreusolar.com\/es\/wp-json\/wp\/v2\/comments?post=10884"}],"version-history":[{"count":0,"href":"https:\/\/andreusolar.com\/es\/wp-json\/wp\/v2\/pages\/10884\/revisions"}],"wp:attachment":[{"href":"https:\/\/andreusolar.com\/es\/wp-json\/wp\/v2\/media?parent=10884"}],"curies":[{"name":"wp","href":"https:\/\/api.w.org\/{rel}","templated":true}]}}