{"id":10890,"date":"2021-07-22T11:03:33","date_gmt":"2021-07-22T09:03:33","guid":{"rendered":"https:\/\/andreusolar.com\/?page_id=10890"},"modified":"2022-06-20T11:58:52","modified_gmt":"2022-06-20T09:58:52","slug":"bases-legals-test-solar","status":"publish","type":"page","link":"https:\/\/andreusolar.com\/es\/bases-legals-test-solar\/","title":{"rendered":"Bases legales Test Solar"},"content":{"rendered":"<p>&nbsp;<\/p>\n<p>1.- ENTIDAD ORGANIZADORA:<\/p>\n<p><strong>ANDREU MANTENIMIENTO INDUSTRIAL, SL<\/strong>, entidad espa\u00f1ola, provista del NIF B43752179, con domicilio Crta. Pla de Santa Maria, 253, Nau C1 \u2013 43800 VALLS, Tarragona a efectos de notificaciones, citas y emplazamientos en direcci\u00f3n postal, en adelante \u201cORGANIZADOR\u201d, organiza un concurso denominado \u201cSORTEO TEST SOLAR\u201d (en adelante el \u201cConcurso\u201d) con el fin de efectuar una acci\u00f3n comercial relacionada la festividad, sujeto a las presentes bases legales (en adelante, las \u201cBases\u201d).<\/p>\n<p>&nbsp;<\/p>\n<p>2.- OBJETO, MEC\u00c1NICA Y REQUISITOS DEL CONCURSO:<\/p>\n<p>REQUISITOS para participar en el Concurso, DURACI\u00d3N y \u00c1MBITO:<\/p>\n<ul>\n<li>La participaci\u00f3n es gratuita, voluntaria y est\u00e1 limitada a quienes cumplan todos los requisitos que a continuaci\u00f3n se relacionan:<\/li>\n<li>El Concurso comienza el d\u00eda <strong>2 de agosto<\/strong><strong> de 2022 y finaliza a las 23:59h <\/strong><strong>el 31 de agosto<\/strong><strong> de 2022.<\/strong><\/li>\n<li>Responder el test Solar (<a href=\"https:\/\/andreusolar.com\/es\/t-solar\/\">https:\/\/andreusolar.com\/t-solar\/<\/a> ) y finalizar el test indicando una direcci\u00f3n de correo electr\u00f3nico correcta.<\/li>\n<li>Ser persona f\u00edsica.<\/li>\n<li>Mayor de 18 a\u00f1os.<\/li>\n<li>S\u00f3lo es v\u00e1lido para Catalu\u00f1a.<\/li>\n<\/ul>\n<p>&nbsp;<\/p>\n<p>3.- REQUISITOS para poder ganar el concurso:<\/p>\n<p>Haber cumplido totalmente los requisitos establecidos en el apartado inmediatamente anterior. El mero incumplimiento de alguno de los requisitos previstos anteriormente, total o parcialmente, implicar\u00e1 la descalificaci\u00f3n autom\u00e1tica de la participaci\u00f3n en el Concurso.<\/p>\n<p>Una misma persona no puede ganar dos veces un Concurso de Andreu Solar, por tanto, las participaciones presentadas no pueden haber sido premiadas en otros concursos, ni publicadas anteriormente en ning\u00fan soporte ni personal ni profesional, incluidos correos electr\u00f3nicos.<\/p>\n<p>&nbsp;<\/p>\n<p>4.- MEC\u00c1NICA PARA DESIGNAR A LA PERSONA GANADORA:<\/p>\n<p>Una vez finalizada la duraci\u00f3n del Concurso en las presentes Bases, todas las participaciones v\u00e1lidas ser\u00e1n recogidas por el ORGANIZADOR y ser\u00e1n incluidas en el sorteo del premio.<\/p>\n<p>La persona ganadora resultar\u00e1 de un sorteo realizado entre todas las personas participantes que hayan comentado y etiquetado en su publicaci\u00f3n, cumpliendo con todos los requisitos establecidos en las presentes Bases, a criterio del ORGANIZADOR.<\/p>\n<p>El sorteo se realizar\u00e1 utilizando un programa inform\u00e1tico de selecci\u00f3n aleatoria, por medio de Cool Tabs, que elegir\u00e1 1 persona ganadora y 1 persona suplente de forma correlativa.<\/p>\n<p>El premio ser\u00e1 concedido a la persona participante que resulten elegida en el sorteo de entre todas las personas participantes y que sea declarada ganadora, seg\u00fan los requisitos establecidos en las presentes Bases.<\/p>\n<p>&nbsp;<\/p>\n<p>5.- COMPROBACI\u00d3N DE REQUISITOS Y DECLARACI\u00d3N DE LAS PERSONAS GANADORAS:<\/p>\n<p>Una vez elegida la persona ganadora, el ORGANIZADOR comprobar\u00e1 que quien haya resultado elegido en el mismo cumpla con todos los requisitos establecidos en las presentes Bases y que puede ser declarada ganadora.<\/p>\n<p>Para ello, el ORGANIZADOR se pondr\u00e1 en contacto con la presunta persona ganadora a trav\u00e9s de un correo electr\u00f3nico en la direcci\u00f3n facilitada, comunic\u00e1ndole que es la ganadora. La persona participante deber\u00e1 responder a dicho mensaje en un plazo m\u00e1ximo de 48 horas desde el momento en que se haya efectuado el env\u00edo del correo electr\u00f3nico: (i) conformidad y aceptaci\u00f3n expresa del premio o (ii) renuncia igualmente expresa al mismo (no ser\u00e1n v\u00e1lidas aceptaciones condicionadas o limitadas), respondiendo al mismo correo electr\u00f3nico al ORGANIZADOR.<\/p>\n<p>Si la presunta persona ganadora renuncia al premio, el ORGANIZADOR proceder\u00e1 a comunicarse en iguales t\u00e9rminos que los descritos anteriormente con la primera persona suplente a efectos de proponer y en su caso (si no renuncia a su vez) seguir los pasos para la declaraci\u00f3n de la persona ganadora que se ha indicado.<\/p>\n<p>Igualmente, en caso de que alguna de las personas elegidas como presunta ganadora o suplente no responda al mensaje en el plazo anteriormente indicado o ENTIDAD ORGANIZADORA considere que no cumple los requisitos para ser declarada ganadora, se pondr\u00e1 en contacto con la siguiente persona suplente a efectos de proponer y en su caso (si no renuncia) seguirles pasos para la declaraci\u00f3n ganadora que se han indicado.<\/p>\n<p>Alcanzado el n\u00famero m\u00e1ximo de personas suplentes, siendo que varias de ellas o todas han renunciado o que no cumplen los requisitos establecidos en las presentes Bases, el ORGANIZADOR podr\u00e1 declarar desierto el Concurso.<\/p>\n<p>En caso de que el ORGANIZADOR lo estime oportuno, el nombre de las personas ganadoras podr\u00e1 ser publicado por el ORGANIZADOR en sus diferentes plataformas digitales, como pueden ser su blog (<a href=\"https:\/\/andreusolar.com\/es\/blog\/\">https:\/\/andreusolar.com\/blog\/<\/a> ) o su p\u00e1gina en Facebook y\/o Instagram, de acuerdo con lo que se establece en las presentes Bases.<\/p>\n<p>&nbsp;<\/p>\n<p>6.- PREMIO:<\/p>\n<p>Entre todas las personas participantes se sortear\u00e1 una cena para dos personas en el Restaurante Petit Cup de Ali\u00f3 (Av. Cinto Verdaguer, 20, 43813 Ali\u00f3, Tarragona), por un valor de 60\u20ac.<\/p>\n<p>El premio en ning\u00fan caso podr\u00e1 ser objeto de cambio, alteraci\u00f3n o compensaci\u00f3n a petici\u00f3n de ninguna de las personas ganadoras.<\/p>\n<p>&nbsp;<\/p>\n<p>7.- OTRAS NORMAS DE USO:<\/p>\n<p>El ORGANIZADOR queda exenta de cualquier responsabilidad en el supuesto de existir alg\u00fan error en los datos facilitados por las propias personas participantes que impidiera su identificaci\u00f3n.<\/p>\n<p>El ORGANIZADOR se reserva el derecho a emprender acciones judiciales contra aquellas personas que realicen cualquier tipo de acto susceptible de ser considerado manipulaci\u00f3n o falsificaci\u00f3n del Concurso.<\/p>\n<p>El ORGANIZADOR queda exenta de cualquier responsabilidad por da\u00f1os y perjuicios de toda naturaleza que puedan deberse a la falta temporal de disponibilidad o de continuidad del funcionamiento de los servicios mediante los cuales se participa en el Concurso, la defraudaci\u00f3n de la utilidad que los participantes hubieran podido atribuir a \u00e9stos, y en particular, aunque no de forma exclusiva, a los fallos en el acceso a las distintas p\u00e1ginas y env\u00edos de respuestas de participaci\u00f3n a trav\u00e9s de internet.<\/p>\n<p>El ORGANIZADOR se reserva el derecho de efectuar cuantos cambios considere que redunden en el buen fin del Concurso, cuando concurra justa causa o motivos de fuerza mayor que impidan llevarla a cabo en la forma en que recogen las presentes Bases.<\/p>\n<p>El ORGANIZADOR se reserva el derecho de aplazar y\/o ampliar la duraci\u00f3n del Concurso, as\u00ed como la facultad de interpretar las presentes Bases.<\/p>\n<p>Asimismo, el ORGANIZADOR queda exenta de toda responsabilidad si concurriera alguno de los casos se\u00f1alados, as\u00ed como de cualquier responsabilidad por los da\u00f1os y perjuicios que pudieran ocasionarse durante el disfrute del premio.<\/p>\n<p>&nbsp;<\/p>\n<p>8.- ACEPTACI\u00d3N DE LAS BASES:<\/p>\n<p>La simple participaci\u00f3n en el Concurso implica la aceptaci\u00f3n de las presentes Bases, por lo que la manifestaci\u00f3n en el sentido de no aceptaci\u00f3n de la totalidad o parte de las mismas implicar\u00e1 la exclusi\u00f3n de la persona participante ya consecuencia de ello, ORGANIZADOR quedar\u00e1 liberada de cumplimiento de la obligaci\u00f3n contra\u00edda con esta persona participante.<\/p>\n<p>&nbsp;<\/p>\n<p>Al PARTICIPAR EN EL CONCURSO \u201cSORTEO TEST SOLAR\u201d ASUMO QUE HE LE\u00cdDO Y ACEPTADO LAS PRESENTES BASES, POL\u00cdTICA DE PROTECCI\u00d3N DE DATOS DE CAR\u00c1CTER PERSONAL, DEL DERECHO A LA INTIMIDAD YA LA PROPIA IMAGEN.<\/p>","protected":false},"excerpt":{"rendered":"<p>&nbsp; 1.- ENTIDAD ORGANIZADORA: ANDREU MANTENIMIENTO INDUSTRIAL, SL, entidad espa\u00f1ola, provista del NIF B43752179, con domicilio Crta. Pla de Santa Maria, 253, Nau C1 \u2013 43800 VALLS, Tarragona a efectos de notificaciones, citas y emplazamientos en direcci\u00f3n postal, en adelante \u201cORGANIZADOR\u201d, organiza un concurso denominado \u201cSORTEO TEST SOLAR\u201d (en adelante el \u201cConcurso\u201d) con la finalidad\u2026<\/p>","protected":false},"author":1,"featured_media":0,"parent":0,"menu_order":0,"comment_status":"closed","ping_status":"closed","template":"","meta":{"_acf_changed":false,"inline_featured_image":false,"footnotes":""},"class_list":{"0":"post-10890","1":"page","2":"type-page","3":"status-publish","4":"hentry","5":"nt-post-class","6":"","7":"masonry-item","8":"col-lg-6","10":"thumb-none","12":"excerpt-none"},"acf":[],"_links":{"self":[{"href":"https:\/\/andreusolar.com\/es\/wp-json\/wp\/v2\/pages\/10890","targetHints":{"allow":["GET"]}}],"collection":[{"href":"https:\/\/andreusolar.com\/es\/wp-json\/wp\/v2\/pages"}],"about":[{"href":"https:\/\/andreusolar.com\/es\/wp-json\/wp\/v2\/types\/page"}],"author":[{"embeddable":true,"href":"https:\/\/andreusolar.com\/es\/wp-json\/wp\/v2\/users\/1"}],"replies":[{"embeddable":true,"href":"https:\/\/andreusolar.com\/es\/wp-json\/wp\/v2\/comments?post=10890"}],"version-history":[{"count":0,"href":"https:\/\/andreusolar.com\/es\/wp-json\/wp\/v2\/pages\/10890\/revisions"}],"wp:attachment":[{"href":"https:\/\/andreusolar.com\/es\/wp-json\/wp\/v2\/media?parent=10890"}],"curies":[{"name":"wp","href":"https:\/\/api.w.org\/{rel}","templated":true}]}}