{"id":10521,"date":"2021-07-09T09:09:30","date_gmt":"2021-07-09T07:09:30","guid":{"rendered":"https:\/\/andreusolar.com\/?page_id=10521"},"modified":"2021-07-16T09:51:40","modified_gmt":"2021-07-16T07:51:40","slug":"clausules","status":"publish","type":"page","link":"https:\/\/andreusolar.com\/fr\/clausules\/","title":{"rendered":"clauses"},"content":{"rendered":"<div data-elementor-type=\"wp-page\" data-elementor-id=\"10521\" class=\"elementor elementor-10521\">\n\t\t\t\t\t\t<section class=\"elementor-section elementor-top-section elementor-element elementor-element-6cd018dc elementor-section-boxed elementor-section-height-default elementor-section-height-default\" data-id=\"6cd018dc\" data-element_type=\"section\" data-e-type=\"section\">\n\t\t\t\t\t\t<div class=\"elementor-container elementor-column-gap-default\">\n\t\t\t\t\t<div class=\"elementor-column elementor-col-100 elementor-top-column elementor-element elementor-element-3bf2fe5e\" data-id=\"3bf2fe5e\" data-element_type=\"column\" data-e-type=\"column\">\n\t\t\t<div class=\"elementor-widget-wrap elementor-element-populated\">\n\t\t\t\t\t\t<div class=\"elementor-element elementor-element-4c819af elementor-widget elementor-widget-html\" data-id=\"4c819af\" data-element_type=\"widget\" data-e-type=\"widget\" data-widget_type=\"html.default\">\n\t\t\t\t<div class=\"elementor-widget-container\">\n\t\t\t\t\t<h2 style=\"display:none;\"><b>clauses<\/b><\/h2>\t\t\t\t<\/div>\n\t\t\t\t<\/div>\n\t\t\t\t<div class=\"elementor-element elementor-element-7f85cdab elementor-widget elementor-widget-text-editor\" data-id=\"7f85cdab\" data-element_type=\"widget\" data-e-type=\"widget\" data-widget_type=\"text-editor.default\">\n\t\t\t\t<div class=\"elementor-widget-container\">\n\t\t\t\t\t\t\t\t\t<div id=\"02cf1v210\" style=\"padding: 100px 0px;\">\r\n<table style=\"width: 100%;\">\r\n<tbody>\r\n<tr>\r\n<td width=\"38\"><strong>2.1<\/strong><\/td>\r\n<td colspan=\"2\" width=\"602\"><strong>Formulaire 1 \u2013 CONTACT<\/strong><\/td>\r\n<\/tr>\r\n<tr>\r\n<td colspan=\"3\" width=\"640\"><strong>Protection des Donn\u00e9es RGPDUE 2016\/679 \u2013 LOPDGDD 3\/2018<\/strong>\u00a0\u00a0\u00a0\u00a0\u00a0\u00a0\u00a0\u00a0\u00a0\u00a0\u00a0\u00a0\u00a0\u00a0\u00a0\u00a0\u00a0\u00a0\u00a0\u00a0\u00a0\u00a0\u00a0\u00a0\u00a0\u00a0\u00a0\u00a0\u00a0\u00a0\u00a0\u00a0\u00a0\u00a0\u00a0\u00a0 \u00a0\u00a0\u00a0\u00a0\u00a0\u00a0\u00a0\u00a0\u00a0\u00a0\u00a0\u00a0<strong>Ver.<\/strong><em><strong>\u00a021.0<\/strong><\/em><\/td>\r\n<\/tr>\r\n<tr>\r\n<td colspan=\"2\" width=\"115\"><strong>responsable<\/strong><\/td>\r\n<td width=\"525\"><strong>ANDREU INDUSTRIAL MAINTENANCE, SL<\/strong><\/td>\r\n<\/tr>\r\n<tr>\r\n<td colspan=\"2\" width=\"115\"><strong>but<\/strong>\r\n\r\n<strong>\u00a0<\/strong><\/td>\r\n<td width=\"525\">Collecte et traitement de vos donn\u00e9es pour r\u00e9pondre \u00e0 vos demandes et vous fournir p\u00e9riodiquement des informations sur nos produits et services susceptibles de vous int\u00e9resser et\/ou de privil\u00e9gier par des moyens \u00e9lectroniques actuels ou futurs, \u00e0 condition que vous nous autorisez \u00e0 les traiter.<\/td>\r\n<\/tr>\r\n<tr>\r\n<td colspan=\"2\" width=\"115\"><strong>L\u00e9gitimation<\/strong>\r\n\r\n<strong>\u00a0<\/strong><\/td>\r\n<td width=\"525\">Consentement sans \u00e9quivoque et sp\u00e9cifique accord\u00e9 par l&#039;int\u00e9ress\u00e9.<\/td>\r\n<\/tr>\r\n<tr>\r\n<td colspan=\"2\" width=\"115\"><strong>Destinataires<\/strong><\/td>\r\n<td width=\"525\">Les donn\u00e9es ne seront pas transf\u00e9r\u00e9es \u00e0 des tiers, sauf si la loi l&#039;exige.<\/td>\r\n<\/tr>\r\n<tr>\r\n<td colspan=\"2\" width=\"115\"><strong>droits<\/strong><\/td>\r\n<td width=\"525\">Acc\u00e9der, rectifier et supprimer les donn\u00e9es, ainsi que d&#039;autres droits comme expliqu\u00e9 dans les informations compl\u00e9mentaires.<\/td>\r\n<\/tr>\r\n<tr>\r\n<td colspan=\"2\" width=\"115\"><strong>Informations Compl\u00e9mentaires<\/strong><\/td>\r\n<td width=\"525\">Vous pouvez consulter des informations compl\u00e9mentaires et d\u00e9taill\u00e9es sur la protection des donn\u00e9es sur notre site internet : andreusolar.com<\/td>\r\n<\/tr>\r\n<\/tbody>\r\n<\/table>\r\n<\/div>\r\n<div id=\"02cf2v210\" style=\"padding: 100px 0px;\">\r\n<table style=\"width: 100%;\">\r\n<tbody>\r\n<tr>\r\n<td width=\"38\"><strong>2.2<\/strong><\/td>\r\n<td colspan=\"2\" width=\"602\"><strong>Formulaire 2 \u2013 \u00c9TUDE PERSONNALIS\u00c9E<\/strong><\/td>\r\n<\/tr>\r\n<tr>\r\n<td colspan=\"3\" width=\"640\"><strong>Protection des Donn\u00e9es RGPDUE 2016\/679 \u2013 LOPDGDD 3\/2018<\/strong>\u00a0\u00a0\u00a0\u00a0\u00a0\u00a0\u00a0\u00a0\u00a0\u00a0\u00a0\u00a0\u00a0\u00a0\u00a0\u00a0\u00a0\u00a0\u00a0\u00a0\u00a0\u00a0\u00a0\u00a0\u00a0\u00a0\u00a0\u00a0\u00a0\u00a0\u00a0\u00a0\u00a0\u00a0\u00a0\u00a0 \u00a0\u00a0\u00a0\u00a0\u00a0\u00a0\u00a0\u00a0\u00a0\u00a0\u00a0\u00a0<strong>Ver.<\/strong><em><strong>\u00a021.0<\/strong><\/em><\/td>\r\n<\/tr>\r\n<tr>\r\n<td colspan=\"2\" width=\"115\"><strong>responsable<\/strong><\/td>\r\n<td width=\"525\"><strong>ANDREU INDUSTRIAL MAINTENANCE, SL<\/strong><\/td>\r\n<\/tr>\r\n<tr>\r\n<td colspan=\"2\" width=\"115\"><strong>but<\/strong>\r\n\r\n<strong>\u00a0<\/strong><\/td>\r\n<td width=\"525\">Collecte et traitement de vos donn\u00e9es pour r\u00e9pondre \u00e0 votre demande et vous fournir l&#039;\u00e9tude personnalis\u00e9e demand\u00e9e, sur les services\/produits que nous pouvons vous proposer, ainsi que pour vous fournir des informations sur d&#039;autres produits\/services susceptibles de vous int\u00e9resser et\/ ou pr\u00e9f\u00e9rence pour les supports \u00e9lectroniques actuels ou futurs, \u00e0 condition que vous nous autorisiez \u00e0 les traiter.<\/td>\r\n<\/tr>\r\n<tr>\r\n<td colspan=\"2\" width=\"115\"><strong>L\u00e9gitimation<\/strong>\r\n\r\n<strong>\u00a0<\/strong><\/td>\r\n<td width=\"525\">Int\u00e9r\u00eat l\u00e9gitime du traitement par le responsable pour entretenir la relation\/les services avec les clients et\/ou clients potentiels. Consentement sans \u00e9quivoque et sp\u00e9cifique accord\u00e9 par l&#039;int\u00e9ress\u00e9.<\/td>\r\n<\/tr>\r\n<tr>\r\n<td colspan=\"2\" width=\"115\"><strong>Destinataires<\/strong><\/td>\r\n<td width=\"525\">Les donn\u00e9es ne seront pas transf\u00e9r\u00e9es \u00e0 des tiers, sauf si la loi l&#039;exige.<\/td>\r\n<\/tr>\r\n<tr>\r\n<td colspan=\"2\" width=\"115\"><strong>droits<\/strong><\/td>\r\n<td width=\"525\">Acc\u00e9der, rectifier et supprimer les donn\u00e9es, ainsi que d&#039;autres droits comme expliqu\u00e9 dans les informations compl\u00e9mentaires.<\/td>\r\n<\/tr>\r\n<tr>\r\n<td colspan=\"2\" width=\"115\"><strong>Informations Compl\u00e9mentaires<\/strong><\/td>\r\n<td width=\"525\">Vous pouvez consulter des informations compl\u00e9mentaires et d\u00e9taill\u00e9es sur la protection des donn\u00e9es sur notre site internet : andreusolar.com<\/td>\r\n<\/tr>\r\n<\/tbody>\r\n<\/table>\r\n<\/div>\r\n<div id=\"02cf3v210\" style=\"padding: 100px 0px;\">\r\n<table style=\"width: 100%;\">\r\n<tbody>\r\n<tr>\r\n<td width=\"38\"><strong>2.3<\/strong><\/td>\r\n<td colspan=\"2\" width=\"602\"><strong>Formulaire 3 \u2013 NEWSLETTER<\/strong><\/td>\r\n<\/tr>\r\n<tr>\r\n<td colspan=\"3\" width=\"640\"><strong>Protection des Donn\u00e9es RGPDUE 2016\/679 \u2013 LOPDGDD 3\/2018<\/strong>\u00a0\u00a0\u00a0\u00a0\u00a0\u00a0\u00a0\u00a0\u00a0\u00a0\u00a0\u00a0\u00a0\u00a0\u00a0\u00a0\u00a0\u00a0\u00a0\u00a0\u00a0\u00a0\u00a0\u00a0\u00a0\u00a0\u00a0\u00a0\u00a0\u00a0\u00a0\u00a0\u00a0\u00a0\u00a0\u00a0 \u00a0\u00a0\u00a0\u00a0\u00a0\u00a0\u00a0\u00a0\u00a0\u00a0\u00a0\u00a0<strong>Ver.<\/strong><em><strong>\u00a021.0<\/strong><\/em><\/td>\r\n<\/tr>\r\n<tr>\r\n<td colspan=\"2\" width=\"115\"><strong>responsable<\/strong><\/td>\r\n<td width=\"525\"><strong>ANDREU INDUSTRIAL MAINTENANCE, SL<\/strong><\/td>\r\n<\/tr>\r\n<tr>\r\n<td colspan=\"2\" width=\"115\"><strong>but<\/strong>\r\n\r\n<strong>\u00a0<\/strong><\/td>\r\n<td width=\"525\">L&#039;envoi p\u00e9riodique d&#039;informations\/newsletters sur des nouveaut\u00e9s, des produits et\/ou des services susceptibles de vous int\u00e9resser et\/ou de privil\u00e9gier par des moyens \u00e9lectroniques actuels ou futurs, \u00e0 condition que vous nous autorisez \u00e0 les traiter.<\/td>\r\n<\/tr>\r\n<tr>\r\n<td colspan=\"2\" width=\"115\"><strong>L\u00e9gitimation<\/strong>\r\n\r\n<strong>\u00a0<\/strong><\/td>\r\n<td width=\"525\">Int\u00e9r\u00eat l\u00e9gitime du traitement par le responsable pour r\u00e9pondre \u00e0 votre demande de recevoir des informations mises \u00e0 jour et d&#039;autres nouvelles.<\/td>\r\n<\/tr>\r\n<tr>\r\n<td colspan=\"2\" width=\"115\"><strong>Destinataires<\/strong><\/td>\r\n<td width=\"525\">Les donn\u00e9es ne seront pas transf\u00e9r\u00e9es \u00e0 des tiers, sauf si la loi l&#039;exige.<\/td>\r\n<\/tr>\r\n<tr>\r\n<td colspan=\"2\" width=\"115\"><strong>droits<\/strong><\/td>\r\n<td width=\"525\">Acc\u00e9der, rectifier et supprimer les donn\u00e9es, ainsi que d&#039;autres droits comme expliqu\u00e9 dans les informations compl\u00e9mentaires.<\/td>\r\n<\/tr>\r\n<tr>\r\n<td colspan=\"2\" width=\"115\"><strong>Informations Compl\u00e9mentaires<\/strong><\/td>\r\n<td width=\"525\">Vous pouvez consulter des informations compl\u00e9mentaires et d\u00e9taill\u00e9es sur la protection des donn\u00e9es sur notre site internet : andreusolar.com<\/td>\r\n<\/tr>\r\n<\/tbody>\r\n<\/table>\r\n<\/div>\t\t\t\t\t\t\t\t<\/div>\n\t\t\t\t<\/div>\n\t\t\t\t\t<\/div>\n\t\t<\/div>\n\t\t\t\t\t<\/div>\n\t\t<\/section>\n\t\t\t\t<\/div>","protected":false},"excerpt":{"rendered":"<p>clauses 2.1 Formulaire 1 \u2013 CONTACT Protection des donn\u00e9es RGPDUE 2016\/679 \u2013 LOPDGDD 3\/2018 Ver. 21.0 Responsable ANDREU MANTENIMENT INDUSTRIAL, SL Finalit\u00e9 Collecte et traitement de vos donn\u00e9es pour r\u00e9pondre \u00e0 vos questions et vous fournir p\u00e9riodiquement des informations sur nos produits et services susceptibles de vous int\u00e9resser et\/ou de vous pr\u00e9f\u00e9rer par voie \u00e9lectronique\u2026<\/p>","protected":false},"author":1,"featured_media":8236,"parent":0,"menu_order":0,"comment_status":"closed","ping_status":"closed","template":"","meta":{"_acf_changed":false,"inline_featured_image":false,"footnotes":""},"class_list":{"0":"post-10521","1":"page","2":"type-page","3":"status-publish","4":"has-post-thumbnail","5":"hentry","6":"nt-post-class","7":"","8":"masonry-item","9":"col-lg-6","13":"excerpt-none"},"acf":[],"_links":{"self":[{"href":"https:\/\/andreusolar.com\/fr\/wp-json\/wp\/v2\/pages\/10521","targetHints":{"allow":["GET"]}}],"collection":[{"href":"https:\/\/andreusolar.com\/fr\/wp-json\/wp\/v2\/pages"}],"about":[{"href":"https:\/\/andreusolar.com\/fr\/wp-json\/wp\/v2\/types\/page"}],"author":[{"embeddable":true,"href":"https:\/\/andreusolar.com\/fr\/wp-json\/wp\/v2\/users\/1"}],"replies":[{"embeddable":true,"href":"https:\/\/andreusolar.com\/fr\/wp-json\/wp\/v2\/comments?post=10521"}],"version-history":[{"count":0,"href":"https:\/\/andreusolar.com\/fr\/wp-json\/wp\/v2\/pages\/10521\/revisions"}],"wp:featuredmedia":[{"embeddable":true,"href":"https:\/\/andreusolar.com\/fr\/wp-json\/wp\/v2\/media\/8236"}],"wp:attachment":[{"href":"https:\/\/andreusolar.com\/fr\/wp-json\/wp\/v2\/media?parent=10521"}],"curies":[{"name":"wp","href":"https:\/\/api.w.org\/{rel}","templated":true}]}}