{"id":10541,"date":"2021-07-09T09:50:38","date_gmt":"2021-07-09T07:50:38","guid":{"rendered":"https:\/\/andreusolar.com\/?page_id=10541"},"modified":"2021-07-16T10:07:29","modified_gmt":"2021-07-16T08:07:29","slug":"avis-legal","status":"publish","type":"page","link":"https:\/\/andreusolar.com\/fr\/avis-legal\/","title":{"rendered":"Mentions l\u00e9gales"},"content":{"rendered":"\t\t<div data-elementor-type=\"wp-page\" data-elementor-id=\"10541\" class=\"elementor elementor-10541\">\n\t\t\t\t\t\t<section class=\"elementor-section elementor-top-section elementor-element elementor-element-55353c9e elementor-section-boxed elementor-section-height-default elementor-section-height-default\" data-id=\"55353c9e\" data-element_type=\"section\" data-e-type=\"section\" data-settings=\"{&quot;background_background&quot;:&quot;classic&quot;}\">\n\t\t\t\t\t\t<div class=\"elementor-container elementor-column-gap-default\">\n\t\t\t\t\t<div class=\"elementor-column elementor-col-100 elementor-top-column elementor-element elementor-element-63e10f8b\" data-id=\"63e10f8b\" data-element_type=\"column\" data-e-type=\"column\">\n\t\t\t<div class=\"elementor-widget-wrap elementor-element-populated\">\n\t\t\t\t\t\t<div class=\"elementor-element elementor-element-3644253b elementor-widget elementor-widget-r-energy-section-heading\" data-id=\"3644253b\" data-element_type=\"widget\" data-e-type=\"widget\" data-widget_type=\"r-energy-section-heading.default\">\n\t\t\t\t<div class=\"elementor-widget-container\">\n\t\t\t\t\t<div class=\"heading primary-heading text-left\"><h3 class=\"title\">Andreu Solar<\/h3><h1 class=\"subtitle\">Av\u00eds legal<\/h1><\/div>\t\t\t\t<\/div>\n\t\t\t\t<\/div>\n\t\t\t\t<div class=\"elementor-element elementor-element-6df6117 elementor-widget elementor-widget-html\" data-id=\"6df6117\" data-element_type=\"widget\" data-e-type=\"widget\" data-widget_type=\"html.default\">\n\t\t\t\t<div class=\"elementor-widget-container\">\n\t\t\t\t\t<style>\n    h1{\n        color:white!important;\n    }\n<\/style>\n\n<h2 style=\"display:none;\"><b>avis legal<\/b><\/h2>\t\t\t\t<\/div>\n\t\t\t\t<\/div>\n\t\t\t\t\t<\/div>\n\t\t<\/div>\n\t\t\t\t\t<\/div>\n\t\t<\/section>\n\t\t\t\t<section class=\"elementor-section elementor-top-section elementor-element elementor-element-c3cef56 elementor-section-boxed elementor-section-height-default elementor-section-height-default\" data-id=\"c3cef56\" data-element_type=\"section\" data-e-type=\"section\">\n\t\t\t\t\t\t<div class=\"elementor-container elementor-column-gap-default\">\n\t\t\t\t\t<div class=\"elementor-column elementor-col-100 elementor-top-column elementor-element elementor-element-3760f1f9\" data-id=\"3760f1f9\" data-element_type=\"column\" data-e-type=\"column\">\n\t\t\t<div class=\"elementor-widget-wrap elementor-element-populated\">\n\t\t\t\t\t\t<div class=\"elementor-element elementor-element-101e73f elementor-widget elementor-widget-spacer\" data-id=\"101e73f\" data-element_type=\"widget\" data-e-type=\"widget\" data-widget_type=\"spacer.default\">\n\t\t\t\t<div class=\"elementor-widget-container\">\n\t\t\t\t\t\t\t<div class=\"elementor-spacer\">\n\t\t\t<div class=\"elementor-spacer-inner\"><\/div>\n\t\t<\/div>\n\t\t\t\t\t\t<\/div>\n\t\t\t\t<\/div>\n\t\t\t\t<div class=\"elementor-element elementor-element-7ad17656 elementor-widget elementor-widget-text-editor\" data-id=\"7ad17656\" data-element_type=\"widget\" data-e-type=\"widget\" data-widget_type=\"text-editor.default\">\n\t\t\t\t<div class=\"elementor-widget-container\">\n\t\t\t\t\t\t\t\t\t<h3><strong>DADES IDENTIFICATIVES DEL PRESTADOR DE SERVEIS DE LA SOCIETAT DE LA INFORMACI\u00d3<\/strong><\/h3><p>De conformitat amb l\u2019article 10 de la <strong>Llei 34\/2002<\/strong>, de 11 de juliol, de \u201c<strong>Servicios de la Sociedad de la Informaci\u00f3n y Comercio Electr\u00f3nico (LSSI)\u201d<\/strong>, posem al seu coneixement la seg\u00fcent informaci\u00f3:<\/p><p><strong>ANDREU MANTENIMENT INDUSTRIAL, S.L., [<\/strong>d\u2019ara endavant<strong> ANDREU SOLAR], <\/strong>\u00e9s el titular del portal Web\u00a0 <strong>andreusolar.com<\/strong>, que actua exclusivament com a gestora dels continguts del present portal Web, domiciliada a: \u00a0CTRA. PLA DE STA. MARIA 253, NAU C1 &#8211; 43800 VALLS, NIF B43752179, Inscrita al Registre Mercantil de Tarragona Tom 1948, Foli 76, Full T28218, Inscripci\u00f3 2\u00aa, \u00e9s l\u2019encarregada de la gesti\u00f3 i funcionament del lloc Web esmentat anteriorment.<br \/>Si vol contactar amb nosaltres, pot fer-ho a trav\u00e9s del correu electr\u00f2nic <a href=\"mailto:hola@andreusolar.com\" target=\"_blank\" rel=\"noopener\"><strong>hola@andreusolar.com<\/strong><\/a><\/p><p><strong>INTRODUCCI\u00d3<\/strong><\/p><p>El present Av\u00eds legal regula l\u00b4\u00fas d\u2019aquesta p\u00e0gina web. L\u2019acc\u00e9s a la web \u00e9s gratu\u00eft excepte en el relatiu al cost de la connexi\u00f3 a trav\u00e9s de la xarxa de telecomunicacions subministrada pel prove\u00efdor d&#8217;acc\u00e9s contractat pels usuaris.<\/p><p><strong>ACCEPTACI\u00d3<\/strong><\/p><p>La utilitzaci\u00f3 del Lloc Web atribueix la condici\u00f3 d&#8217;Usuari, i implica l&#8217;acceptaci\u00f3 plena i sense reserves de totes i cadascuna de les disposicions incloses en aquest <strong>Av\u00eds Legal,<\/strong> en la versi\u00f3 publicada per <strong>ANDREU SOLAR<\/strong><strong>, <\/strong>en el mateix moment en qu\u00e8 l&#8217;Usuari accedeixi a la Web. En conseq\u00fc\u00e8ncia, l&#8217;usuari ha de llegir atentament el present Av\u00eds Legal en cadascuna de les ocasions en qu\u00e8 es proposi utilitzar la web, ja que pot sofrir modificacions.<\/p><h3>I<strong>NFORMACI\u00d3 SOBRE ELS VINCLES \u201cLINKS\u201d<\/strong><\/h3><p><strong>ANDREU SOLAR<\/strong> no es fa responsable de les webs no pr\u00f2pies o de tercers, a les quals es pot accedir mitjan\u00e7ant vincles \u201clinks\u201d o de qualsevol contingut posat a disposici\u00f3 per tercers.<br \/>Qualsevol \u00fas d&#8217;un vincle o acc\u00e9s a una Web no pr\u00f2pia \u00e9s realitzat per voluntat i risc exclusiu de l&#8217;usuari i <strong>ANDREU SOLAR<\/strong> no recomana ni garanteix cap informaci\u00f3 obtinguda a trav\u00e9s d&#8217;un vincle ali\u00e8 a la Web de <strong>andreusolar.com<\/strong><strong>,<\/strong> ni es responsabilitza de cap p\u00e8rdua, reclamaci\u00f3 o perjudici derivada de l&#8217;\u00fas o mal \u00fas d&#8217;un vincle, o de la informaci\u00f3 obtinguda a trav\u00e9s d&#8217;ell, incloent altres vincles o webs, de la interrupci\u00f3 en el servei o en l&#8217;acc\u00e9s, o de l&#8217;intent d\u2019\u00fas o mal \u00fas d\u2019un\u00a0 vincle, tant en connectar al lloc Web <strong>andreusolar.com<\/strong> com a l\u2019accedir a la informaci\u00f3 d&#8217;altres webs des del mateix lloc Web.<\/p><h3><strong>LIMITACI\u00d3 DE GARANTIES I RESPONSABILITATS <\/strong><\/h3><p><strong>ANDREU SOLAR<\/strong> fa tot el possible per evitar cap error en relaci\u00f3 amb els continguts d\u2019aquesta p\u00e0gina web.<\/p><p><strong>ANDREU SOLAR<\/strong> adopta les mesures i els mecanismes necessaris per garantir la seguretat de les comunicacions i les transaccions que es produeixin mitjan\u00e7ant el portal web, segons l\u2019estat de la tecnologia i d\u2019acord amb la tipologia de les transaccions i els serveis que es posen a disposici\u00f3 dels usuaris.<\/p><p><strong>ANDREU SOLAR<\/strong> no ser\u00e0 responsable dels danys que es puguin ocasionar al sistema inform\u00e0tic dels usuaris per qualsevol causa aliena o no imputable a aquest lloc web, inclosos, sense limitacions, els danys ocasionats a causa d\u2019interfer\u00e8ncies, omissions, interrupcions, virus inform\u00e0tics, avaries telef\u00f2niques o desconnexions en el funcionament operatiu del sistema electr\u00f2nic. Aix\u00ed mateix, <strong>ANDREU SOLAR<\/strong> tampoc respondr\u00e0 de cap interrupci\u00f3, error o fallada que es produeixi en el sistema, a causa d\u2019un mal funcionament de la xarxa o dels servidors que hi estan connectats.<\/p><h3><strong>PROPIETAT INTEL\u00b7LECTUAL I INDUSTRIAL, MARQUES REGISTRADES<\/strong><\/h3><p>L&#8217;estructura, disseny i forma de presentaci\u00f3 dels elements (gr\u00e0fics, imatges, fitxers logotips, combinacions de colors i qualsevol element susceptible de protecci\u00f3) estan protegits per drets de propietat intel\u00b7lectual, titularitat de <strong>ANDREU SOLAR.<\/strong><\/p><p>Estan prohibides la reproducci\u00f3, la transformaci\u00f3, distribuci\u00f3, comunicaci\u00f3 p\u00fablica, posada a la disposici\u00f3 del p\u00fablic i, en general qualsevol altra forma d&#8217;explotaci\u00f3, parcial o total dels elements referits en l&#8217;apartat anterior. Aquests actes d&#8217;explotaci\u00f3 nom\u00e9s podran ser realitzats en virtut d&#8217;autoritzaci\u00f3 expressa de <strong>ANDREU SOLAR<\/strong> i que, en tot cas, hauran de fer refer\u00e8ncia expl\u00edcita a la titularitat dels citats drets de propietat intel\u00b7lectual de <strong>ANDREU SOLAR.<\/strong><\/p><p>Nom\u00e9s est\u00e0 autoritzat per a l&#8217;\u00fas privat del material documental elaborat per <strong>ANDREU SOLAR. <\/strong>En cap cas, podr\u00e0 suprimir, alterar, eludir o manipular qualssevol dispositius de protecci\u00f3 o sistemes de seguretat que puguin estar instal\u00b7lats.<\/p><p>Excepte autoritzaci\u00f3 expressa de <strong>ANDREU SOLAR<\/strong><strong>,<\/strong> no es permet l&#8217;enlla\u00e7 a \u201cp\u00e0gines finals\u201d, el \u201cframe\u201d i qualsevol altra manipulaci\u00f3 similar. Els enlla\u00e7os han de ser sempre a la p\u00e0gina principal o \u201chome page\u201d <strong>andreusolar.com<\/strong><\/p><p>Els signes distintius (marques, noms comercials) de <strong>ANDREU SOLAR,<\/strong> estan protegits per drets de propietat industrial, quedant prohibida la utilitzaci\u00f3 o manipulaci\u00f3 de qualssevol d&#8217;aquests, excepte autoritzaci\u00f3 expressa i per escrit de<strong> ANDREU SOLAR.<\/strong><\/p><h3><strong>NO COMPARTEIXI LA SEVA INFORMACI\u00d3 PERSONAL<\/strong><\/h3><p><strong>ANDREU SOLAR<\/strong> mai li enviar\u00e0 un correu electr\u00f2nic ni li trucar\u00e0 per tel\u00e8fon per demanar-li que reveli o verifiqui la contrasenya del seu compte a <strong>ANDREU SOLAR, <\/strong>ni els seus n\u00fameros de compte bancari o targeta de cr\u00e8dit, ni cap altre tipus d&#8217;informaci\u00f3 personal. En cas que alg\u00fa es posi en contacte amb vost\u00e8 o de rebre un correu electr\u00f2nic no sol\u00b7licitat que li demani alguna de les dades anteriors, no respongui i comuniqui-ho immediatament a\u00a0 <strong>ANDREU SOLAR<\/strong><strong>, <\/strong>perqu\u00e8 procedeixin a la investigaci\u00f3 de l&#8217;incident.<\/p><h3><strong>IDENTIFIQUI ELS CORREUS ELECTR\u00d2NICS FALSOS (intents de &#8216;spoofing&#8217; o &#8216;phishing&#8217;)<\/strong><\/h3><p>Ignori tot correu electr\u00f2nic que rebi en el qual se li sol\u00b7liciti informaci\u00f3 personal o que li redirigeixi a una altra p\u00e0gina web que no sigui propietat de <strong>ANDREU SOLAR<\/strong><strong>, <\/strong>o de societats del seu grup, o en el qual se li demani que pagui en un mitj\u00e0 diferent de l\u2019autoritzat per <strong>ANDREU SOLAR<\/strong><strong>, <\/strong>ja que podria ser un intent de suplantaci\u00f3 de personalitat (&#8216;spoofing&#8217; o &#8216;phishing&#8217;), i haur\u00e0 de considerar-ho fraudulent.<\/p><p><strong>ANDREU SOLAR<\/strong> utilitza el domini <strong>\u201candreusolar.com<\/strong><strong>\u201d\u00a0 <\/strong>per els seus correus electr\u00f2nics. Si vost\u00e8 rep un correu electr\u00f2nic amb un format diferent, per exemple: andreusolar.security@hotmail.com, pot estar segur que \u00e9s un correu fals. Alguns correus electr\u00f2nics que practiquen phishing contenen enlla\u00e7os a llocs web que utilitzen la paraula \u201c<strong>ANDREU SOLAR\u201d<\/strong> a la seva URL, per\u00f2 que li dirigiran a un lloc web completament diferent. Si despla\u00e7a el ratol\u00ed per sobre de l&#8217;enlla\u00e7, podr\u00e0 veure la URL associada, que probablement tindr\u00e0 un format diferent a les enlla\u00e7ades en els llocs web aut\u00e8ntics de <strong>ANDREU SOLAR.<\/strong><\/p><p>Si aix\u00ed i tot vost\u00e8 fa clic en un correu electr\u00f2nic que practica phishing i \u00e9s redirigit a una p\u00e0gina que s&#8217;assembli a &#8220;Al seu Compte&#8221; o a qualsevol que li demani verificar o modificar la seva informaci\u00f3 personal, ignori-la i consideri-la com a fraudulenta.<\/p><h3><strong>COMUNIQUI ELS INTENTS DE &#8216;phishing&#8217;<\/strong><\/h3><p>Envi\u00ef un correu electr\u00f2nic a l&#8217;adre\u00e7a <a href=\"mailto:hola@andreusolar.com\" target=\"_blank\" rel=\"noopener\"><strong>hola@andreusolar.com <\/strong><\/a>i adjunti el correu electr\u00f2nic que considera fals. En adjuntar-nos aquest correu electr\u00f2nic fraudulent, ens est\u00e0 ajudant a localitzar el seu origen.<br \/>Si no pot adjuntar el correu electr\u00f2nic fals, reexpedeixi-ho a <strong><a href=\"mailto:hola@andreusolar.com\" target=\"_blank\" rel=\"noopener\">hola@andreusolar.com<\/a>\u00a0 <\/strong>i inclogui la major quantitat d&#8217;informaci\u00f3 possible sobre el mateix.<\/p>\t\t\t\t\t\t\t\t<\/div>\n\t\t\t\t<\/div>\n\t\t\t\t\t<\/div>\n\t\t<\/div>\n\t\t\t\t\t<\/div>\n\t\t<\/section>\n\t\t\t\t<\/div>\n\t\t","protected":false},"excerpt":{"rendered":"<p>DONN\u00c9ES D&#039;IDENTIFICATION DU FOURNISSEUR DE SERVICES DE LA SOCI\u00c9T\u00c9 DE L&#039;INFORMATION Conform\u00e9ment \u00e0 l&#039;article 10 de la loi 34\/2002 du 11 juillet sur les \u00ab Services de la soci\u00e9t\u00e9 de l&#039;information et du commerce \u00e9lectronique (LSSI) \u00bb, nous portons \u00e0 votre connaissance les informations suivantes : ANDREU MANTENIMENT INDUSTRIAL, SL, [ci-apr\u00e8s\u2026<\/p>","protected":false},"author":1,"featured_media":0,"parent":0,"menu_order":0,"comment_status":"closed","ping_status":"open","template":"r-energy-elementor-page.php","meta":{"_acf_changed":false,"inline_featured_image":false,"footnotes":""},"class_list":{"0":"post-10541","1":"page","2":"type-page","3":"status-publish","4":"hentry","5":"nt-post-class","6":"","7":"masonry-item","8":"col-lg-6","10":"thumb-none","12":"excerpt-none"},"acf":[],"_links":{"self":[{"href":"https:\/\/andreusolar.com\/fr\/wp-json\/wp\/v2\/pages\/10541","targetHints":{"allow":["GET"]}}],"collection":[{"href":"https:\/\/andreusolar.com\/fr\/wp-json\/wp\/v2\/pages"}],"about":[{"href":"https:\/\/andreusolar.com\/fr\/wp-json\/wp\/v2\/types\/page"}],"author":[{"embeddable":true,"href":"https:\/\/andreusolar.com\/fr\/wp-json\/wp\/v2\/users\/1"}],"replies":[{"embeddable":true,"href":"https:\/\/andreusolar.com\/fr\/wp-json\/wp\/v2\/comments?post=10541"}],"version-history":[{"count":0,"href":"https:\/\/andreusolar.com\/fr\/wp-json\/wp\/v2\/pages\/10541\/revisions"}],"wp:attachment":[{"href":"https:\/\/andreusolar.com\/fr\/wp-json\/wp\/v2\/media?parent=10541"}],"curies":[{"name":"wp","href":"https:\/\/api.w.org\/{rel}","templated":true}]}}