{"id":10884,"date":"2021-07-22T11:11:00","date_gmt":"2021-07-22T09:11:00","guid":{"rendered":"https:\/\/andreusolar.com\/?page_id=10884"},"modified":"2024-07-26T09:01:32","modified_gmt":"2024-07-26T07:01:32","slug":"bases-legals-oferta-firagost-2","status":"publish","type":"page","link":"https:\/\/andreusolar.com\/fr\/bases-legals-oferta-firagost-2\/","title":{"rendered":"Bases l\u00e9gales Offre Firagost"},"content":{"rendered":"<div data-elementor-type=\"wp-page\" data-elementor-id=\"10884\" class=\"elementor elementor-10884\">\n\t\t\t\t\t\t<section class=\"elementor-section elementor-top-section elementor-element elementor-element-5a4dce5f elementor-section-boxed elementor-section-height-default elementor-section-height-default\" data-id=\"5a4dce5f\" data-element_type=\"section\" data-e-type=\"section\">\n\t\t\t\t\t\t<div class=\"elementor-container elementor-column-gap-default\">\n\t\t\t\t\t<div class=\"elementor-column elementor-col-100 elementor-top-column elementor-element elementor-element-b9c2f7d\" data-id=\"b9c2f7d\" data-element_type=\"column\" data-e-type=\"column\">\n\t\t\t<div class=\"elementor-widget-wrap elementor-element-populated\">\n\t\t\t\t\t\t<div class=\"elementor-element elementor-element-45b56567 elementor-widget elementor-widget-text-editor\" data-id=\"45b56567\" data-element_type=\"widget\" data-e-type=\"widget\" data-widget_type=\"text-editor.default\">\n\t\t\t\t<div class=\"elementor-widget-container\">\n\t\t\t\t\t\t\t\t\t<p class=\"p1\">1.- SOCI\u00c9T\u00c9 ORGANISATRICE :<\/p><p class=\"p1\"><b>ANDREU INDUSTRIAL MAINTENANCE, SL<\/b>, entit\u00e9 espagnole, munie du NIF B43752179, avec adresse Ctra. Pla de Santa Maria, 253, Nau C1 \u2013 43800 VALLS, Tarragone aux fins de notifications, convocations et localisations \u00e0 l&#039;adresse postale, ci-apr\u00e8s \u00ab ORGANISATEUR \u00bb, organise un concours appel\u00e9 \u00ab SORTEIG FIRAGOST \u00bb (ci-apr\u00e8s le \u00ab Concours \u00bb) afin r\u00e9aliser une action commerciale li\u00e9e au s\u00e9jour, sous r\u00e9serve de ces bases juridiques (ci-apr\u00e8s les \u00ab Bases \u00bb).<\/p><p class=\"p1\">2.- OBJECTIF, M\u00c9CANIQUE ET EXIGENCES DU CONCOURS\u00a0:<\/p><ul class=\"ul1\"><li class=\"li2\"><span class=\"s1\">Les personnes qui demandent une \u00e9tude personnalis\u00e9e via le site https:\/\/andreusolar.com\/formulari-estudi-personalitzat\/ ou en personne les 6 et 7 ao\u00fbt 2024 au stand Andreu Solar \u00e0 Firagost de Valls rempliront un questionnaire ou un ticket. , respectivement, avec leurs donn\u00e9es. Le questionnaire ou le ticket deviendra votre participation au concours.<\/span><\/li><\/ul><p class=\"p1\">CONDITIONS pour participer au Concours, DUR\u00c9E et PORT\u00c9E.<\/p><p class=\"p1\">La participation est gratuite, volontaire et limit\u00e9e \u00e0 ceux qui remplissent toutes les conditions \u00e9num\u00e9r\u00e9es ci-dessous :<\/p><ul class=\"ul1\"><li class=\"li2\"><span class=\"s1\">Le Concours d\u00e9bute le 6\u00a0ao\u00fbt\u00a02024 et se termine le 7\u00a0ao\u00fbt\u00a02024 \u00e0 22h00.<\/span><\/li><li class=\"li2\"><span class=\"s1\">Demandez une \u00e9tude personnalis\u00e9e via le site https:\/\/andreusolar.com\/formulari-estudi-personalitzat\/ ou en personne les 6 et 7 ao\u00fbt 2024 au stand Andreu Solar dans la zone de promenade de la gare de Valls.<\/span><\/li><li class=\"li2\"><span class=\"s1\">Etre une personne physique<\/span><\/li><li class=\"li2\"><span class=\"s1\">Plus de 18 ans.<\/span><\/li><li class=\"li2\"><span class=\"s1\">Il n&#039;est valable que pour la Catalogne.<\/span><\/li><\/ul><p class=\"p1\">CONDITIONS pour gagner le concours\u00a0:<\/p><p class=\"p1\">Avoir pleinement satisfait aux exigences \u00e9tablies dans la section imm\u00e9diatement pr\u00e9c\u00e9dente. Le simple non-respect, en tout ou partie, de l\u2019une des conditions pr\u00e9vues ci-dessus entra\u00eenera la disqualification automatique de la participation au Concours.<\/p><p class=\"p1\">3.- M\u00c9CANIQUE DE D\u00c9SIGNATION DE LA PERSONNE GAGNANTE\u00a0:<\/p><p class=\"p1\">Une fois la dur\u00e9e du Concours termin\u00e9e dans les pr\u00e9sentes Conditions, toutes les participations valides seront collect\u00e9es par l&#039;ORGANISATEUR et seront incluses dans le tirage au sort. La personne gagnante sera le r\u00e9sultat d&#039;un tirage au sort effectu\u00e9 parmi tous les participants ayant appliqu\u00e9 la personnalisation. \u00e9tude, en respectant toutes les exigences \u00e9tablies dans les pr\u00e9sentes Conditions, \u00e0 la discr\u00e9tion de l&#039;ORGANISATEUR.<\/p><p class=\"p1\">Le tirage au sort sera effectu\u00e9 manuellement, d&#039;une main innocente \u00e0 partir des tickets remplis par les participants. 1 gagnant et 1 suppl\u00e9ant seront choisis corr\u00e9lativement.<br \/>Le prix sera d\u00e9cern\u00e9 au participant choisi lors du tirage au sort parmi tous les participants et qui est d\u00e9clar\u00e9 gagnant, selon les conditions \u00e9tablies dans les pr\u00e9sentes Conditions.<\/p><p class=\"p1\">4.- V\u00c9RIFICATION DES CONDITIONS ET D\u00c9CLARATION DES GAGNANTS\u00a0:<\/p><p class=\"p1\">Une fois la personne gagnante choisie, l&#039;ORGANISATEUR v\u00e9rifiera que celle qui aura \u00e9t\u00e9 choisie r\u00e9pond \u00e0 toutes les exigences \u00e9tablies dans le pr\u00e9sent r\u00e8glement et qu&#039;elle peut \u00eatre d\u00e9clar\u00e9e gagnante.<\/p><p class=\"p1\">Pour cela, l&#039;ORGANISATEUR contactera le gagnant pr\u00e9sum\u00e9 par t\u00e9l\u00e9phone ou par e-mail. La personne participante devra r\u00e9pondre \u00e0 ce message dans un d\u00e9lai maximum de 48 heures \u00e0 compter du moment o\u00f9 la communication aura \u00e9t\u00e9 effectu\u00e9e par l&#039;ORGANISATEUR : (i) conformit\u00e9 et acceptation expresse du prix ou (ii) \u00e9galement renonciation expresse \u00e0 celui-ci (sous condition ou les acceptations limit\u00e9es ne seront pas valides).<\/p><p class=\"p1\">Si le gagnant pr\u00e9sum\u00e9 renonce au prix, l&#039;ORGANISATEUR proc\u00e9dera \u00e0 communiquer dans les m\u00eames termes que ceux d\u00e9crits ci-dessus avec la personne rempla\u00e7ante afin de proposer et dans son cas (s&#039;il ne renonce pas \u00e0 son tour) suivre les \u00e9tapes de d\u00e9claration de la personne gagnante qui a \u00e9t\u00e9 indiqu\u00e9e.<\/p><p class=\"p1\">De m\u00eame, dans le cas o\u00f9 l&#039;une des personnes choisies comme gagnant pr\u00e9sum\u00e9 ou rempla\u00e7ant ne r\u00e9pondrait pas au message dans le d\u00e9lai indiqu\u00e9 ci-dessus ou que l&#039;ORGANISATEUR estime qu&#039;elle ne remplit pas les conditions pour \u00eatre d\u00e9clar\u00e9 gagnant, il contactera le prochain rempla\u00e7ant. dans le but de proposer et dans son cas (s&#039;il ne d\u00e9missionne pas) suivre les \u00e9tapes de d\u00e9claration de la personne gagnante qui ont \u00e9t\u00e9 indiqu\u00e9es.<\/p><p class=\"p1\">Ayant atteint le nombre maximum de rempla\u00e7ants, consid\u00e9rant que plusieurs d&#039;entre eux ou la totalit\u00e9 d&#039;entre eux ont d\u00e9missionn\u00e9 ou qu&#039;ils ne remplissent pas les conditions fix\u00e9es dans le pr\u00e9sent R\u00e8glement, l&#039;ORGANISATEUR pourra (i) attribuer le prix uniquement au gagnant valable r\u00e9sultant ou (ii) ) ) d\u00e9clarer le Concours nul.<\/p><p class=\"p1\">Dans le cas o\u00f9 l&#039;ORGANISATEUR le jugerait opportun, les noms des gagnants pourront \u00eatre publi\u00e9s par l&#039;ORGANISATEUR sur ses diff\u00e9rentes plateformes num\u00e9riques telles que son blog (<a href=\"https:\/\/andreusolar.com\/fr\/blog\/\"><span class=\"s2\">https:\/\/andreusolar.com\/blog\/<\/span><\/a>) ou leur page sur Facebook et\/ou Instagram, conform\u00e9ment \u00e0 ce qui est \u00e9tabli dans les pr\u00e9sentes Conditions.<\/p><p class=\"p1\">5.- PRIX\u00a0:<\/p><p class=\"p1\">Un syst\u00e8me d&#039;osmose inverse Klinwass Beverly (ou similaire du m\u00eame prix ou avantages) ou une remise \u00e9quivalente sera tir\u00e9 au sort parmi tous les participants.<br \/>Le Prix ne pourra en aucun cas faire l&#039;objet de modification, d&#039;alt\u00e9ration ou de compensation \u00e0 la demande de l&#039;un des gagnants.<\/p><p class=\"p1\">6.- AUTRES R\u00c8GLES D&#039;UTILISATION:<\/p><p class=\"p1\">L&#039;ORGANISATEUR se d\u00e9gage de toute responsabilit\u00e9 en cas d&#039;erreur dans les donn\u00e9es fournies par les participants eux-m\u00eames qui emp\u00eacherait leur identification.<\/p><p class=\"p1\">De m\u00eame, l&#039;ORGANISATEUR n&#039;est pas responsable des \u00e9ventuelles pertes, d\u00e9t\u00e9riorations, vols ou toute autre circonstance imputable \u00e0 la soci\u00e9t\u00e9 de messagerie pouvant affecter la livraison des prix.<\/p><p class=\"p1\">L&#039;ORGANISATEUR se r\u00e9serve le droit d&#039;engager des poursuites judiciaires contre ceux qui commettent tout type d&#039;acte susceptible d&#039;\u00eatre consid\u00e9r\u00e9 comme une manipulation ou une falsification du Concours.<\/p><p class=\"p1\">L&#039;ORGANISATEUR se r\u00e9serve le droit d&#039;apporter autant de modifications qu&#039;il juge b\u00e9n\u00e9fiques au Concours, lorsqu&#039;une cause ou des raisons de force majeure emp\u00eachent son ex\u00e9cution de la mani\u00e8re pr\u00e9vue dans le pr\u00e9sent R\u00e8glement.<\/p><p class=\"p1\">L&#039;ORGANISATEUR se r\u00e9serve le droit de reporter et\/ou de prolonger la dur\u00e9e du Concours, ainsi que le droit d&#039;interpr\u00e9ter le pr\u00e9sent R\u00e8glement.<\/p><p class=\"p1\">De m\u00eame, l&#039;ORGANISATEUR est exon\u00e9r\u00e9 de toute responsabilit\u00e9 si l&#039;un des cas mentionn\u00e9s se produit, ainsi que de toute responsabilit\u00e9 pour les dommages pouvant survenir lors de la jouissance du Prix.<\/p><p class=\"p1\">7.- ACCEPTATION DES BASES :<\/p><p class=\"p1\">La simple participation au Concours implique l&#039;acceptation du pr\u00e9sent R\u00e8glement, donc la manifestation dans le sens de non-acceptation de tout ou partie de celui-ci impliquera l&#039;exclusion de la personne participante et en cons\u00e9quence, l&#039;ORGANISATEUR sera lib\u00e9r\u00e9 de remplir l&#039;obligation contract\u00e9e avec cette personne participante.<\/p><p class=\"p1\">EN PARTICIPANT AU CONCOURS &quot;SORTEIG FIRAGOST&quot;, JE CONSULTE AVOIR LU ET ACCEPT\u00c9 CES BASES, LA POLITIQUE DE PROTECTION DES DONN\u00c9ES PERSONNELLES, LE DROIT \u00c0 LA VIE PRIV\u00c9E ET \u00c0 VOTRE PROPRE IMAGE<\/p>\t\t\t\t\t\t\t\t<\/div>\n\t\t\t\t<\/div>\n\t\t\t\t\t<\/div>\n\t\t<\/div>\n\t\t\t\t\t<\/div>\n\t\t<\/section>\n\t\t\t\t<\/div>","protected":false},"excerpt":{"rendered":"<p>1.- SOCI\u00c9T\u00c9 ORGANISATRICE : ANDREU MANTENIMENT INDUSTRIAL, SL, entit\u00e9 espagnole, titulaire du num\u00e9ro d&#039;identification fiscale (NIF) B43752179, domicili\u00e9e Ctra. Pla de Santa Maria, 253, Nau C1 \u2013 43800 VALLS, Tarragone, aux fins de notifications, convocations et assignations par voie postale, ci-apr\u00e8s \u00ab ORGANISATEUR \u00bb, organise un concours intitul\u00e9 \u00ab TIRAGE AU SORT FIRAGOST \u00bb (ci-apr\u00e8s le \u00ab Concours \u00bb) afin de r\u00e9aliser\u2026<\/p>","protected":false},"author":1,"featured_media":0,"parent":0,"menu_order":0,"comment_status":"closed","ping_status":"closed","template":"","meta":{"_acf_changed":false,"inline_featured_image":false,"footnotes":""},"class_list":{"0":"post-10884","1":"page","2":"type-page","3":"status-publish","4":"hentry","5":"nt-post-class","6":"","7":"masonry-item","8":"col-lg-6","10":"thumb-none","12":"excerpt-none"},"acf":[],"_links":{"self":[{"href":"https:\/\/andreusolar.com\/fr\/wp-json\/wp\/v2\/pages\/10884","targetHints":{"allow":["GET"]}}],"collection":[{"href":"https:\/\/andreusolar.com\/fr\/wp-json\/wp\/v2\/pages"}],"about":[{"href":"https:\/\/andreusolar.com\/fr\/wp-json\/wp\/v2\/types\/page"}],"author":[{"embeddable":true,"href":"https:\/\/andreusolar.com\/fr\/wp-json\/wp\/v2\/users\/1"}],"replies":[{"embeddable":true,"href":"https:\/\/andreusolar.com\/fr\/wp-json\/wp\/v2\/comments?post=10884"}],"version-history":[{"count":0,"href":"https:\/\/andreusolar.com\/fr\/wp-json\/wp\/v2\/pages\/10884\/revisions"}],"wp:attachment":[{"href":"https:\/\/andreusolar.com\/fr\/wp-json\/wp\/v2\/media?parent=10884"}],"curies":[{"name":"wp","href":"https:\/\/api.w.org\/{rel}","templated":true}]}}