{"id":10890,"date":"2021-07-22T11:03:33","date_gmt":"2021-07-22T09:03:33","guid":{"rendered":"https:\/\/andreusolar.com\/?page_id=10890"},"modified":"2022-06-20T11:58:52","modified_gmt":"2022-06-20T09:58:52","slug":"bases-legals-test-solar","status":"publish","type":"page","link":"https:\/\/andreusolar.com\/fr\/bases-legals-test-solar\/","title":{"rendered":"Base l\u00e9gale Test Solaire"},"content":{"rendered":"<p>&nbsp;<\/p>\n<p>1.- ENTIT\u00c9 ORGANISATRICE\u00a0:<\/p>\n<p><strong>ANDREU INDUSTRIAL MAINTENANCE, SL<\/strong>, entit\u00e9 espagnole, munie du NIF B43752179, domicili\u00e9e Crta. Pla de Santa Maria, 253, Nau C1 \u2013 43800 VALLS, Tarragone aux fins de notifications, convocations et localisations \u00e0 l&#039;adresse postale, ci-apr\u00e8s \u00ab ORGANISATEUR \u00bb, organise un concours appel\u00e9 \u00ab SORTEIG TEST SOLAR \u00bb (ci-apr\u00e8s le \u00ab Concours \u00bb) \u00e0 afin de r\u00e9aliser une action commerciale li\u00e9e au s\u00e9jour, sous r\u00e9serve des pr\u00e9sentes bases l\u00e9gales (ci-apr\u00e8s les \u00ab Bases \u00bb).<\/p>\n<p>&nbsp;<\/p>\n<p>2.- OBJECTIF, M\u00c9CANIQUE ET EXIGENCES DU CONCOURS\u00a0:<\/p>\n<p>CONDITIONS pour participer au Concours, DUR\u00c9E et PORT\u00c9E\u00a0:<\/p>\n<ul>\n<li>La participation est gratuite, volontaire et limit\u00e9e \u00e0 ceux qui remplissent toutes les conditions \u00e9num\u00e9r\u00e9es ci-dessous :<\/li>\n<li>Le concours commence le jour m\u00eame <strong>2 ao\u00fbt<\/strong><strong> de 2022 et se termine \u00e0 23h59 <\/strong><strong>le 31 ao\u00fbt<\/strong><strong> de 2022.<\/strong><\/li>\n<li>R\u00e9pondez au test Solaire (<a href=\"https:\/\/andreusolar.com\/fr\/t-solar\/\">https:\/\/andreusolar.com\/t-solar\/<\/a> ) et terminez le test en indiquant une adresse email correcte.<\/li>\n<li>Etre une personne physique<\/li>\n<li>Plus de 18 ans.<\/li>\n<li>Il n&#039;est valable que pour la Catalogne.<\/li>\n<\/ul>\n<p>&nbsp;<\/p>\n<p>3.- CONDITIONS pour pouvoir gagner le concours :<\/p>\n<p>Avoir pleinement satisfait aux exigences \u00e9tablies dans la section imm\u00e9diatement pr\u00e9c\u00e9dente. Le simple non-respect, en tout ou partie, de l\u2019une des conditions pr\u00e9vues ci-dessus entra\u00eenera la disqualification automatique de la participation au Concours.<\/p>\n<p>La m\u00eame personne ne peut pas gagner deux fois un concours Andreu Solar, par cons\u00e9quent les candidatures soumises ne peuvent pas avoir \u00e9t\u00e9 r\u00e9compens\u00e9es dans d&#039;autres concours, ni publi\u00e9es auparavant dans des m\u00e9dias personnels ou professionnels, y compris les e-mails.<\/p>\n<p>&nbsp;<\/p>\n<p>4.- M\u00c9CANIQUE DE D\u00c9SIGNATION DE LA PERSONNE GAGNANTE\u00a0:<\/p>\n<p>Une fois la dur\u00e9e du Concours termin\u00e9e dans les pr\u00e9sentes Conditions, toutes les participations valides seront collect\u00e9es par l&#039;ORGANISATEUR et seront incluses dans le tirage au sort.<\/p>\n<p>La personne gagnante sera le r\u00e9sultat d&#039;un tirage au sort effectu\u00e9 parmi toutes les personnes participantes qui auront comment\u00e9 et tagu\u00e9 dans la publication, en respectant toutes les exigences \u00e9tablies dans le pr\u00e9sent R\u00e8glement, \u00e0 la discr\u00e9tion de l&#039;ORGANISATEUR.<\/p>\n<p>Le tirage au sort sera effectu\u00e9 \u00e0 l&#039;aide d&#039;un programme informatique de s\u00e9lection al\u00e9atoire, au moyen de Cool Tabs, qui choisira corr\u00e9lativement 1 personne gagnante et 1 personne alternative.<\/p>\n<p>Le prix sera d\u00e9cern\u00e9 \u00e0 la personne participante choisie par tirage au sort parmi toutes les personnes participantes et qui est d\u00e9clar\u00e9e gagnante, selon les exigences \u00e9tablies au pr\u00e9sent r\u00e8glement.<\/p>\n<p>&nbsp;<\/p>\n<p>5.- V\u00c9RIFICATION DES CONDITIONS ET D\u00c9CLARATION DES GAGNANTS\u00a0:<\/p>\n<p>Une fois la personne gagnante choisie, l&#039;ORGANISATEUR v\u00e9rifiera que celle qui aura \u00e9t\u00e9 choisie r\u00e9pond \u00e0 toutes les exigences \u00e9tablies dans les pr\u00e9sentes Conditions et qu&#039;elle peut \u00eatre d\u00e9clar\u00e9e gagnante.<\/p>\n<p>Pour cela, l&#039;ORGANISATEUR contactera le gagnant pr\u00e9sum\u00e9 par email \u00e0 l&#039;adresse indiqu\u00e9e, l&#039;informant qu&#039;il est gagnant. La personne participante devra r\u00e9pondre \u00e0 ce message dans un d\u00e9lai maximum de 48 heures \u00e0 compter de l&#039;envoi de l&#039;e-mail : (i) conformit\u00e9 et acceptation expresse du prix ou (ii) renonciation \u00e9galement expresse \u00e0 celui-ci (les acceptations conditionnelles ou limit\u00e9es ne seront pas accept\u00e9es). \u00eatre valide), en r\u00e9pondant au m\u00eame email \u00e0 l&#039;ORGANISATEUR.<\/p>\n<p>Si le gagnant pr\u00e9sum\u00e9 renonce au prix, l&#039;ORGANISATEUR proc\u00e9dera \u00e0 communiquer dans les m\u00eames termes que ceux d\u00e9crits ci-dessus avec la premi\u00e8re personne suppl\u00e9ante afin de proposer et dans son cas (s&#039;il ne renonce pas \u00e0 son tour) suivre les \u00e9tapes de d\u00e9claration du personne gagnante qui a \u00e9t\u00e9 indiqu\u00e9e.<\/p>\n<p>De m\u00eame, dans le cas o\u00f9 l&#039;une des personnes choisies comme gagnant pr\u00e9sum\u00e9 ou suppl\u00e9ant ne r\u00e9pondrait pas au message dans le d\u00e9lai indiqu\u00e9 ci-dessus ou que la ENTIT\u00c9 ORGANISATRICE estime qu&#039;elle ne remplit pas les conditions pour \u00eatre d\u00e9clar\u00e9e gagnante, la personne suppl\u00e9ante suivante sera contact\u00e9 dans le but de proposer et dans votre cas (s&#039;il n&#039;y a pas renonciation) suivez les \u00e9tapes de d\u00e9claration gagnante qui ont \u00e9t\u00e9 indiqu\u00e9es.<\/p>\n<p>Une fois le nombre maximum de rempla\u00e7ants atteint, si plusieurs ou la totalit\u00e9 d&#039;entre eux ont d\u00e9missionn\u00e9 ou ne r\u00e9pondent pas aux exigences \u00e9tablies au pr\u00e9sent R\u00e8glement, l&#039;ORGANISATEUR pourra d\u00e9clarer le Concours nul.<\/p>\n<p>Dans le cas o\u00f9 l&#039;ORGANISATEUR le jugerait appropri\u00e9, le nom des personnes gagnantes pourra \u00eatre publi\u00e9 par l&#039;ORGANISATEUR sur ses diff\u00e9rentes plateformes num\u00e9riques, telles que son blog (<a href=\"https:\/\/andreusolar.com\/fr\/blog\/\">https:\/\/andreusolar.com\/blog\/<\/a> ) ou leur page sur Facebook et\/ou Instagram, conform\u00e9ment \u00e0 ce qui est \u00e9tabli dans les pr\u00e9sentes Conditions.<\/p>\n<p>&nbsp;<\/p>\n<p>6.- PRIX\u00a0:<\/p>\n<p>Un d\u00eener pour deux au restaurant Petit Cup d&#039;Ali\u00f3 (Av. Cinto Verdaguer, 20, 43813 Ali\u00f3, Tarragone) sera tir\u00e9 au sort d&#039;une valeur de 60 \u20ac parmi tous les participants.<\/p>\n<p>Le Prix ne pourra en aucun cas faire l&#039;objet de modification, d&#039;alt\u00e9ration ou de compensation \u00e0 la demande de l&#039;un des gagnants.<\/p>\n<p>&nbsp;<\/p>\n<p>7.- AUTRES R\u00c8GLES D&#039;UTILISATION:<\/p>\n<p>L&#039;ORGANISATEUR se d\u00e9gage de toute responsabilit\u00e9 en cas d&#039;erreur dans les donn\u00e9es fournies par les participants eux-m\u00eames emp\u00eachant leur identification.<\/p>\n<p>L&#039;ORGANISATEUR se r\u00e9serve le droit d&#039;engager des poursuites judiciaires \u00e0 l&#039;encontre de ceux qui commettraient tout type d&#039;acte susceptible d&#039;\u00eatre consid\u00e9r\u00e9 comme une manipulation ou une falsification du Concours.<\/p>\n<p>L&#039;ORGANISATEUR est exon\u00e9r\u00e9 de toute responsabilit\u00e9 pour les dommages de toute nature qui pourraient \u00eatre dus \u00e0 l&#039;indisponibilit\u00e9 temporaire ou \u00e0 la continuit\u00e9 du fonctionnement des services par lesquels vous participez au Concours, \u00e0 la fraude \u00e0 l&#039;utilit\u00e9 que les participants auraient pu attribuer celles-ci, et notamment, mais non exclusivement, aux \u00e9checs d&#039;acc\u00e8s aux diff\u00e9rentes pages et d&#039;envoi des r\u00e9ponses de participation via Internet.<\/p>\n<p>L&#039;ORGANISATEUR se r\u00e9serve le droit d&#039;apporter autant de modifications qu&#039;il juge b\u00e9n\u00e9fiques au Concours, lorsqu&#039;une cause ou des raisons de force majeure emp\u00eachent son ex\u00e9cution de la mani\u00e8re pr\u00e9vue dans le pr\u00e9sent R\u00e8glement.<\/p>\n<p>L&#039;ORGANISATEUR se r\u00e9serve le droit de reporter et\/ou de prolonger la dur\u00e9e du Concours, ainsi que le droit d&#039;interpr\u00e9ter le pr\u00e9sent R\u00e8glement.<\/p>\n<p>Aussi, l&#039;ORGANISATEUR est exon\u00e9r\u00e9 de toute responsabilit\u00e9 si l&#039;un des cas mentionn\u00e9s se produit, ainsi que de toute responsabilit\u00e9 pour les dommages pouvant survenir lors de la jouissance du Prix.<\/p>\n<p>&nbsp;<\/p>\n<p>8.- ACCEPTATION DES BASES :<\/p>\n<p>La simple participation au Concours implique l&#039;acceptation du pr\u00e9sent R\u00e8glement, donc la manifestation dans le sens de non-acceptation de tout ou partie de celui-ci impliquera l&#039;exclusion de la personne participante et en cons\u00e9quence, l&#039;ORGANISATEUR sera lib\u00e9r\u00e9 de remplir l&#039;obligation contract\u00e9e avec cette personne participante.<\/p>\n<p>&nbsp;<\/p>\n<p>EN PARTICIPANT AU CONCOURS \u00ab SOLAR TEST GIVEAWAY \u00bb, J&#039;ASSUME QUE J&#039;AI LU ET ACCEPT\u00c9 CES BASES, POLITIQUE DE PROTECTION DES DONN\u00c9ES PERSONNELLES, DROIT \u00c0 LA VIE PRIV\u00c9E ET PROPRE IMAGE.<\/p>","protected":false},"excerpt":{"rendered":"<p>&nbsp; 1.- ORGANISATEUR : ANDREU MANTENIMENT INDUSTRIAL, SL, soci\u00e9t\u00e9 espagnole, titulaire du num\u00e9ro d&#039;identification fiscale (NIF) B43752179, domicili\u00e9e Crta. Pla de Santa Maria, 253, Nau C1 \u2013 43800 VALLS, Tarragone, aux fins de notifications, convocations et assignations par voie postale, ci-apr\u00e8s \u00ab ORGANISATEUR \u00bb, organise un concours intitul\u00e9 \u00ab TIRAGE AU SORT SOLAIRE \u00bb (ci-apr\u00e8s le \u00ab Concours \u00bb) afin de\u2026<\/p>","protected":false},"author":1,"featured_media":0,"parent":0,"menu_order":0,"comment_status":"closed","ping_status":"closed","template":"","meta":{"_acf_changed":false,"inline_featured_image":false,"footnotes":""},"class_list":{"0":"post-10890","1":"page","2":"type-page","3":"status-publish","4":"hentry","5":"nt-post-class","6":"","7":"masonry-item","8":"col-lg-6","10":"thumb-none","12":"excerpt-none"},"acf":[],"_links":{"self":[{"href":"https:\/\/andreusolar.com\/fr\/wp-json\/wp\/v2\/pages\/10890","targetHints":{"allow":["GET"]}}],"collection":[{"href":"https:\/\/andreusolar.com\/fr\/wp-json\/wp\/v2\/pages"}],"about":[{"href":"https:\/\/andreusolar.com\/fr\/wp-json\/wp\/v2\/types\/page"}],"author":[{"embeddable":true,"href":"https:\/\/andreusolar.com\/fr\/wp-json\/wp\/v2\/users\/1"}],"replies":[{"embeddable":true,"href":"https:\/\/andreusolar.com\/fr\/wp-json\/wp\/v2\/comments?post=10890"}],"version-history":[{"count":0,"href":"https:\/\/andreusolar.com\/fr\/wp-json\/wp\/v2\/pages\/10890\/revisions"}],"wp:attachment":[{"href":"https:\/\/andreusolar.com\/fr\/wp-json\/wp\/v2\/media?parent=10890"}],"curies":[{"name":"wp","href":"https:\/\/api.w.org\/{rel}","templated":true}]}}