{"id":13947,"date":"2024-04-26T10:54:26","date_gmt":"2024-04-26T08:54:26","guid":{"rendered":"https:\/\/andreusolar.com\/?page_id=13947"},"modified":"2024-04-26T11:46:26","modified_gmt":"2024-04-26T09:46:26","slug":"mes-informacio-sostenibilitat","status":"publish","type":"page","link":"https:\/\/andreusolar.com\/fr\/mes-informacio-sostenibilitat\/","title":{"rendered":"Plus d&#039;informations sur la durabilit\u00e9"},"content":{"rendered":"\t\t<div data-elementor-type=\"wp-page\" data-elementor-id=\"13947\" class=\"elementor elementor-13947\">\n\t\t\t\t\t\t<section class=\"elementor-section elementor-top-section elementor-element elementor-element-a58f05f elementor-section-stretched elementor-section-full_width elementor-section-height-default elementor-section-height-default\" data-id=\"a58f05f\" data-element_type=\"section\" data-e-type=\"section\" data-settings=\"{&quot;stretch_section&quot;:&quot;section-stretched&quot;}\">\n\t\t\t\t\t\t<div class=\"elementor-container elementor-column-gap-no\">\n\t\t\t\t\t<div class=\"elementor-column elementor-col-100 elementor-top-column elementor-element elementor-element-6f1426c\" data-id=\"6f1426c\" data-element_type=\"column\" data-e-type=\"column\">\n\t\t\t<div class=\"elementor-widget-wrap elementor-element-populated\">\n\t\t\t\t\t\t<div class=\"elementor-element elementor-element-d677e23 elementor-widget elementor-widget-r-energy-page-hero-section\" data-id=\"d677e23\" data-element_type=\"widget\" data-e-type=\"widget\" data-widget_type=\"r-energy-page-hero-section.default\">\n\t\t\t\t<div class=\"elementor-widget-container\">\n\t\t\t\t\t<div class=\"promo-primary\"><div class=\"overlay\"><\/div><picture><source srcset=\"https:\/\/andreusolar.com\/wp-content\/uploads\/2021\/03\/andreu-solar-plaques-solars-scaled.jpeg\" media=\"(min-width: 992px)\"\/><img decoding=\"async\" class=\"img-bg\" src=\"https:\/\/andreusolar.com\/wp-content\/uploads\/2021\/03\/andreu-solar-plaques-solars-scaled.jpeg\" alt=\"andreu solar plaques solars\"\/><\/picture><div class=\"container\"><div class=\"row\"><div class=\"col-12\"><div class=\"align-container\"><div class=\"align-item\"><h1 class=\"title\">S de Sostenibilitat<\/h1><\/div><\/div><\/div><\/div><\/div><\/div>\t\t\t\t<\/div>\n\t\t\t\t<\/div>\n\t\t\t\t\t<\/div>\n\t\t<\/div>\n\t\t\t\t\t<\/div>\n\t\t<\/section>\n\t\t\t\t<div class=\"elementor-section elementor-top-section elementor-element elementor-element-05f755c elementor-section-stretched elementor-section-full_width nt-section section default-indent elementor-section-height-default elementor-section-height-default\" data-id=\"05f755c\" data-element_type=\"section\" data-e-type=\"section\" data-settings=\"{&quot;stretch_section&quot;:&quot;section-stretched&quot;}\">\n\t\t\t\t\t\t<div class=\"elementor-container elementor-column-gap-no\">\n\t\t\t\t\t<div class=\"elementor-column elementor-col-100 elementor-top-column elementor-element elementor-element-bc44bd1\" data-id=\"bc44bd1\" data-element_type=\"column\" data-e-type=\"column\">\n\t\t\t<div class=\"elementor-widget-wrap elementor-element-populated\">\n\t\t\t\t\t\t<section class=\"elementor-section elementor-inner-section elementor-element elementor-element-5f98ddc elementor-section-boxed elementor-section-height-default elementor-section-height-default\" data-id=\"5f98ddc\" data-element_type=\"section\" data-e-type=\"section\">\n\t\t\t\t\t\t<div class=\"elementor-container elementor-column-gap-default\">\n\t\t\t\t\t<div class=\"elementor-column elementor-col-50 elementor-inner-column elementor-element elementor-element-1ec491f\" data-id=\"1ec491f\" data-element_type=\"column\" data-e-type=\"column\" data-settings=\"{&quot;background_background&quot;:&quot;classic&quot;}\">\n\t\t\t<div class=\"elementor-widget-wrap elementor-element-populated\">\n\t\t\t\t\t<div class=\"elementor-background-overlay\"><\/div>\n\t\t\t\t\t\t<div class=\"elementor-element elementor-element-7425706 elementor-widget elementor-widget-heading\" data-id=\"7425706\" data-element_type=\"widget\" data-e-type=\"widget\" data-widget_type=\"heading.default\">\n\t\t\t\t<div class=\"elementor-widget-container\">\n\t\t\t\t\t<h4 class=\"elementor-heading-title elementor-size-default\">Ens encantar\u00e0 ajudar-te<\/h4>\t\t\t\t<\/div>\n\t\t\t\t<\/div>\n\t\t\t\t<div class=\"elementor-element elementor-element-a214599 elementor-widget elementor-widget-heading\" data-id=\"a214599\" data-element_type=\"widget\" data-e-type=\"widget\" data-widget_type=\"heading.default\">\n\t\t\t\t<div class=\"elementor-widget-container\">\n\t\t\t\t\t<p class=\"elementor-heading-title elementor-size-default\">Si desitges m\u00e9s informaci\u00f3 sobre els nostres serveis, en qu\u00e8 consisteix l'autoconsum o necessites un estudi a mida, deixa'ns les teves dades de contacte i una persona del nostre equip professional es posar\u00e0 en contacte el m\u00e9s aviat possible.\n<br>\n<br>\nGr\u00e0cies!<\/p>\t\t\t\t<\/div>\n\t\t\t\t<\/div>\n\t\t\t\t\t<\/div>\n\t\t<\/div>\n\t\t\t\t<div class=\"elementor-column elementor-col-50 elementor-inner-column elementor-element elementor-element-81f7aaa\" data-id=\"81f7aaa\" data-element_type=\"column\" data-e-type=\"column\">\n\t\t\t<div class=\"elementor-widget-wrap elementor-element-populated\">\n\t\t\t\t\t\t<div class=\"elementor-element elementor-element-8799094 elementor-widget elementor-widget-html\" data-id=\"8799094\" data-element_type=\"widget\" data-e-type=\"widget\" data-widget_type=\"html.default\">\n\t\t\t\t<div class=\"elementor-widget-container\">\n\t\t\t\t\t<h2 style=\"display:none;\"><b>contacte<\/b><\/h2>\t\t\t\t<\/div>\n\t\t\t\t<\/div>\n\t\t\t\t<div class=\"elementor-element elementor-element-3216fe6 elementor-widget elementor-widget-r-energy-section-heading\" data-id=\"3216fe6\" data-element_type=\"widget\" data-e-type=\"widget\" data-widget_type=\"r-energy-section-heading.default\">\n\t\t\t\t<div class=\"elementor-widget-container\">\n\t\t\t\t\t<div class=\"heading primary-heading\"><h5 class=\"subtitle\"><span>Necessites m\u00e9s informaci\u00f3?<\/span> <span><\/span><\/h5><div class=\"desc\"><p><b>Posa't en contacte amb nosaltres<b><\/p>\n<\/div><\/div>\t\t\t\t<\/div>\n\t\t\t\t<\/div>\n\t\t\t\t<div class=\"elementor-element elementor-element-537f3dc elementor-widget elementor-widget-r-energy-contact-form-7\" data-id=\"537f3dc\" data-element_type=\"widget\" data-e-type=\"widget\" data-widget_type=\"r-energy-contact-form-7.default\">\n\t\t\t\t<div class=\"elementor-widget-container\">\n\t\t\t\t\t<div class=\"section-contact get-in-touch\">\n<div class=\"wpcf7 no-js\" id=\"wpcf7-f14005-o1\" lang=\"en-US\" dir=\"ltr\" data-wpcf7-id=\"14005\">\n<div class=\"screen-reader-response\"><p role=\"status\" aria-live=\"polite\" aria-atomic=\"true\"><\/p> <ul><\/ul><\/div>\n<form action=\"\/fr\/wp-json\/wp\/v2\/pages\/13947#wpcf7-f14005-o1\" method=\"post\" class=\"wpcf7-form init\" aria-label=\"Contact form\" novalidate=\"novalidate\" data-status=\"init\">\n<fieldset class=\"hidden-fields-container\"><input type=\"hidden\" name=\"_wpcf7\" value=\"14005\" \/><input type=\"hidden\" name=\"_wpcf7_version\" value=\"6.1.5\" \/><input type=\"hidden\" name=\"_wpcf7_locale\" value=\"en_US\" \/><input type=\"hidden\" name=\"_wpcf7_unit_tag\" value=\"wpcf7-f14005-o1\" \/><input type=\"hidden\" name=\"_wpcf7_container_post\" value=\"0\" \/><input type=\"hidden\" name=\"_wpcf7_posted_data_hash\" value=\"\" \/>\n<\/fieldset>\n<div class=\"form js-contact-form contact--form contacts-page-form\" destiny=\"contacte-gracies\">\n\t<div class=\"row\">\n\t\t<div class=\"col-md-6\">\n\t\t\t<p><label class=\"input-label\"><span class=\"wpcf7-form-control-wrap\" data-name=\"nom\"><input size=\"40\" maxlength=\"400\" class=\"wpcf7-form-control wpcf7-text wpcf7-validates-as-required form-field input\" aria-required=\"true\" aria-invalid=\"false\" value=\"\" type=\"text\" name=\"nom\" \/><\/span><span>Nom complet*<\/span><\/label>\n\t\t\t<\/p>\n\t\t<\/div>\n\t\t<div class=\"col-md-6\">\n\t\t\t<p><label class=\"input-label\"><span class=\"wpcf7-form-control-wrap\" data-name=\"assumpte\"><input size=\"40\" maxlength=\"400\" class=\"wpcf7-form-control wpcf7-text wpcf7-validates-as-required form-field input\" aria-required=\"true\" aria-invalid=\"false\" value=\"\" type=\"text\" name=\"assumpte\" \/><\/span><span>Assumpte*<\/span><\/label>\n\t\t\t<\/p>\n\t\t<\/div>\n\t\t<div class=\"col-md-6\">\n\t\t\t<p><label class=\"input-label\"><span class=\"wpcf7-form-control-wrap\" data-name=\"tel\"><input size=\"40\" maxlength=\"400\" class=\"wpcf7-form-control wpcf7-tel wpcf7-validates-as-required wpcf7-text wpcf7-validates-as-tel form-field input\" aria-required=\"true\" aria-invalid=\"false\" value=\"\" type=\"tel\" name=\"tel\" \/><\/span><span>Tel\u00e8fon*<\/span><\/label>\n\t\t\t<\/p>\n\t\t<\/div>\n\t\t<div class=\"col-md-6\">\n\t\t\t<p><label class=\"input-label\"><span class=\"wpcf7-form-control-wrap\" data-name=\"your-email\"><input size=\"40\" maxlength=\"400\" class=\"wpcf7-form-control wpcf7-email wpcf7-validates-as-required wpcf7-text wpcf7-validates-as-email form-field input\" aria-required=\"true\" aria-invalid=\"false\" value=\"\" type=\"email\" name=\"your-email\" \/><\/span><span>Email*<\/span><\/label>\n\t\t\t<\/p>\n\t\t<\/div>\n\t\t<div class=\"col-12\">\n\t\t\t<p><label class=\"input-label\"><span>Amb qu\u00e8 est\u00e0s interessat\/da?<\/span><br \/>\n<span class=\"wpcf7-form-control-wrap\" data-name=\"checkbox-sostenibilitat\"><span class=\"wpcf7-form-control wpcf7-checkbox\"><span class=\"wpcf7-list-item first\"><label><input type=\"checkbox\" name=\"checkbox-sostenibilitat[]\" value=\"Aerot\u00e8rmia\" \/><span class=\"wpcf7-list-item-label\">Aerot\u00e8rmia<\/span><\/label><\/span><span class=\"wpcf7-list-item\"><label><input type=\"checkbox\" name=\"checkbox-sostenibilitat[]\" value=\"Energia solar + emmagatzematge\" \/><span class=\"wpcf7-list-item-label\">Energia solar + emmagatzematge<\/span><\/label><\/span><span class=\"wpcf7-list-item\"><label><input type=\"checkbox\" name=\"checkbox-sostenibilitat[]\" value=\"A\u00efllaments\" \/><span class=\"wpcf7-list-item-label\">A\u00efllaments<\/span><\/label><\/span><span class=\"wpcf7-list-item\"><label><input type=\"checkbox\" name=\"checkbox-sostenibilitat[]\" value=\"Estalvi d&#039;energia\" \/><span class=\"wpcf7-list-item-label\">Estalvi d&#039;energia<\/span><\/label><\/span><span class=\"wpcf7-list-item\"><label><input type=\"checkbox\" name=\"checkbox-sostenibilitat[]\" value=\"Estalvi d&#039;aigua\" \/><span class=\"wpcf7-list-item-label\">Estalvi d&#039;aigua<\/span><\/label><\/span><span class=\"wpcf7-list-item\"><label><input type=\"checkbox\" name=\"checkbox-sostenibilitat[]\" value=\"Dom\u00f2tica\" \/><span class=\"wpcf7-list-item-label\">Dom\u00f2tica<\/span><\/label><\/span><span class=\"wpcf7-list-item last\"><label><input type=\"checkbox\" name=\"checkbox-sostenibilitat[]\" value=\"Mobilitat el\u00e8ctrica\" \/><span class=\"wpcf7-list-item-label\">Mobilitat el\u00e8ctrica<\/span><\/label><\/span><\/span><\/span><\/label>\n\t\t\t<\/p>\n\t\t<\/div>\n\t\t<div class=\"col-12\"  style=\"height: 100px;\">\n\t\t\t<p><label class=\"textarea-label\"><span class=\"wpcf7-form-control-wrap\" data-name=\"textarea-428\"><textarea cols=\"40\" rows=\"10\" maxlength=\"2000\" class=\"wpcf7-form-control wpcf7-textarea form-field textarea\" aria-invalid=\"false\" name=\"textarea-428\"><\/textarea><\/span><span>Missatge<\/span><\/label>\n\t\t\t<\/p>\n\t\t<\/div>\n\t\t<div class=\"col-12\">\n\t\t\t<p><small><br \/>\n<span class=\"wpcf7-form-control-wrap\" data-name=\"acceptance-117\"><span class=\"wpcf7-form-control wpcf7-acceptance\"><span class=\"wpcf7-list-item\"><label><input type=\"checkbox\" name=\"acceptance-117\" value=\"1\" aria-invalid=\"false\" \/><span class=\"wpcf7-list-item-label\">He llegit i accepto la <a href=\"\/clausules#02cf1v210\" target=\"_blank\">cl\u00e0usula d'Informaci\u00f3 sobre Protecci\u00f3 de Dades<\/a><\/span><\/label><\/span><\/span><\/span><br \/>\n<span class=\"wpcf7-form-control-wrap\" data-name=\"acceptance-118\"><span class=\"wpcf7-form-control wpcf7-acceptance\"><span class=\"wpcf7-list-item\"><label><input type=\"checkbox\" name=\"acceptance-118\" value=\"1\" aria-invalid=\"false\" \/><span class=\"wpcf7-list-item-label\">Autoritzo al tractament de les meves dades per poder rebre informaci\u00f3 per mitjans electr\u00f2nics<\/span><\/label><\/span><\/span><\/span><\/small><br \/>\n<div id=\"cf7sr-v3-69e34627ce947\"><input type=\"hidden\" name=\"cf7sr-v3-token\" value=\"\"><\/div>\n\t\t\t<\/p>\n\t\t<\/div>\n\t\t<div class=\"col-12\">\n\t\t\t<div class=\"button-holder\">\n\t\t\t\t<p><button class=\"r-button r-button--transparent wpcf7-form-control wpcf7-submit\" type=\"submit\" data-hover=\"Enviar\"><span>Enviar<\/span><\/button>\n\t\t\t\t<\/p>\n\t\t\t<\/div>\n\t\t<\/div>\n\t<\/div>\n<\/div><p style=\"display: none !important;\" class=\"akismet-fields-container\" data-prefix=\"_wpcf7_ak_\"><label>&#916;<textarea name=\"_wpcf7_ak_hp_textarea\" cols=\"45\" rows=\"8\" maxlength=\"100\"><\/textarea><\/label><input type=\"hidden\" id=\"ak_js_1\" name=\"_wpcf7_ak_js\" value=\"242\"\/><script>document.getElementById( \"ak_js_1\" ).setAttribute( \"value\", ( new Date() ).getTime() );<\/script><\/p><div class=\"wpcf7-response-output\" aria-hidden=\"true\"><\/div>\n<\/form>\n<\/div>\n<\/div>\t\t\t\t<\/div>\n\t\t\t\t<\/div>\n\t\t\t\t\t<\/div>\n\t\t<\/div>\n\t\t\t\t\t<\/div>\n\t\t<\/section>\n\t\t\t\t\t<\/div>\n\t\t<\/div>\n\t\t\t\t\t<\/div>\n\t\t<\/div>\n\t\t\t\t<div class=\"elementor-section elementor-top-section elementor-element elementor-element-d28e0b4 elementor-section-stretched elementor-section-full_width elementor-section-height-default elementor-section-height-default\" data-id=\"d28e0b4\" data-element_type=\"section\" data-e-type=\"section\" data-settings=\"{&quot;stretch_section&quot;:&quot;section-stretched&quot;}\">\n\t\t\t\t\t\t<div class=\"elementor-container elementor-column-gap-no\">\n\t\t\t\t\t<div class=\"elementor-column elementor-col-100 elementor-top-column elementor-element elementor-element-a1cccef\" data-id=\"a1cccef\" data-element_type=\"column\" data-e-type=\"column\">\n\t\t\t<div class=\"elementor-widget-wrap elementor-element-populated\">\n\t\t\t\t\t\t<div class=\"elementor-element elementor-element-f7de650 elementor-widget elementor-widget-r-energy-contact-form-map-section\" data-id=\"f7de650\" data-element_type=\"widget\" data-e-type=\"widget\" data-widget_type=\"r-energy-contact-form-map-section.default\">\n\t\t\t\t<div class=\"elementor-widget-container\">\n\t\t\t\t\t<div class=\"map-section section-contact\"><div class=\"contacts-banner\"><div class=\"container\"><div class=\"row\"><div class=\"col-12\"><div class=\"title-block\"><h2 class=\"title\">Ens trobar\u00e0s a<\/h2><\/div><\/div><\/div><div class=\"row\"><div class=\"col-12\"><div class=\"address-block inner-block\"><p class=\"address\">Carretera del Pla, 253, Nau C1, 43800 Valls, Tarragona<\/p><\/div><\/div><div class=\"col-12\"><div class=\"phones-block inner-block\"><p><a href=\"tel:+34977607065\">+34 977 60 70 65<\/a><\/p><\/div><\/div><div class=\"col-12\"><div class=\"mail-block inner-block\"><p><a href=\"mailto:hola@andreusolar.com\">hola@andreusolar.com<\/a><\/p>\n<\/div><\/div><\/div><div class=\"row\"><div class=\"col-12\"><div class=\"r-button-holder\"><a class=\"r-button r-button--filled\" href=\"https:\/\/goo.gl\/maps\/vZiGcHV3U4X2f8cV9\" target=\"_blank\" data-hover=\"V\u00e9s a Google Maps\"><span>V\u00e9s a Google Maps<\/span><\/a><\/div><\/div><\/div><\/div><\/div><div class=\"map\" id=\"map\" data-api-key=\"AIzaSyC2p1jJxKBVZTYIPqrd2n1OCFRBt_C2Dcw\" data-longitude=\"1.2653246\" data-latitude=\"41.3095626\" data-marker=\"https:\/\/andreusolar.com\/wp-content\/plugins\/r-energy-elementor-addons\/assets\/front\/img\/placeholder.png\"><\/div><\/div><script>(function($) {'use strict'; jQuery(document).ready(function () { var maps = $('#map'); _g_map(); function _g_map(){ if( maps.length > 0){ var apiKey = maps.attr('data-api-key'), apiURL; if(apiKey){ apiURL = 'https:\/\/maps.google.com\/maps\/api\/js?key='+ apiKey +' &sensor=false'; }else{ apiURL = 'https:\/\/maps.google.com\/maps\/api\/js?sensor=false'; }; $.getScript( apiURL , function(data, textStatus, jqxhr){ maps.each(function(){ var current_map = $(this), latlng = new google.maps.LatLng(current_map.attr('data-longitude'), current_map.attr('data-latitude')), point = current_map.attr('data-marker'), center = { lat: 41.3095626, lng: 1.2653246 }, markerPos = { lat: 41.3095626, lng: 1.2653246 }, myOptions = { zoom: 11, center: center, disableDefaultUI: true, mapTypeId: google.maps.MapTypeId.ROADMAP, mapTypeControl: false, scrollwheel: false, draggable: true, panControl: false, zoomControl: false, disableDefaultUI: true, styles: [ { \"featureType\": \"administrative\", \"elementType\": \"labels.text.fill\", \"stylers\": [ { \"color\": \"#212326\" } ] }, { \"featureType\": \"administrative.locality\", \"elementType\": \"labels.text.fill\", \"stylers\": [ { \"color\": \"\" } ] }, { \"featureType\": \"landscape\", \"elementType\": \"all\", \"stylers\": [ { \"color\": \"#F8F8F9\" } ] }, { \"featureType\": \"poi\", \"elementType\": \"all\", \"stylers\": [ { \"visibility\": \"off\" } ] }, { \"featureType\": \"road\", \"elementType\": \"all\", \"stylers\": [ { \"saturation\": -100 }, { \"lightness\": 45 } ] }, { \"featureType\": \"road\", \"elementType\": \"labels\", \"stylers\": [ { \"visibility\": \"off\" } ] }, { \"featureType\": \"road\", \"elementType\": \"labels.icon\", \"stylers\": [ { \"visibility\": \"off\" } ] }, { \"featureType\": \"transit\", \"elementType\": \"all\", \"stylers\": [ { \"visibility\": \"off\" } ] }, { \"featureType\": \"road.highway\", \"elementType\": \"all\", \"stylers\": [ { \"visibility\": \"off\" } ] }, { \"featureType\": \"road.arterial\", \"elementType\": \"labels.icon\", \"stylers\": [ { \"visibility\": \"off\" } ] }, { \"featureType\": \"transit\", \"elementType\": \"all\", \"stylers\": [ { \"visibility\": \"off\" } ] }, { \"featureType\": \"water\", \"elementType\": \"all\", \"stylers\": [ { \"color\": \"\" }, { \"visibility\": \"on\" } ] } ] }; var map = new google.maps.Map(current_map[0], myOptions); var marker = new google.maps.Marker({ map: map, icon: { size: new google.maps.Size(59,69), origin: new google.maps.Point(0,0), anchor: new google.maps.Point(0,69), url: point }, position: markerPos }); var windowContent = '<h3 class=\"map-placeholder\">Aqu\u00ed<\/h3>'; var infowindow = new google.maps.InfoWindow({ content: windowContent }); var windowContent = '<h3 class=\"map-placeholder\">Aqu\u00ed<\/h3>'; var infowindow = new google.maps.InfoWindow({ content: windowContent }); google.maps.event.addListener(marker, 'click', function() { infowindow.open(map,marker); }); infowindow.open(map,marker); google.maps.event.addDomListener(window, \"resize\", function(){ var center = map.getCenter(); google.maps.event.trigger(map, \"resize\"); map.setCenter(center); }); }); }); }; }; }); }(jQuery));<\/script>\t\t\t\t<\/div>\n\t\t\t\t<\/div>\n\t\t\t\t\t<\/div>\n\t\t<\/div>\n\t\t\t\t\t<\/div>\n\t\t<\/div>\n\t\t\t\t<\/div>\n\t\t","protected":false},"excerpt":{"rendered":"<p>S comme Durabilit\u00e9 Nous serons heureux de vous aider. Si vous souhaitez plus d&#039;informations sur nos services, sur ce qu&#039;est l&#039;autoconsommation ou si vous avez besoin d&#039;une \u00e9tude personnalis\u00e9e, laissez-nous vos coordonn\u00e9es et un membre de notre \u00e9quipe professionnelle vous contactera dans les plus brefs d\u00e9lais. Merci ! Contact Besoin de plus d&#039;informations ? Contactez-nous\u2026<\/p>","protected":false},"author":1,"featured_media":0,"parent":0,"menu_order":0,"comment_status":"closed","ping_status":"closed","template":"r-energy-elementor-page.php","meta":{"_acf_changed":false,"inline_featured_image":false,"footnotes":""},"class_list":{"0":"post-13947","1":"page","2":"type-page","3":"status-publish","4":"hentry","5":"nt-post-class","6":"","7":"masonry-item","8":"col-lg-6","10":"thumb-none","12":"excerpt-none"},"acf":[],"_links":{"self":[{"href":"https:\/\/andreusolar.com\/fr\/wp-json\/wp\/v2\/pages\/13947","targetHints":{"allow":["GET"]}}],"collection":[{"href":"https:\/\/andreusolar.com\/fr\/wp-json\/wp\/v2\/pages"}],"about":[{"href":"https:\/\/andreusolar.com\/fr\/wp-json\/wp\/v2\/types\/page"}],"author":[{"embeddable":true,"href":"https:\/\/andreusolar.com\/fr\/wp-json\/wp\/v2\/users\/1"}],"replies":[{"embeddable":true,"href":"https:\/\/andreusolar.com\/fr\/wp-json\/wp\/v2\/comments?post=13947"}],"version-history":[{"count":0,"href":"https:\/\/andreusolar.com\/fr\/wp-json\/wp\/v2\/pages\/13947\/revisions"}],"wp:attachment":[{"href":"https:\/\/andreusolar.com\/fr\/wp-json\/wp\/v2\/media?parent=13947"}],"curies":[{"name":"wp","href":"https:\/\/api.w.org\/{rel}","templated":true}]}}