{"id":347,"date":"2019-12-23T20:35:02","date_gmt":"2019-12-23T18:35:02","guid":{"rendered":"https:\/\/ninetheme.com\/themes\/r-energy\/?page_id=347"},"modified":"2025-04-17T14:30:34","modified_gmt":"2025-04-17T12:30:34","slug":"andreu-manteniment","status":"publish","type":"page","link":"https:\/\/andreusolar.com\/fr\/andreu-manteniment\/","title":{"rendered":"Groupe Andr\u00e9"},"content":{"rendered":"<div data-elementor-type=\"wp-page\" data-elementor-id=\"347\" class=\"elementor elementor-347\">\n\t\t\t\t\t\t<section class=\"elementor-section elementor-top-section elementor-element elementor-element-c33b80c elementor-section-stretched elementor-section-full_width elementor-section-height-default elementor-section-height-default\" data-id=\"c33b80c\" data-element_type=\"section\" data-e-type=\"section\" data-settings=\"{&quot;stretch_section&quot;:&quot;section-stretched&quot;}\">\n\t\t\t\t\t\t<div class=\"elementor-container elementor-column-gap-no\">\n\t\t\t\t\t<div class=\"elementor-column elementor-col-100 elementor-top-column elementor-element elementor-element-788217e\" data-id=\"788217e\" data-element_type=\"column\" data-e-type=\"column\">\n\t\t\t<div class=\"elementor-widget-wrap elementor-element-populated\">\n\t\t\t\t\t\t<div class=\"elementor-element elementor-element-487629e elementor-widget elementor-widget-r-energy-page-hero-section\" data-id=\"487629e\" data-element_type=\"widget\" data-e-type=\"widget\" data-widget_type=\"r-energy-page-hero-section.default\">\n\t\t\t\t<div class=\"elementor-widget-container\">\n\t\t\t\t\t<div class=\"promo-primary\"><div class=\"overlay\"><\/div><picture><source srcset=\"https:\/\/andreusolar.com\/wp-content\/uploads\/2025\/04\/11777_fons_imatge25_1920x960_g_andreu.jpg\" media=\"(min-width: 992px)\"\/><img decoding=\"async\" class=\"img-bg\" src=\"https:\/\/andreusolar.com\/wp-content\/uploads\/2025\/04\/11777_fons_imatge25_1920x960_g_andreu.jpg\" alt=\"11777_fons_imatge25_1920x960_g_andreu.jpg\"\/><\/picture><div class=\"container\"><div class=\"row\"><div class=\"col-12\"><div class=\"align-container\"><div class=\"align-item\"><span class=\"site__name\">Andr\u00e9 Solaire<\/span><h1 class=\"title\">Professionnels du d\u00e9veloppement durable<\/h1><\/div><\/div><\/div><\/div><\/div><\/div>\t\t\t\t<\/div>\n\t\t\t\t<\/div>\n\t\t\t\t\t<\/div>\n\t\t<\/div>\n\t\t\t\t\t<\/div>\n\t\t<\/section>\n\t\t\t\t<section class=\"elementor-section elementor-top-section elementor-element elementor-element-b1e9ea2 elementor-section-boxed elementor-section-height-default elementor-section-height-default\" data-id=\"b1e9ea2\" data-element_type=\"section\" data-e-type=\"section\">\n\t\t\t\t\t\t<div class=\"elementor-container elementor-column-gap-default\">\n\t\t\t\t\t<div class=\"elementor-column elementor-col-50 elementor-top-column elementor-element elementor-element-7d9a668\" data-id=\"7d9a668\" data-element_type=\"column\" data-e-type=\"column\">\n\t\t\t<div class=\"elementor-widget-wrap elementor-element-populated\">\n\t\t\t\t\t\t<div class=\"elementor-element elementor-element-2547258 elementor-widget elementor-widget-spacer\" data-id=\"2547258\" data-element_type=\"widget\" data-e-type=\"widget\" data-widget_type=\"spacer.default\">\n\t\t\t\t<div class=\"elementor-widget-container\">\n\t\t\t\t\t\t\t<div class=\"elementor-spacer\">\n\t\t\t<div class=\"elementor-spacer-inner\"><\/div>\n\t\t<\/div>\n\t\t\t\t\t\t<\/div>\n\t\t\t\t<\/div>\n\t\t\t\t<div class=\"elementor-element elementor-element-3fe1b34 elementor-widget elementor-widget-spacer\" data-id=\"3fe1b34\" data-element_type=\"widget\" data-e-type=\"widget\" data-widget_type=\"spacer.default\">\n\t\t\t\t<div class=\"elementor-widget-container\">\n\t\t\t\t\t\t\t<div class=\"elementor-spacer\">\n\t\t\t<div class=\"elementor-spacer-inner\"><\/div>\n\t\t<\/div>\n\t\t\t\t\t\t<\/div>\n\t\t\t\t<\/div>\n\t\t\t\t<div class=\"elementor-element elementor-element-965db36 elementor-widget elementor-widget-heading\" data-id=\"965db36\" data-element_type=\"widget\" data-e-type=\"widget\" data-widget_type=\"heading.default\">\n\t\t\t\t<div class=\"elementor-widget-container\">\n\t\t\t\t\t<h3 class=\"elementor-heading-title elementor-size-default\">Andreu Solar est la division des projets durables du groupe Andreu<\/h3>\t\t\t\t<\/div>\n\t\t\t\t<\/div>\n\t\t\t\t<div class=\"elementor-element elementor-element-4a87f03 elementor-widget elementor-widget-spacer\" data-id=\"4a87f03\" data-element_type=\"widget\" data-e-type=\"widget\" data-widget_type=\"spacer.default\">\n\t\t\t\t<div class=\"elementor-widget-container\">\n\t\t\t\t\t\t\t<div class=\"elementor-spacer\">\n\t\t\t<div class=\"elementor-spacer-inner\"><\/div>\n\t\t<\/div>\n\t\t\t\t\t\t<\/div>\n\t\t\t\t<\/div>\n\t\t\t\t<div class=\"elementor-element elementor-element-132951b elementor-widget elementor-widget-text-editor\" data-id=\"132951b\" data-element_type=\"widget\" data-e-type=\"widget\" data-widget_type=\"text-editor.default\">\n\t\t\t\t<div class=\"elementor-widget-container\">\n\t\t\t\t\t\t\t\t\t<p data-pm-slice=\"1 1 []\"><strong><span style=\"color: #00ccff;\">Andr\u00e9 Solaire<\/span>, <\/strong>est une division du Groupe Andreu, sp\u00e9cialis\u00e9e dans les installations photovolta\u00efques cr\u00e9\u00e9e en 2019, profitant de l&#039;exp\u00e9rience et de la capacit\u00e9 op\u00e9rationnelle de<strong>Andreu Maintenance Industrielle<\/strong>.<\/p><p>Travailler en \u00e9troite collaboration avec le d\u00e9partement d&#039;ing\u00e9nierie int\u00e9gr\u00e9 de l&#039; <strong>Groupe Andr\u00e9<\/strong>, nous avons investi dans la recherche, non seulement dans la capture et l&#039;utilisation de l&#039;\u00e9nergie \u00e9lectrique du soleil, mais aussi dans d&#039;autres sources d&#039;\u00e9nergie et surtout dans l&#039;\u00e9conomie et l&#039;utilisation des diff\u00e9rents \u00e9l\u00e9ments qui font partie de notre vie : l&#039;\u00e9nergie, l&#039;eau, l&#039;isolation, la climatisation et la domotique.<\/p><p>C&#039;est en 2023 qu&#039;Andreu Solar a pr\u00e9sent\u00e9 au march\u00e9 tout un catalogue de solutions durables sous le slogan <span style=\"color: #00ccff;\"><strong>\u00ab La durabilit\u00e9 s&#039;\u00e9crit avec un seul S \u00bb<\/strong><\/span> comprendre qu\u2019en \u00e9tant capable de contr\u00f4ler l\u2019\u00e9nergie, un large \u00e9ventail de possibilit\u00e9s d\u2019\u00e9conomie et d\u2019am\u00e9lioration de la qualit\u00e9 de l\u2019environnement s\u2019ouvre, aussi bien dans les maisons que dans les environnements professionnels et industriels.<\/p><p>C&#039;est dans cette optique que <strong><span style=\"color: #00ccff;\">Andr\u00e9 Solaire<\/span><\/strong> se pr\u00e9sente comme une entreprise qui propose des solutions durables et cl\u00e9s en main.<\/p><p>Nous serons heureux de vous informer de tout ce que nous pouvons faire pour vous.<\/p>\t\t\t\t\t\t\t\t<\/div>\n\t\t\t\t<\/div>\n\t\t\t\t\t<\/div>\n\t\t<\/div>\n\t\t\t\t<div class=\"elementor-column elementor-col-50 elementor-top-column elementor-element elementor-element-ba76ea4\" data-id=\"ba76ea4\" data-element_type=\"column\" data-e-type=\"column\">\n\t\t\t<div class=\"elementor-widget-wrap elementor-element-populated\">\n\t\t\t\t\t\t<div class=\"elementor-element elementor-element-7702c42 elementor-widget elementor-widget-spacer\" data-id=\"7702c42\" data-element_type=\"widget\" data-e-type=\"widget\" data-widget_type=\"spacer.default\">\n\t\t\t\t<div class=\"elementor-widget-container\">\n\t\t\t\t\t\t\t<div class=\"elementor-spacer\">\n\t\t\t<div class=\"elementor-spacer-inner\"><\/div>\n\t\t<\/div>\n\t\t\t\t\t\t<\/div>\n\t\t\t\t<\/div>\n\t\t\t\t<div class=\"elementor-element elementor-element-df49e22 elementor-widget elementor-widget-spacer\" data-id=\"df49e22\" data-element_type=\"widget\" data-e-type=\"widget\" data-widget_type=\"spacer.default\">\n\t\t\t\t<div class=\"elementor-widget-container\">\n\t\t\t\t\t\t\t<div class=\"elementor-spacer\">\n\t\t\t<div class=\"elementor-spacer-inner\"><\/div>\n\t\t<\/div>\n\t\t\t\t\t\t<\/div>\n\t\t\t\t<\/div>\n\t\t\t\t<div class=\"elementor-element elementor-element-ee55ec2 elementor-widget elementor-widget-image\" data-id=\"ee55ec2\" data-element_type=\"widget\" data-e-type=\"widget\" data-widget_type=\"image.default\">\n\t\t\t\t<div class=\"elementor-widget-container\">\n\t\t\t\t\t\t\t\t\t\t\t\t\t\t\t<img fetchpriority=\"high\" decoding=\"async\" width=\"768\" height=\"1024\" src=\"https:\/\/andreusolar.com\/wp-content\/uploads\/2021\/10\/FIRA-DEL-VENT-2021-ANDREU-SOLAR5-768x1024.jpeg\" class=\"attachment-large size-large wp-image-11304\" alt=\"\" srcset=\"https:\/\/andreusolar.com\/wp-content\/uploads\/2021\/10\/FIRA-DEL-VENT-2021-ANDREU-SOLAR5-768x1024.jpeg 768w, https:\/\/andreusolar.com\/wp-content\/uploads\/2021\/10\/FIRA-DEL-VENT-2021-ANDREU-SOLAR5-225x300.jpeg 225w, https:\/\/andreusolar.com\/wp-content\/uploads\/2021\/10\/FIRA-DEL-VENT-2021-ANDREU-SOLAR5-1152x1536.jpeg 1152w, https:\/\/andreusolar.com\/wp-content\/uploads\/2021\/10\/FIRA-DEL-VENT-2021-ANDREU-SOLAR5.jpeg 1536w\" sizes=\"(max-width: 768px) 100vw, 768px\" \/>\t\t\t\t\t\t\t\t\t\t\t\t\t\t\t<\/div>\n\t\t\t\t<\/div>\n\t\t\t\t<div class=\"elementor-element elementor-element-1906e84 elementor-widget elementor-widget-spacer\" data-id=\"1906e84\" data-element_type=\"widget\" data-e-type=\"widget\" data-widget_type=\"spacer.default\">\n\t\t\t\t<div class=\"elementor-widget-container\">\n\t\t\t\t\t\t\t<div class=\"elementor-spacer\">\n\t\t\t<div class=\"elementor-spacer-inner\"><\/div>\n\t\t<\/div>\n\t\t\t\t\t\t<\/div>\n\t\t\t\t<\/div>\n\t\t\t\t\t<\/div>\n\t\t<\/div>\n\t\t\t\t\t<\/div>\n\t\t<\/section>\n\t\t\t\t<section class=\"elementor-section elementor-top-section elementor-element elementor-element-d346f24 elementor-section-boxed elementor-section-height-default elementor-section-height-default\" data-id=\"d346f24\" data-element_type=\"section\" data-e-type=\"section\">\n\t\t\t\t\t\t<div class=\"elementor-container elementor-column-gap-default\">\n\t\t\t\t\t<div class=\"elementor-column elementor-col-50 elementor-top-column elementor-element elementor-element-229b962\" data-id=\"229b962\" data-element_type=\"column\" data-e-type=\"column\">\n\t\t\t<div class=\"elementor-widget-wrap elementor-element-populated\">\n\t\t\t\t\t\t<div class=\"elementor-element elementor-element-211143a elementor-widget elementor-widget-spacer\" data-id=\"211143a\" data-element_type=\"widget\" data-e-type=\"widget\" data-widget_type=\"spacer.default\">\n\t\t\t\t<div class=\"elementor-widget-container\">\n\t\t\t\t\t\t\t<div class=\"elementor-spacer\">\n\t\t\t<div class=\"elementor-spacer-inner\"><\/div>\n\t\t<\/div>\n\t\t\t\t\t\t<\/div>\n\t\t\t\t<\/div>\n\t\t\t\t<div class=\"elementor-element elementor-element-d32d9da elementor-widget elementor-widget-image\" data-id=\"d32d9da\" data-element_type=\"widget\" data-e-type=\"widget\" data-widget_type=\"image.default\">\n\t\t\t\t<div class=\"elementor-widget-container\">\n\t\t\t\t\t\t\t\t\t\t\t\t\t\t\t<img decoding=\"async\" width=\"819\" height=\"1024\" src=\"https:\/\/andreusolar.com\/wp-content\/uploads\/2025\/04\/11777_imatge25_1080x1350_g_andreu-819x1024.jpg\" class=\"attachment-large size-large wp-image-14558\" alt=\"\" srcset=\"https:\/\/andreusolar.com\/wp-content\/uploads\/2025\/04\/11777_imatge25_1080x1350_g_andreu-819x1024.jpg 819w, https:\/\/andreusolar.com\/wp-content\/uploads\/2025\/04\/11777_imatge25_1080x1350_g_andreu-240x300.jpg 240w, https:\/\/andreusolar.com\/wp-content\/uploads\/2025\/04\/11777_imatge25_1080x1350_g_andreu-768x960.jpg 768w, https:\/\/andreusolar.com\/wp-content\/uploads\/2025\/04\/11777_imatge25_1080x1350_g_andreu-10x12.jpg 10w, https:\/\/andreusolar.com\/wp-content\/uploads\/2025\/04\/11777_imatge25_1080x1350_g_andreu.jpg 1080w\" sizes=\"(max-width: 819px) 100vw, 819px\" \/>\t\t\t\t\t\t\t\t\t\t\t\t\t\t\t<\/div>\n\t\t\t\t<\/div>\n\t\t\t\t<div class=\"elementor-element elementor-element-948688c elementor-widget elementor-widget-spacer\" data-id=\"948688c\" data-element_type=\"widget\" data-e-type=\"widget\" data-widget_type=\"spacer.default\">\n\t\t\t\t<div class=\"elementor-widget-container\">\n\t\t\t\t\t\t\t<div class=\"elementor-spacer\">\n\t\t\t<div class=\"elementor-spacer-inner\"><\/div>\n\t\t<\/div>\n\t\t\t\t\t\t<\/div>\n\t\t\t\t<\/div>\n\t\t\t\t\t<\/div>\n\t\t<\/div>\n\t\t\t\t<div class=\"elementor-column elementor-col-50 elementor-top-column elementor-element elementor-element-12cf66a\" data-id=\"12cf66a\" data-element_type=\"column\" data-e-type=\"column\">\n\t\t\t<div class=\"elementor-widget-wrap elementor-element-populated\">\n\t\t\t\t\t\t<div class=\"elementor-element elementor-element-5c806fb elementor-widget elementor-widget-spacer\" data-id=\"5c806fb\" data-element_type=\"widget\" data-e-type=\"widget\" data-widget_type=\"spacer.default\">\n\t\t\t\t<div class=\"elementor-widget-container\">\n\t\t\t\t\t\t\t<div class=\"elementor-spacer\">\n\t\t\t<div class=\"elementor-spacer-inner\"><\/div>\n\t\t<\/div>\n\t\t\t\t\t\t<\/div>\n\t\t\t\t<\/div>\n\t\t\t\t<div class=\"elementor-element elementor-element-3d647ae elementor-widget elementor-widget-spacer\" data-id=\"3d647ae\" data-element_type=\"widget\" data-e-type=\"widget\" data-widget_type=\"spacer.default\">\n\t\t\t\t<div class=\"elementor-widget-container\">\n\t\t\t\t\t\t\t<div class=\"elementor-spacer\">\n\t\t\t<div class=\"elementor-spacer-inner\"><\/div>\n\t\t<\/div>\n\t\t\t\t\t\t<\/div>\n\t\t\t\t<\/div>\n\t\t\t\t<div class=\"elementor-element elementor-element-d4e2d76 elementor-widget elementor-widget-heading\" data-id=\"d4e2d76\" data-element_type=\"widget\" data-e-type=\"widget\" data-widget_type=\"heading.default\">\n\t\t\t\t<div class=\"elementor-widget-container\">\n\t\t\t\t\t<h3 class=\"elementor-heading-title elementor-size-default\">Grup Andreu : 20 ans d&#039;exp\u00e9rience dans le secteur industriel<\/h3>\t\t\t\t<\/div>\n\t\t\t\t<\/div>\n\t\t\t\t<div class=\"elementor-element elementor-element-6555fb1 elementor-widget elementor-widget-spacer\" data-id=\"6555fb1\" data-element_type=\"widget\" data-e-type=\"widget\" data-widget_type=\"spacer.default\">\n\t\t\t\t<div class=\"elementor-widget-container\">\n\t\t\t\t\t\t\t<div class=\"elementor-spacer\">\n\t\t\t<div class=\"elementor-spacer-inner\"><\/div>\n\t\t<\/div>\n\t\t\t\t\t\t<\/div>\n\t\t\t\t<\/div>\n\t\t\t\t<div class=\"elementor-element elementor-element-238ab72 elementor-widget elementor-widget-text-editor\" data-id=\"238ab72\" data-element_type=\"widget\" data-e-type=\"widget\" data-widget_type=\"text-editor.default\">\n\t\t\t\t<div class=\"elementor-widget-container\">\n\t\t\t\t\t\t\t\t\t<p><strong><a style=\"color: #00b1ea;\" href=\"https:\/\/andreumanteniment.com\/\" target=\"_blank\" rel=\"noopener\">Groupe Andreu, projets industriels<\/a><\/strong> est un groupe de soci\u00e9t\u00e9s sp\u00e9cialis\u00e9es dans la maintenance industrielle.<\/p><p>Le si\u00e8ge social est situ\u00e9 dans la zone industrielle de Valls. Il est constitu\u00e9 de la soci\u00e9t\u00e9 m\u00e8re.\u00a0<b>Andreu Maintenance Industrielle<\/b>,,\u00a0<b>AMOC2016<\/b>,\u00a0<span style=\"color: #00ccff;\"><b>Andr\u00e9 Solaire<\/b><\/span>, situ\u00e9 \u00e0 Valls;\u00a0<b>NOUS SOMMES,\u00a0<\/b>situ\u00e9 \u00e0 Terrassa ; et les entreprises\u00a0<b>Combi technique et ESMMONT\u00a0<\/b>\u00e0 Montblanc<b>.\u00a0<\/b><\/p><p>Int\u00e9gr\u00e9 par plus de\u00a0<b>130 personnes<\/b>\u00a0et avec un volume de chiffre d&#039;affaires sup\u00e9rieur \u00e0\u00a0<b>13 millions d&#039;euros<\/b>, le Groupe Andreu se consolide comme une entreprise leader dans le secteur de la maintenance et de la m\u00e9canique industrielle.<\/p>\t\t\t\t\t\t\t\t<\/div>\n\t\t\t\t<\/div>\n\t\t\t\t\t<\/div>\n\t\t<\/div>\n\t\t\t\t\t<\/div>\n\t\t<\/section>\n\t\t\t\t<section class=\"elementor-section elementor-top-section elementor-element elementor-element-1e31fd3 elementor-section-boxed elementor-section-height-default elementor-section-height-default\" data-id=\"1e31fd3\" data-element_type=\"section\" data-e-type=\"section\">\n\t\t\t\t\t\t<div class=\"elementor-container elementor-column-gap-default\">\n\t\t\t\t\t<div class=\"elementor-column elementor-col-100 elementor-top-column elementor-element elementor-element-2b8da5a\" data-id=\"2b8da5a\" data-element_type=\"column\" data-e-type=\"column\">\n\t\t\t<div class=\"elementor-widget-wrap elementor-element-populated\">\n\t\t\t\t\t\t<div class=\"elementor-element elementor-element-8fc59d7 elementor-widget elementor-widget-spacer\" data-id=\"8fc59d7\" data-element_type=\"widget\" data-e-type=\"widget\" data-widget_type=\"spacer.default\">\n\t\t\t\t<div class=\"elementor-widget-container\">\n\t\t\t\t\t\t\t<div class=\"elementor-spacer\">\n\t\t\t<div class=\"elementor-spacer-inner\"><\/div>\n\t\t<\/div>\n\t\t\t\t\t\t<\/div>\n\t\t\t\t<\/div>\n\t\t\t\t<div class=\"elementor-element elementor-element-80f6ad5 elementor-widget elementor-widget-spacer\" data-id=\"80f6ad5\" data-element_type=\"widget\" data-e-type=\"widget\" data-widget_type=\"spacer.default\">\n\t\t\t\t<div class=\"elementor-widget-container\">\n\t\t\t\t\t\t\t<div class=\"elementor-spacer\">\n\t\t\t<div class=\"elementor-spacer-inner\"><\/div>\n\t\t<\/div>\n\t\t\t\t\t\t<\/div>\n\t\t\t\t<\/div>\n\t\t\t\t\t<\/div>\n\t\t<\/div>\n\t\t\t\t\t<\/div>\n\t\t<\/section>\n\t\t\t\t<section class=\"elementor-section elementor-top-section elementor-element elementor-element-a6e8c91 elementor-section-boxed elementor-section-height-default elementor-section-height-default\" data-id=\"a6e8c91\" data-element_type=\"section\" data-e-type=\"section\">\n\t\t\t\t\t\t<div class=\"elementor-container elementor-column-gap-default\">\n\t\t\t\t\t<div class=\"elementor-column elementor-col-100 elementor-top-column elementor-element elementor-element-e8bca9e\" data-id=\"e8bca9e\" data-element_type=\"column\" data-e-type=\"column\">\n\t\t\t<div class=\"elementor-widget-wrap elementor-element-populated\">\n\t\t\t\t\t\t<div class=\"elementor-element elementor-element-885338b elementor-widget elementor-widget-r-energy-section-heading\" data-id=\"885338b\" data-element_type=\"widget\" data-e-type=\"widget\" data-widget_type=\"r-energy-section-heading.default\">\n\t\t\t\t<div class=\"elementor-widget-container\">\n\t\t\t\t\t<div class=\"heading primary-heading\"><h3 class=\"title\">PROJETS INDUSTRIELS DU GROUPE ANDREU<\/h3><h5 class=\"subtitle\"><span>contact<\/span> <span>avec notre \u00e9quipe<\/span><\/h5><div class=\"desc\"><p>Vous pouvez contacter notre \u00e9quipe via le formulaire suivant. Nous vous contacterons dans les plus brefs d\u00e9lais.<\/p>\n<\/div><\/div>\t\t\t\t<\/div>\n\t\t\t\t<\/div>\n\t\t\t\t\t<\/div>\n\t\t<\/div>\n\t\t\t\t\t<\/div>\n\t\t<\/section>\n\t\t\t\t<section class=\"elementor-section elementor-top-section elementor-element elementor-element-e52de5e elementor-section-boxed elementor-section-height-default elementor-section-height-default\" data-id=\"e52de5e\" data-element_type=\"section\" data-e-type=\"section\">\n\t\t\t\t\t\t<div class=\"elementor-container elementor-column-gap-default\">\n\t\t\t\t\t<div class=\"elementor-column elementor-col-100 elementor-top-column elementor-element elementor-element-e2d384c\" data-id=\"e2d384c\" data-element_type=\"column\" data-e-type=\"column\">\n\t\t\t<div class=\"elementor-widget-wrap elementor-element-populated\">\n\t\t\t\t\t\t<div class=\"elementor-element elementor-element-000a19a elementor-widget elementor-widget-r-energy-contact-form-7\" data-id=\"000a19a\" data-element_type=\"widget\" data-e-type=\"widget\" data-widget_type=\"r-energy-contact-form-7.default\">\n\t\t\t\t<div class=\"elementor-widget-container\">\n\t\t\t\t\t<div class=\"section-contact get-in-touch\">\n<div class=\"wpcf7 no-js\" id=\"wpcf7-f506-o1\" lang=\"en-US\" dir=\"ltr\" data-wpcf7-id=\"506\">\n<div class=\"screen-reader-response\"><p role=\"status\" aria-live=\"polite\" aria-atomic=\"true\"><\/p> <ul><\/ul><\/div>\n<form action=\"\/fr\/wp-json\/wp\/v2\/pages\/347#wpcf7-f506-o1\" method=\"post\" class=\"wpcf7-form init\" aria-label=\"formulaire de contact\" novalidate=\"novalidate\" data-status=\"init\" data-trp-original-action=\"\/fr\/wp-json\/wp\/v2\/pages\/347#wpcf7-f506-o1\">\n<fieldset class=\"hidden-fields-container\"><input type=\"hidden\" name=\"_wpcf7\" value=\"506\" \/><input type=\"hidden\" name=\"_wpcf7_version\" value=\"6.1.5\" \/><input type=\"hidden\" name=\"_wpcf7_locale\" value=\"en_US\" \/><input type=\"hidden\" name=\"_wpcf7_unit_tag\" value=\"wpcf7-f506-o1\" \/><input type=\"hidden\" name=\"_wpcf7_container_post\" value=\"0\" \/><input type=\"hidden\" name=\"_wpcf7_posted_data_hash\" value=\"\" \/>\n<\/fieldset>\n<div class=\"form js-contact-form contact--form contacts-page-form\" destiny=\"contacte-gracies\">\n\t<div class=\"row\">\n\t\t<div class=\"col-md-6\">\n\t\t\t<p><label class=\"input-label\"><span class=\"wpcf7-form-control-wrap\" data-name=\"nom\"><input size=\"40\" maxlength=\"400\" class=\"wpcf7-form-control wpcf7-text wpcf7-validates-as-required form-field input\" aria-required=\"true\" aria-invalid=\"false\" value=\"\" type=\"text\" name=\"nom\" \/><\/span><span>nom et pr\u00e9nom<\/span><\/label>\n\t\t\t<\/p>\n\t\t<\/div>\n\t\t<div class=\"col-md-6\">\n\t\t\t<p><label class=\"input-label\"><span class=\"wpcf7-form-control-wrap\" data-name=\"assumpte\"><input size=\"40\" maxlength=\"400\" class=\"wpcf7-form-control wpcf7-text wpcf7-validates-as-required form-field input\" aria-required=\"true\" aria-invalid=\"false\" value=\"\" type=\"text\" name=\"assumpte\" \/><\/span><span>mati\u00e8re<\/span><\/label>\n\t\t\t<\/p>\n\t\t<\/div>\n\t\t<div class=\"col-md-6\">\n\t\t\t<p><label class=\"input-label\"><span class=\"wpcf7-form-control-wrap\" data-name=\"tel\"><input size=\"40\" maxlength=\"400\" class=\"wpcf7-form-control wpcf7-tel wpcf7-validates-as-required wpcf7-text wpcf7-validates-as-tel form-field input\" aria-required=\"true\" aria-invalid=\"false\" value=\"\" type=\"tel\" name=\"tel\" \/><\/span><span>t\u00e9l\u00e9phone<\/span><\/label>\n\t\t\t<\/p>\n\t\t<\/div>\n\t\t<div class=\"col-md-6\">\n\t\t\t<p><label class=\"input-label\"><span class=\"wpcf7-form-control-wrap\" data-name=\"email\"><input size=\"40\" maxlength=\"400\" class=\"wpcf7-form-control wpcf7-email wpcf7-validates-as-required wpcf7-text wpcf7-validates-as-email form-field input\" aria-required=\"true\" aria-invalid=\"false\" value=\"\" type=\"email\" name=\"email\" \/><\/span><span>e-mail<\/span><\/label>\n\t\t\t<\/p>\n\t\t<\/div>\n\t\t<div class=\"col-12\"  style=\"height: 100px;\">\n\t\t\t<p><label class=\"textarea-label\"><span class=\"wpcf7-form-control-wrap\" data-name=\"textarea-428\"><textarea cols=\"40\" rows=\"10\" maxlength=\"2000\" class=\"wpcf7-form-control wpcf7-textarea form-field textarea\" aria-invalid=\"false\" name=\"textarea-428\"><\/textarea><\/span><span>message<\/span><\/label>\n\t\t\t<\/p>\n\t\t<\/div>\n\t\t<div class=\"col-12\">\n\t\t\t<p><small><br \/>\n<span class=\"wpcf7-form-control-wrap\" data-name=\"acceptance-117\"><span class=\"wpcf7-form-control wpcf7-acceptance\"><span class=\"wpcf7-list-item\"><label><input type=\"checkbox\" name=\"acceptance-117\" value=\"1\" aria-invalid=\"false\" \/><span class=\"wpcf7-list-item-label\">J&#039;ai lu et j&#039;accepte le <a href=\"\/fr\/clausules\/#02cf1v210\" target=\"_blank\">Clause d&#039;information sur la protection des donn\u00e9es<\/a><\/span><\/label><\/span><\/span><\/span><br \/>\n<span class=\"wpcf7-form-control-wrap\" data-name=\"acceptance-118\"><span class=\"wpcf7-form-control wpcf7-acceptance\"><span class=\"wpcf7-list-item\"><label><input type=\"checkbox\" name=\"acceptance-118\" value=\"1\" aria-invalid=\"false\" \/><span class=\"wpcf7-list-item-label\">J&#039;autorise le traitement de mes donn\u00e9es afin de recevoir des informations par voie \u00e9lectronique<\/span><\/label><\/span><\/span><\/span><\/small><br \/>\n<div id=\"cf7sr-v3-69e307f2b3567\"><input type=\"hidden\" name=\"cf7sr-v3-token\" value=\"\"><\/div>\n\t\t\t<\/p>\n\t\t<\/div>\n\t\t<div class=\"col-12\">\n\t\t\t<div class=\"button-holder\">\n\t\t\t\t<p><button class=\"r-button r-button--transparent wpcf7-form-control wpcf7-submit\" type=\"submit\" data-hover=\"Enviar\"><span>envoyer<\/span><\/button>\n\t\t\t\t<\/p>\n\t\t\t<\/div>\n\t\t<\/div>\n\t<\/div>\n<\/div><p style=\"display: none !important;\" class=\"akismet-fields-container\" data-prefix=\"_wpcf7_ak_\"><label>\u0394<textarea name=\"_wpcf7_ak_hp_textarea\" cols=\"45\" rows=\"8\" maxlength=\"100\"><\/textarea><\/label><input type=\"hidden\" id=\"ak_js_1\" name=\"_wpcf7_ak_js\" value=\"50\"\/><script>document.getElementById( \"ak_js_1\" ).setAttribute( \"value\", ( new Date() ).getTime() );<\/script><\/p><div class=\"wpcf7-response-output\" aria-hidden=\"true\"><\/div>\n<input type=\"hidden\" name=\"trp-form-language\" value=\"fr\"\/><\/form>\n<\/div>\n<\/div>\t\t\t\t<\/div>\n\t\t\t\t<\/div>\n\t\t\t\t\t<\/div>\n\t\t<\/div>\n\t\t\t\t\t<\/div>\n\t\t<\/section>\n\t\t\t\t<\/div>","protected":false},"excerpt":{"rendered":"<p>Andreu Solar, professionnels du d\u00e9veloppement durable. Andreu Solar est la division projets durables du groupe Andreu. Cr\u00e9\u00e9e en 2019, Andreu Solar est une division du groupe Andreu sp\u00e9cialis\u00e9e dans les installations photovolta\u00efques, b\u00e9n\u00e9ficiant de l&#039;exp\u00e9rience et de la capacit\u00e9 op\u00e9rationnelle d&#039;Andreu Manteniment Industrial. En \u00e9troite collaboration avec le d\u00e9partement d&#039;ing\u00e9nierie int\u00e9gr\u00e9 du groupe Andreu, nous avons investi dans la recherche, et non\u2026<\/p>","protected":false},"author":1,"featured_media":0,"parent":0,"menu_order":0,"comment_status":"closed","ping_status":"closed","template":"r-energy-elementor-page.php","meta":{"_acf_changed":false,"inline_featured_image":false,"footnotes":""},"class_list":{"0":"post-347","1":"page","2":"type-page","3":"status-publish","4":"hentry","5":"nt-post-class","6":"","7":"masonry-item","8":"col-lg-6","10":"thumb-none","12":"excerpt-none"},"acf":[],"_links":{"self":[{"href":"https:\/\/andreusolar.com\/fr\/wp-json\/wp\/v2\/pages\/347","targetHints":{"allow":["GET"]}}],"collection":[{"href":"https:\/\/andreusolar.com\/fr\/wp-json\/wp\/v2\/pages"}],"about":[{"href":"https:\/\/andreusolar.com\/fr\/wp-json\/wp\/v2\/types\/page"}],"author":[{"embeddable":true,"href":"https:\/\/andreusolar.com\/fr\/wp-json\/wp\/v2\/users\/1"}],"replies":[{"embeddable":true,"href":"https:\/\/andreusolar.com\/fr\/wp-json\/wp\/v2\/comments?post=347"}],"version-history":[{"count":0,"href":"https:\/\/andreusolar.com\/fr\/wp-json\/wp\/v2\/pages\/347\/revisions"}],"wp:attachment":[{"href":"https:\/\/andreusolar.com\/fr\/wp-json\/wp\/v2\/media?parent=347"}],"curies":[{"name":"wp","href":"https:\/\/api.w.org\/{rel}","templated":true}]}}