{"id":709,"date":"2019-12-31T09:34:39","date_gmt":"2019-12-31T07:34:39","guid":{"rendered":"https:\/\/ninetheme.com\/themes\/r-energy\/?page_id=709"},"modified":"2025-06-04T12:42:00","modified_gmt":"2025-06-04T10:42:00","slug":"casos-reals","status":"publish","type":"page","link":"https:\/\/andreusolar.com\/fr\/casos-reals\/","title":{"rendered":"cas r\u00e9els"},"content":{"rendered":"<div data-elementor-type=\"wp-page\" data-elementor-id=\"709\" class=\"elementor elementor-709\">\n\t\t\t\t\t\t<section class=\"elementor-section elementor-top-section elementor-element elementor-element-5ba3669c elementor-section-stretched elementor-section-full_width elementor-section-height-default elementor-section-height-default\" data-id=\"5ba3669c\" data-element_type=\"section\" data-e-type=\"section\" data-settings=\"{&quot;stretch_section&quot;:&quot;section-stretched&quot;}\">\n\t\t\t\t\t\t<div class=\"elementor-container elementor-column-gap-no\">\n\t\t\t\t\t<div class=\"elementor-column elementor-col-100 elementor-top-column elementor-element elementor-element-72a121c5\" data-id=\"72a121c5\" data-element_type=\"column\" data-e-type=\"column\">\n\t\t\t<div class=\"elementor-widget-wrap elementor-element-populated\">\n\t\t\t\t\t\t<div class=\"elementor-element elementor-element-765aed7c elementor-widget elementor-widget-r-energy-page-hero-section\" data-id=\"765aed7c\" data-element_type=\"widget\" data-e-type=\"widget\" data-widget_type=\"r-energy-page-hero-section.default\">\n\t\t\t\t<div class=\"elementor-widget-container\">\n\t\t\t\t\t<div class=\"promo-primary\"><div class=\"overlay\"><\/div><picture><source srcset=\"https:\/\/andreusolar.com\/wp-content\/uploads\/2022\/10\/WhatsApp-Image-2022-09-20-at-13.16.58-1.jpeg\" media=\"(min-width: 992px)\"\/><img decoding=\"async\" class=\"img-bg\" src=\"https:\/\/andreusolar.com\/wp-content\/uploads\/2022\/10\/WhatsApp-Image-2022-09-20-at-13.16.58-1.jpeg\" alt=\"WhatsApp-Image-2022-09-20-at-13.16.58-1.jpeg\"\/><\/picture><div class=\"container\"><div class=\"row\"><div class=\"col-12\"><div class=\"align-container\"><div class=\"align-item\"><h1 class=\"title\">cas r\u00e9els<\/h1><\/div><\/div><\/div><\/div><\/div><\/div>\t\t\t\t<\/div>\n\t\t\t\t<\/div>\n\t\t\t\t\t<\/div>\n\t\t<\/div>\n\t\t\t\t\t<\/div>\n\t\t<\/section>\n\t\t\t\t<div class=\"elementor-section elementor-top-section elementor-element elementor-element-7b285b16 elementor-section-stretched elementor-section-boxed elementor-section-height-default elementor-section-height-default\" data-id=\"7b285b16\" data-element_type=\"section\" data-e-type=\"section\" data-settings=\"{&quot;stretch_section&quot;:&quot;section-stretched&quot;}\">\n\t\t\t\t\t\t<div class=\"elementor-container elementor-column-gap-no\">\n\t\t\t\t\t<div class=\"elementor-column elementor-col-100 elementor-top-column elementor-element elementor-element-5f925c38\" data-id=\"5f925c38\" data-element_type=\"column\" data-e-type=\"column\">\n\t\t\t<div class=\"elementor-widget-wrap elementor-element-populated\">\n\t\t\t\t\t\t<div class=\"elementor-element elementor-element-d46ea40 elementor-widget elementor-widget-html\" data-id=\"d46ea40\" data-element_type=\"widget\" data-e-type=\"widget\" data-widget_type=\"html.default\">\n\t\t\t\t<div class=\"elementor-widget-container\">\n\t\t\t\t\t<h2 style=\"display:none;\"><b>cas r\u00e9els<\/b><\/h2>\t\t\t\t<\/div>\n\t\t\t\t<\/div>\n\t\t\t\t<div class=\"elementor-element elementor-element-e67b658 elementor-widget elementor-widget-r-energy-section-heading\" data-id=\"e67b658\" data-element_type=\"widget\" data-e-type=\"widget\" data-widget_type=\"r-energy-section-heading.default\">\n\t\t\t\t<div class=\"elementor-widget-container\">\n\t\t\t\t\t<div class=\"heading primary-heading text-center\"><h5 class=\"subtitle\"><span>projets <\/span> <span>d&#039;autoconsommation<\/span><\/h5><div class=\"desc\"><p>D\u00e9couvrez les histoires de familles qui sont d\u00e9j\u00e0 pass\u00e9es \u00e0 l&#039;\u00e9nergie solaire.<\/p>\n<\/div><\/div>\t\t\t\t<\/div>\n\t\t\t\t<\/div>\n\t\t\t\t\t<\/div>\n\t\t<\/div>\n\t\t\t\t\t<\/div>\n\t\t<\/div>\n\t\t\t\t<div class=\"elementor-section elementor-top-section elementor-element elementor-element-c17bae9 nt-section section no-padding-top elementor-section-boxed elementor-section-height-default elementor-section-height-default\" data-id=\"c17bae9\" data-element_type=\"section\" data-e-type=\"section\">\n\t\t\t\t\t\t<div class=\"elementor-container elementor-column-gap-no\">\n\t\t\t\t\t<div class=\"elementor-column elementor-col-100 elementor-top-column elementor-element elementor-element-f12af17\" data-id=\"f12af17\" data-element_type=\"column\" data-e-type=\"column\">\n\t\t\t<div class=\"elementor-widget-wrap elementor-element-populated\">\n\t\t\t\t\t\t<div class=\"elementor-element elementor-element-fc5f491 elementor-widget elementor-widget-r-energy-cases-cpt-gallery-section\" data-id=\"fc5f491\" data-element_type=\"widget\" data-e-type=\"widget\" data-widget_type=\"r-energy-cases-cpt-gallery-section.default\">\n\t\t\t\t<div class=\"elementor-widget-container\">\n\t\t\t\t\t<div class=\"project-cases\"><div class=\"row no-gutters\"><div class=\"col-lg-4 col-sm-6\"><div class=\"cases-item\"><a class=\"img-holder\" href=\"https:\/\/andreusolar.com\/fr\/cases\/montblanc-12-panells\/\"><div class=\"overlay\"><\/div><img decoding=\"async\" class=\"img-bg\" src=\"https:\/\/andreusolar.com\/wp-content\/uploads\/2024\/02\/MontblancDJI_0770.jpg\" alt=\"MontblancDJI_0770.jpg\"><\/a><div class=\"description\"><h5 class=\"title\">Montblanc \u2013 12 panneaux<\/h5><a class=\"with--line\" href=\"https:\/\/andreusolar.com\/fr\/cases\/montblanc-12-panells\/\">Apprendre encore plus<\/a><\/div><\/div><\/div><div class=\"col-lg-4 col-sm-6\"><div class=\"cases-item\"><a class=\"img-holder\" href=\"https:\/\/andreusolar.com\/fr\/cases\/restaurant-licorera-valls\/\"><div class=\"overlay\"><\/div><img decoding=\"async\" class=\"img-bg\" src=\"https:\/\/andreusolar.com\/wp-content\/uploads\/2022\/10\/IMG_9620_web.jpg\" alt=\"IMG_9620_web.jpg\"><\/a><div class=\"description\"><h5 class=\"title\">Restaurant \u2013 La Licorera, Valls<\/h5><a class=\"with--line\" href=\"https:\/\/andreusolar.com\/fr\/cases\/restaurant-licorera-valls\/\">Apprendre encore plus<\/a><\/div><\/div><\/div><div class=\"col-lg-4 col-sm-6\"><div class=\"cases-item\"><a class=\"img-holder\" href=\"https:\/\/andreusolar.com\/fr\/cases\/blancafort-teulada-a-dues-aigues\/\"><div class=\"overlay\"><\/div><img decoding=\"async\" class=\"img-bg\" src=\"https:\/\/andreusolar.com\/wp-content\/uploads\/2022\/05\/WhatsApp-Image-2022-05-03-at-3.56.10-PM-1.jpeg\" alt=\"WhatsApp-Image-2022-05-03-at-3.56.10-PM-1.jpeg\"><\/a><div class=\"description\"><h5 class=\"title\">Blancafort \u2013 toit \u00e0 pignon<\/h5><a class=\"with--line\" href=\"https:\/\/andreusolar.com\/fr\/cases\/blancafort-teulada-a-dues-aigues\/\">Apprendre encore plus<\/a><\/div><\/div><\/div><div class=\"col-lg-4 col-sm-6\"><div class=\"cases-item\"><a class=\"img-holder\" href=\"https:\/\/andreusolar.com\/fr\/cases\/reus-teulada-a-dues-aigues\/\"><div class=\"overlay\"><\/div><img decoding=\"async\" class=\"img-bg\" src=\"https:\/\/andreusolar.com\/wp-content\/uploads\/2022\/05\/WhatsApp-Image-2022-05-05-at-12.56.06-PM-1.jpeg\" alt=\"WhatsApp-Image-2022-05-05-at-12.56.06-PM-1.jpeg\"><\/a><div class=\"description\"><h5 class=\"title\">Reus - toit \u00e0 pignon<\/h5><a class=\"with--line\" href=\"https:\/\/andreusolar.com\/fr\/cases\/reus-teulada-a-dues-aigues\/\">Apprendre encore plus<\/a><\/div><\/div><\/div><div class=\"col-lg-4 col-sm-6\"><div class=\"cases-item\"><a class=\"img-holder\" href=\"https:\/\/andreusolar.com\/fr\/cases\/industrial-x-label\/\"><div class=\"overlay\"><\/div><img decoding=\"async\" class=\"img-bg\" src=\"https:\/\/andreusolar.com\/wp-content\/uploads\/2022\/02\/instalacio-xlabel-andreu-solar-1.jpg\" alt=\"instalacio-xlabel-andreu-solar-1.jpg\"><\/a><div class=\"description\"><h5 class=\"title\">Industriel \u2013 label X<\/h5><a class=\"with--line\" href=\"https:\/\/andreusolar.com\/fr\/cases\/industrial-x-label\/\">Apprendre encore plus<\/a><\/div><\/div><\/div><div class=\"col-lg-4 col-sm-6\"><div class=\"cases-item\"><a class=\"img-holder\" href=\"https:\/\/andreusolar.com\/fr\/cases\/puigpelat-teulada-a-dues-aigues\/\"><div class=\"overlay\"><\/div><img decoding=\"async\" class=\"img-bg\" src=\"https:\/\/andreusolar.com\/wp-content\/uploads\/2022\/01\/instalacio-fotovoltaica-andreu-solar-puigpelat2.jpeg\" alt=\"instalacio-fotovoltaica-andreu-solar-puigpelat2.jpeg\"><\/a><div class=\"description\"><h5 class=\"title\">Puigpelat - toit \u00e0 pignon<\/h5><a class=\"with--line\" href=\"https:\/\/andreusolar.com\/fr\/cases\/puigpelat-teulada-a-dues-aigues\/\">Apprendre encore plus<\/a><\/div><\/div><\/div><div class=\"col-lg-4 col-sm-6\"><div class=\"cases-item\"><a class=\"img-holder\" href=\"https:\/\/andreusolar.com\/fr\/cases\/valls-camp-solar\/\"><div class=\"overlay\"><\/div><img decoding=\"async\" class=\"img-bg\" src=\"https:\/\/andreusolar.com\/wp-content\/uploads\/2022\/01\/instalacio-fotovoltaica-andreu-solar-teulada-formigo6.jpeg\" alt=\"instalacio-fotovoltaica-andreu-solar-teulada-formigo6.jpeg\"><\/a><div class=\"description\"><h5 class=\"title\">Vall\u00e9es (champ solaire)<\/h5><a class=\"with--line\" href=\"https:\/\/andreusolar.com\/fr\/cases\/valls-camp-solar\/\">Apprendre encore plus<\/a><\/div><\/div><\/div><div class=\"col-lg-4 col-sm-6\"><div class=\"cases-item\"><a class=\"img-holder\" href=\"https:\/\/andreusolar.com\/fr\/cases\/valls-casc-antic-2\/\"><div class=\"overlay\"><\/div><img decoding=\"async\" class=\"img-bg\" src=\"https:\/\/andreusolar.com\/wp-content\/uploads\/2021\/07\/asolar-valls-casc-antic-001.jpg\" alt=\"valls casc antic \u00b7 valls casco antiguo\"><\/a><div class=\"description\"><h5 class=\"title\">Valls (vieille ville)<\/h5><a class=\"with--line\" href=\"https:\/\/andreusolar.com\/fr\/cases\/valls-casc-antic-2\/\">Apprendre encore plus<\/a><\/div><\/div><\/div><div class=\"col-lg-4 col-sm-6\"><div class=\"cases-item\"><a class=\"img-holder\" href=\"https:\/\/andreusolar.com\/fr\/cases\/valls-dues-aigues\/\"><div class=\"overlay\"><\/div><img decoding=\"async\" class=\"img-bg\" src=\"https:\/\/andreusolar.com\/wp-content\/uploads\/2021\/10\/instalacio-fotovoltaica-duesiagues-andreu-solar1.jpeg\" alt=\"instalacio fotovoltaica duesaigues andreu solar\"><\/a><div class=\"description\"><h5 class=\"title\">Valls - toit \u00e0 pignon<\/h5><a class=\"with--line\" href=\"https:\/\/andreusolar.com\/fr\/cases\/valls-dues-aigues\/\">Apprendre encore plus<\/a><\/div><\/div><\/div><div class=\"col-lg-4 col-sm-6\"><div class=\"cases-item\"><a class=\"img-holder\" href=\"https:\/\/andreusolar.com\/fr\/cases\/industrial-plastics-espelt\/\"><div class=\"overlay\"><\/div><img decoding=\"async\" class=\"img-bg\" src=\"https:\/\/andreusolar.com\/wp-content\/uploads\/2021\/09\/andreu-solar-plastics-espelt2.jpg\" alt=\"andreu solar instalacions fotovoltaiques plastics espelt\"><\/a><div class=\"description\"><h5 class=\"title\">Industriel \u2013 Plastiques d\u2019\u00c9peautre<\/h5><a class=\"with--line\" href=\"https:\/\/andreusolar.com\/fr\/cases\/industrial-plastics-espelt\/\">Apprendre encore plus<\/a><\/div><\/div><\/div><div class=\"col-lg-4 col-sm-6\"><div class=\"cases-item\"><a class=\"img-holder\" href=\"https:\/\/andreusolar.com\/fr\/cases\/masmolets-valls\/\"><div class=\"overlay\"><\/div><img decoding=\"async\" class=\"img-bg\" src=\"https:\/\/andreusolar.com\/wp-content\/uploads\/2021\/07\/masmolets-valls.jpg\" alt=\"masmolets valls\"><\/a><div class=\"description\"><h5 class=\"title\">Masmolets (Vall\u00e9es)<\/h5><a class=\"with--line\" href=\"https:\/\/andreusolar.com\/fr\/cases\/masmolets-valls\/\">Apprendre encore plus<\/a><\/div><\/div><\/div><div class=\"col-lg-4 col-sm-6\"><div class=\"cases-item\"><a class=\"img-holder\" href=\"https:\/\/andreusolar.com\/fr\/cases\/edifici-historic\/\"><div class=\"overlay\"><\/div><img decoding=\"async\" class=\"img-bg\" src=\"https:\/\/andreusolar.com\/wp-content\/uploads\/2019\/12\/Andreu-solar-casa-rustica-6.jpg\" alt=\"edifici hist\u00f2ric \u00b7 edificio hist\u00f3rico\"><\/a><div class=\"description\"><h5 class=\"title\">B\u00e2timent historique<\/h5><a class=\"with--line\" href=\"https:\/\/andreusolar.com\/fr\/cases\/edifici-historic\/\">Apprendre encore plus<\/a><\/div><\/div><\/div><div class=\"col-lg-4 col-sm-6\"><div class=\"cases-item\"><a class=\"img-holder\" href=\"https:\/\/andreusolar.com\/fr\/cases\/valls\/\"><div class=\"overlay\"><\/div><img decoding=\"async\" class=\"img-bg\" src=\"https:\/\/andreusolar.com\/wp-content\/uploads\/2019\/12\/IMG_1120-scaled.jpg\" alt=\"valls poligon industrial \u00b7 valls poligono industrial\"><\/a><div class=\"description\"><h5 class=\"title\">Parc Industriel de Valls<\/h5><a class=\"with--line\" href=\"https:\/\/andreusolar.com\/fr\/cases\/valls\/\">Apprendre encore plus<\/a><\/div><\/div><\/div><div class=\"col-lg-4 col-sm-6\"><div class=\"cases-item\"><a class=\"img-holder\" href=\"https:\/\/andreusolar.com\/fr\/cases\/reus\/\"><div class=\"overlay\"><\/div><img decoding=\"async\" class=\"img-bg\" src=\"https:\/\/andreusolar.com\/wp-content\/uploads\/2021\/04\/panels-607251_1920.jpg\" alt=\"panels-607251_1920.jpg\"><\/a><div class=\"description\"><h5 class=\"title\">R\u00e9us<\/h5><a class=\"with--line\" href=\"https:\/\/andreusolar.com\/fr\/cases\/reus\/\">Apprendre encore plus<\/a><\/div><\/div><\/div><div class=\"col-lg-4 col-sm-6\"><div class=\"cases-item\"><a class=\"img-holder\" href=\"https:\/\/andreusolar.com\/fr\/cases\/cambrils\/\"><div class=\"overlay\"><\/div><img decoding=\"async\" class=\"img-bg\" src=\"https:\/\/andreusolar.com\/wp-content\/uploads\/2021\/04\/solar-modules-924333_1920.jpg\" alt=\"cambrils\"><\/a><div class=\"description\"><h5 class=\"title\">Cambrils<\/h5><a class=\"with--line\" href=\"https:\/\/andreusolar.com\/fr\/cases\/cambrils\/\">Apprendre encore plus<\/a><\/div><\/div><\/div><div class=\"col-lg-4 col-sm-6\"><div class=\"cases-item\"><a class=\"img-holder\" href=\"https:\/\/andreusolar.com\/fr\/cases\/valls-2\/\"><div class=\"overlay\"><\/div><img decoding=\"async\" class=\"img-bg\" src=\"https:\/\/andreusolar.com\/wp-content\/uploads\/2019\/12\/PHOTO-2020-11-25-15-11-11-1-1.jpg\" alt=\"PHOTO-2020-11-25-15-11-11-1-1.jpg\"><\/a><div class=\"description\"><h5 class=\"title\">Valls<\/h5><a class=\"with--line\" href=\"https:\/\/andreusolar.com\/fr\/cases\/valls-2\/\">Apprendre encore plus<\/a><\/div><\/div><\/div><div class=\"col-lg-4 col-sm-6\"><div class=\"cases-item\"><a class=\"img-holder\" href=\"https:\/\/andreusolar.com\/fr\/cases\/tarragona\/\"><div class=\"overlay\"><\/div><img decoding=\"async\" class=\"img-bg\" src=\"https:\/\/andreusolar.com\/wp-content\/uploads\/2021\/04\/autoconsumo-con-litio-madrid.jpg\" alt=\"tarragona\"><\/a><div class=\"description\"><h5 class=\"title\">Tarragone<\/h5><a class=\"with--line\" href=\"https:\/\/andreusolar.com\/fr\/cases\/tarragona\/\">Apprendre encore plus<\/a><\/div><\/div><\/div><\/div><div class=\"container\"><div class=\"row\"><div class=\"col-12\"><div class=\"r-button-holder\"><a class=\"r-button r-button--transparent\" href=\"\/fr\/andreusolar\/formulari-estudi-personalitzat\/\" data-hover=\"Demana el teu estudi personalitzat\"><span>Demandez votre \u00e9tude personnalis\u00e9e<\/span><\/a><\/div><\/div><\/div><\/div><\/div>\t\t\t\t<\/div>\n\t\t\t\t<\/div>\n\t\t\t\t<div class=\"elementor-element elementor-element-cde4e30 elementor-widget elementor-widget-html\" data-id=\"cde4e30\" data-element_type=\"widget\" data-e-type=\"widget\" data-widget_type=\"html.default\">\n\t\t\t\t<div class=\"elementor-widget-container\">\n\t\t\t\t\t<style>\n    .r-button-holder {\n    display: none;\n}\n\n<\/style>\t\t\t\t<\/div>\n\t\t\t\t<\/div>\n\t\t\t\t\t<\/div>\n\t\t<\/div>\n\t\t\t\t\t<\/div>\n\t\t<\/div>\n\t\t\t\t<\/div>","protected":false},"excerpt":{"rendered":"<p>Cas r\u00e9els Cas r\u00e9els Projets d&#039;autoconsommation D\u00e9couvrez les histoires de familles qui sont d\u00e9j\u00e0 pass\u00e9es \u00e0 l&#039;\u00e9nergie solaire. Montblanc \u2013 12 panneaux En savoir plus Restaurant \u2013 La Licorera, Valls En savoir plus Blancafort \u2013 toit \u00e0 deux versants En savoir plus Reus \u2013 toit \u00e0 deux versants En savoir plus Industriel \u2013 \u00c9tiquette X En savoir plus Puigpelat \u2013\u2026<\/p>","protected":false},"author":1,"featured_media":0,"parent":0,"menu_order":0,"comment_status":"closed","ping_status":"closed","template":"r-energy-elementor-page.php","meta":{"_acf_changed":false,"inline_featured_image":false,"footnotes":""},"class_list":["post-709","page","type-page","status-publish","hentry","nt-post-class","","masonry-item","col-lg-6"],"acf":[],"_links":{"self":[{"href":"https:\/\/andreusolar.com\/fr\/wp-json\/wp\/v2\/pages\/709","targetHints":{"allow":["GET"]}}],"collection":[{"href":"https:\/\/andreusolar.com\/fr\/wp-json\/wp\/v2\/pages"}],"about":[{"href":"https:\/\/andreusolar.com\/fr\/wp-json\/wp\/v2\/types\/page"}],"author":[{"embeddable":true,"href":"https:\/\/andreusolar.com\/fr\/wp-json\/wp\/v2\/users\/1"}],"replies":[{"embeddable":true,"href":"https:\/\/andreusolar.com\/fr\/wp-json\/wp\/v2\/comments?post=709"}],"version-history":[{"count":0,"href":"https:\/\/andreusolar.com\/fr\/wp-json\/wp\/v2\/pages\/709\/revisions"}],"wp:attachment":[{"href":"https:\/\/andreusolar.com\/fr\/wp-json\/wp\/v2\/media?parent=709"}],"curies":[{"name":"wp","href":"https:\/\/api.w.org\/{rel}","templated":true}]}}