{"id":8434,"date":"2021-04-07T14:00:56","date_gmt":"2021-04-07T12:00:56","guid":{"rendered":"https:\/\/andreusolar.com\/?page_id=8434"},"modified":"2022-05-24T12:37:20","modified_gmt":"2022-05-24T10:37:20","slug":"cuidem-el-planeta","status":"publish","type":"page","link":"https:\/\/andreusolar.com\/fr\/cuidem-el-planeta\/","title":{"rendered":"Nous prenons soin de la plan\u00e8te"},"content":{"rendered":"<div data-elementor-type=\"wp-page\" data-elementor-id=\"8434\" class=\"elementor elementor-8434\">\n\t\t\t\t\t\t<section class=\"elementor-section elementor-top-section elementor-element elementor-element-096d814 elementor-section-full_width elementor-section-height-default elementor-section-height-default\" data-id=\"096d814\" data-element_type=\"section\" data-e-type=\"section\">\n\t\t\t\t\t\t<div class=\"elementor-container elementor-column-gap-no\">\n\t\t\t\t\t<div class=\"elementor-column elementor-col-100 elementor-top-column elementor-element elementor-element-2338a40\" data-id=\"2338a40\" data-element_type=\"column\" data-e-type=\"column\">\n\t\t\t<div class=\"elementor-widget-wrap elementor-element-populated\">\n\t\t\t\t\t\t<div class=\"elementor-element elementor-element-401798d elementor-widget elementor-widget-r-energy-page-hero-section\" data-id=\"401798d\" data-element_type=\"widget\" data-e-type=\"widget\" data-widget_type=\"r-energy-page-hero-section.default\">\n\t\t\t\t<div class=\"elementor-widget-container\">\n\t\t\t\t\t<div class=\"promo-primary\"><div class=\"overlay\"><\/div><picture><source srcset=\"https:\/\/andreusolar.com\/wp-content\/uploads\/2021\/04\/cuidem-el-plantea-andreu-solar-scaled.jpg\" media=\"(min-width: 992px)\"\/><img decoding=\"async\" class=\"img-bg\" src=\"https:\/\/andreusolar.com\/wp-content\/uploads\/2021\/04\/cuidem-el-plantea-andreu-solar-scaled.jpg\" alt=\"cuidem el planeta Andreu Solar\"\/><\/picture><div class=\"container\"><div class=\"row\"><div class=\"col-12\"><div class=\"align-container\"><div class=\"align-item\"><span class=\"site__name\">Andr\u00e9 Solaire<\/span><h1 class=\"title\">Nous prenons soin de la plan\u00e8te<\/h1><\/div><\/div><\/div><\/div><\/div><\/div>\t\t\t\t<\/div>\n\t\t\t\t<\/div>\n\t\t\t\t\t<\/div>\n\t\t<\/div>\n\t\t\t\t\t<\/div>\n\t\t<\/section>\n\t\t\t\t<section class=\"elementor-section elementor-top-section elementor-element elementor-element-ff3edeb elementor-section-boxed elementor-section-height-default elementor-section-height-default\" data-id=\"ff3edeb\" data-element_type=\"section\" data-e-type=\"section\">\n\t\t\t\t\t\t<div class=\"elementor-container elementor-column-gap-default\">\n\t\t\t\t\t<div class=\"elementor-column elementor-col-100 elementor-top-column elementor-element elementor-element-ce4d3bc\" data-id=\"ce4d3bc\" data-element_type=\"column\" data-e-type=\"column\">\n\t\t\t<div class=\"elementor-widget-wrap elementor-element-populated\">\n\t\t\t\t\t\t<div class=\"elementor-element elementor-element-5da0253 elementor-widget elementor-widget-spacer\" data-id=\"5da0253\" data-element_type=\"widget\" data-e-type=\"widget\" data-widget_type=\"spacer.default\">\n\t\t\t\t<div class=\"elementor-widget-container\">\n\t\t\t\t\t\t\t<div class=\"elementor-spacer\">\n\t\t\t<div class=\"elementor-spacer-inner\"><\/div>\n\t\t<\/div>\n\t\t\t\t\t\t<\/div>\n\t\t\t\t<\/div>\n\t\t\t\t<div class=\"elementor-element elementor-element-4dcaa01 elementor-widget elementor-widget-r-energy-section-heading\" data-id=\"4dcaa01\" data-element_type=\"widget\" data-e-type=\"widget\" data-widget_type=\"r-energy-section-heading.default\">\n\t\t\t\t<div class=\"elementor-widget-container\">\n\t\t\t\t\t<div class=\"heading primary-heading\"><h3 class=\"title\">tu passeras au solaire<\/h3><h5 class=\"subtitle\"><span>la plan\u00e8te,<\/span> <span>la maison de tout le monde<\/span><\/h5><div class=\"desc\"><p>Saviez-vous que si les 6,5 milliards de personnes qui peuplent la plan\u00e8te Terre consommaient autant que les habitants des pays d\u00e9velopp\u00e9s, nous aurions besoin de 3,5 plan\u00e8tes comme la n\u00f4tre pour satisfaire tous les besoins ? Nous consommons plus que ce que la Terre peut supporter.<br \/>\nCe n\u2019est \u00e9videmment pas un mode de vie durable.<\/p>\n<p>Il est temps de trouver une solution, et elle est sur nos toits !<\/p>\n<\/div><\/div>\t\t\t\t<\/div>\n\t\t\t\t<\/div>\n\t\t\t\t<div class=\"elementor-element elementor-element-8644fa3 elementor-widget elementor-widget-html\" data-id=\"8644fa3\" data-element_type=\"widget\" data-e-type=\"widget\" data-widget_type=\"html.default\">\n\t\t\t\t<div class=\"elementor-widget-container\">\n\t\t\t\t\t<h2 style=\"display:none;\"><b>nous prenons soin de la plan\u00e8te<\/b><\/h2>\n<style>\n    #quadreHome1 .elementor-background-video-container {\n        left: 25%!important;\n        overflow: hidden;\n        width: 75%!important;\n    }\n    #quadreHome2 .elementor-background-video-container {\n        left: -25%!important;\n        overflow: hidden;\n        width: 75%!important;\n    }\n<\/style>\t\t\t\t<\/div>\n\t\t\t\t<\/div>\n\t\t\t\t<div class=\"elementor-element elementor-element-faf317d elementor-widget elementor-widget-spacer\" data-id=\"faf317d\" data-element_type=\"widget\" data-e-type=\"widget\" data-widget_type=\"spacer.default\">\n\t\t\t\t<div class=\"elementor-widget-container\">\n\t\t\t\t\t\t\t<div class=\"elementor-spacer\">\n\t\t\t<div class=\"elementor-spacer-inner\"><\/div>\n\t\t<\/div>\n\t\t\t\t\t\t<\/div>\n\t\t\t\t<\/div>\n\t\t\t\t\t<\/div>\n\t\t<\/div>\n\t\t\t\t\t<\/div>\n\t\t<\/section>\n\t\t\t\t<section class=\"elementor-section elementor-top-section elementor-element elementor-element-9294f43 elementor-section-full_width elementor-section-content-middle quadresHome elementor-reverse-mobile elementor-section-height-default elementor-section-height-default\" data-id=\"9294f43\" data-element_type=\"section\" data-e-type=\"section\" id=\"quadreHome2\" data-settings=\"{&quot;background_background&quot;:&quot;video&quot;,&quot;background_video_link&quot;:&quot;\\\/wp-content\\\/uploads\\\/2021\\\/04\\\/pexels-mohamed-abdelgaffar-5686795.mp4&quot;}\">\n\t\t\t\t\t\t\t\t<div class=\"elementor-background-video-container elementor-hidden-mobile\">\n\t\t\t\t\t\t\t\t\t\t\t\t\t<video class=\"elementor-background-video-hosted\" role=\"presentation\" autoplay muted playsinline loop><\/video>\n\t\t\t\t\t\t\t\t\t\t\t<\/div>\n\t\t\t\t\t\t\t\t<div class=\"elementor-container elementor-column-gap-no\">\n\t\t\t\t\t<div class=\"elementor-column elementor-col-50 elementor-top-column elementor-element elementor-element-f511778\" data-id=\"f511778\" data-element_type=\"column\" data-e-type=\"column\" data-settings=\"{&quot;background_background&quot;:&quot;classic&quot;}\">\n\t\t\t<div class=\"elementor-widget-wrap elementor-element-populated\">\n\t\t\t\t\t<div class=\"elementor-background-overlay\"><\/div>\n\t\t\t\t\t\t<div class=\"elementor-element elementor-element-7c123d1 elementor-hidden-desktop elementor-hidden-tablet elementor-widget elementor-widget-image\" data-id=\"7c123d1\" data-element_type=\"widget\" data-e-type=\"widget\" data-widget_type=\"image.default\">\n\t\t\t\t<div class=\"elementor-widget-container\">\n\t\t\t\t\t\t\t\t\t\t\t\t\t\t\t<img fetchpriority=\"high\" decoding=\"async\" width=\"960\" height=\"797\" src=\"https:\/\/andreusolar.com\/wp-content\/uploads\/2021\/04\/popster_video_2.jpg\" class=\"attachment-large size-large wp-image-8593\" alt=\"\" srcset=\"https:\/\/andreusolar.com\/wp-content\/uploads\/2021\/04\/popster_video_2.jpg 1024w, https:\/\/andreusolar.com\/wp-content\/uploads\/2021\/04\/popster_video_2-300x249.jpg 300w, https:\/\/andreusolar.com\/wp-content\/uploads\/2021\/04\/popster_video_2-768x638.jpg 768w\" sizes=\"(max-width: 960px) 100vw, 960px\" \/>\t\t\t\t\t\t\t\t\t\t\t\t\t\t\t<\/div>\n\t\t\t\t<\/div>\n\t\t\t\t\t<\/div>\n\t\t<\/div>\n\t\t\t\t<div class=\"elementor-column elementor-col-50 elementor-top-column elementor-element elementor-element-b11cdb4\" data-id=\"b11cdb4\" data-element_type=\"column\" data-e-type=\"column\" data-settings=\"{&quot;background_background&quot;:&quot;classic&quot;}\">\n\t\t\t<div class=\"elementor-widget-wrap elementor-element-populated\">\n\t\t\t\t\t\t<div class=\"elementor-element elementor-element-1a7c009 elementor-widget elementor-widget-spacer\" data-id=\"1a7c009\" data-element_type=\"widget\" data-e-type=\"widget\" data-widget_type=\"spacer.default\">\n\t\t\t\t<div class=\"elementor-widget-container\">\n\t\t\t\t\t\t\t<div class=\"elementor-spacer\">\n\t\t\t<div class=\"elementor-spacer-inner\"><\/div>\n\t\t<\/div>\n\t\t\t\t\t\t<\/div>\n\t\t\t\t<\/div>\n\t\t\t\t<div class=\"elementor-element elementor-element-1349417 elementor-widget elementor-widget-spacer\" data-id=\"1349417\" data-element_type=\"widget\" data-e-type=\"widget\" data-widget_type=\"spacer.default\">\n\t\t\t\t<div class=\"elementor-widget-container\">\n\t\t\t\t\t\t\t<div class=\"elementor-spacer\">\n\t\t\t<div class=\"elementor-spacer-inner\"><\/div>\n\t\t<\/div>\n\t\t\t\t\t\t<\/div>\n\t\t\t\t<\/div>\n\t\t\t\t<div class=\"elementor-element elementor-element-0bccd00 elementor-widget elementor-widget-r-energy-section-heading\" data-id=\"0bccd00\" data-element_type=\"widget\" data-e-type=\"widget\" data-widget_type=\"r-energy-section-heading.default\">\n\t\t\t\t<div class=\"elementor-widget-container\">\n\t\t\t\t\t<div class=\"heading primary-heading text-left mb-0\"><h3 class=\"title\">Un pas de plus<\/h3><h5 class=\"subtitle\"><span style=\"color:#00b1ea\">.<\/span><span>r\u00e9duisons<\/span> <span style=\"color:#00b1ea;\">l&#039;empreinte \u00e9cologique<\/span><\/h5><div class=\"desc\"><p>L&#039;empreinte \u00e9cologique est une mani\u00e8re de calculer la superficie de terrain dont chaque personne a besoin pour :<\/p>\n<p>- Obtenez toutes les ressources que vous consommez (eau, \u00e9nergie, nourriture, etc.)<\/p>\n<p>- Assimiler les d\u00e9chets qu&#039;il g\u00e9n\u00e8re (d\u00e9chets, \u00e9missions de CO\u2082, etc.)<\/p>\n<p>L&#039;empreinte \u00e9cologique nous permet de prendre conscience des cons\u00e9quences environnementales g\u00e9n\u00e9r\u00e9es par notre mode de vie quotidien.<\/p>\n<\/div><\/div>\t\t\t\t<\/div>\n\t\t\t\t<\/div>\n\t\t\t\t<div class=\"elementor-element elementor-element-01d4103 elementor-widget elementor-widget-spacer\" data-id=\"01d4103\" data-element_type=\"widget\" data-e-type=\"widget\" data-widget_type=\"spacer.default\">\n\t\t\t\t<div class=\"elementor-widget-container\">\n\t\t\t\t\t\t\t<div class=\"elementor-spacer\">\n\t\t\t<div class=\"elementor-spacer-inner\"><\/div>\n\t\t<\/div>\n\t\t\t\t\t\t<\/div>\n\t\t\t\t<\/div>\n\t\t\t\t<div class=\"elementor-element elementor-element-c3b0d19 elementor-widget elementor-widget-r-energy-button\" data-id=\"c3b0d19\" data-element_type=\"widget\" data-e-type=\"widget\" data-widget_type=\"r-energy-button.default\">\n\t\t\t\t<div class=\"elementor-widget-container\">\n\t\t\t\t\t<div class=\"r-energy-button has-icon\"><a class=\"r-button r-button--transparent r-button--black r-button--xs r-button--rounded btn-icon-right\" data-hover=\"Vols con\u00e8ixer la teva petjada ecol\u00f2gica?\" href=\"https:\/\/www.ceroco2.org\/calculadoras\/\" target=\"_blank\" rel=\"nofollow\"><span>Vous souhaitez conna\u00eetre votre empreinte \u00e9cologique ? <i aria-hidden=\"true\" class=\"fas fa-arrow-right\"><\/i><\/span><\/a><\/div>\t\t\t\t<\/div>\n\t\t\t\t<\/div>\n\t\t\t\t<div class=\"elementor-element elementor-element-34880be elementor-widget elementor-widget-spacer\" data-id=\"34880be\" data-element_type=\"widget\" data-e-type=\"widget\" data-widget_type=\"spacer.default\">\n\t\t\t\t<div class=\"elementor-widget-container\">\n\t\t\t\t\t\t\t<div class=\"elementor-spacer\">\n\t\t\t<div class=\"elementor-spacer-inner\"><\/div>\n\t\t<\/div>\n\t\t\t\t\t\t<\/div>\n\t\t\t\t<\/div>\n\t\t\t\t\t<\/div>\n\t\t<\/div>\n\t\t\t\t\t<\/div>\n\t\t<\/section>\n\t\t\t\t<section class=\"elementor-section elementor-top-section elementor-element elementor-element-f420df2 elementor-section-full_width elementor-section-content-middle quadresHome elementor-section-height-default elementor-section-height-default\" data-id=\"f420df2\" data-element_type=\"section\" data-e-type=\"section\" id=\"quadreHome1\" data-settings=\"{&quot;background_background&quot;:&quot;video&quot;,&quot;background_video_link&quot;:&quot;\\\/wp-content\\\/uploads\\\/2021\\\/04\\\/production-ID_5126544.mp4&quot;}\">\n\t\t\t\t\t\t\t\t<div class=\"elementor-background-video-container elementor-hidden-mobile\">\n\t\t\t\t\t\t\t\t\t\t\t\t\t<video class=\"elementor-background-video-hosted\" role=\"presentation\" autoplay muted playsinline loop><\/video>\n\t\t\t\t\t\t\t\t\t\t\t<\/div>\n\t\t\t\t\t\t\t\t<div class=\"elementor-container elementor-column-gap-no\">\n\t\t\t\t\t<div class=\"elementor-column elementor-col-50 elementor-top-column elementor-element elementor-element-845fb02\" data-id=\"845fb02\" data-element_type=\"column\" data-e-type=\"column\" data-settings=\"{&quot;background_background&quot;:&quot;classic&quot;}\">\n\t\t\t<div class=\"elementor-widget-wrap elementor-element-populated\">\n\t\t\t\t\t\t<div class=\"elementor-element elementor-element-96fc39c elementor-widget elementor-widget-spacer\" data-id=\"96fc39c\" data-element_type=\"widget\" data-e-type=\"widget\" data-widget_type=\"spacer.default\">\n\t\t\t\t<div class=\"elementor-widget-container\">\n\t\t\t\t\t\t\t<div class=\"elementor-spacer\">\n\t\t\t<div class=\"elementor-spacer-inner\"><\/div>\n\t\t<\/div>\n\t\t\t\t\t\t<\/div>\n\t\t\t\t<\/div>\n\t\t\t\t<div class=\"elementor-element elementor-element-9014d30 elementor-widget elementor-widget-spacer\" data-id=\"9014d30\" data-element_type=\"widget\" data-e-type=\"widget\" data-widget_type=\"spacer.default\">\n\t\t\t\t<div class=\"elementor-widget-container\">\n\t\t\t\t\t\t\t<div class=\"elementor-spacer\">\n\t\t\t<div class=\"elementor-spacer-inner\"><\/div>\n\t\t<\/div>\n\t\t\t\t\t\t<\/div>\n\t\t\t\t<\/div>\n\t\t\t\t<div class=\"elementor-element elementor-element-5fd728b elementor-widget elementor-widget-r-energy-section-heading\" data-id=\"5fd728b\" data-element_type=\"widget\" data-e-type=\"widget\" data-widget_type=\"r-energy-section-heading.default\">\n\t\t\t\t<div class=\"elementor-widget-container\">\n\t\t\t\t\t<div class=\"heading primary-heading text-left mb-0\"><h3 class=\"title\">Prenons soin de lui<\/h3><h5 class=\"subtitle\"><span style=\"color:#00b1ea\">.<\/span><span>L&#039;avenir<\/span> <span style=\"color:#00b1ea;\">c&#039;est entre nos mains<\/span><\/h5><\/div>\t\t\t\t<\/div>\n\t\t\t\t<\/div>\n\t\t\t\t<div class=\"elementor-element elementor-element-181dbba elementor-widget elementor-widget-spacer\" data-id=\"181dbba\" data-element_type=\"widget\" data-e-type=\"widget\" data-widget_type=\"spacer.default\">\n\t\t\t\t<div class=\"elementor-widget-container\">\n\t\t\t\t\t\t\t<div class=\"elementor-spacer\">\n\t\t\t<div class=\"elementor-spacer-inner\"><\/div>\n\t\t<\/div>\n\t\t\t\t\t\t<\/div>\n\t\t\t\t<\/div>\n\t\t\t\t<div class=\"elementor-element elementor-element-1503007 elementor-widget elementor-widget-spacer\" data-id=\"1503007\" data-element_type=\"widget\" data-e-type=\"widget\" data-widget_type=\"spacer.default\">\n\t\t\t\t<div class=\"elementor-widget-container\">\n\t\t\t\t\t\t\t<div class=\"elementor-spacer\">\n\t\t\t<div class=\"elementor-spacer-inner\"><\/div>\n\t\t<\/div>\n\t\t\t\t\t\t<\/div>\n\t\t\t\t<\/div>\n\t\t\t\t<div class=\"elementor-element elementor-element-67db5a1 elementor-widget elementor-widget-text-editor\" data-id=\"67db5a1\" data-element_type=\"widget\" data-e-type=\"widget\" data-widget_type=\"text-editor.default\">\n\t\t\t\t<div class=\"elementor-widget-container\">\n\t\t\t\t\t\t\t\t\t<p><strong>Parce qu&#039;il faut prendre soin de la plan\u00e8te<\/strong><br \/>Nous consommons depuis longtemps moins de plastique, utilisons des sacs r\u00e9utilisables, consommons des produits saisonniers et \u00e9cologiques et valorisons les v\u00e9hicules \u00e9lectriques ou hybrides lors du changement de voiture.<\/p><p>Il existe de nombreuses options que nous pouvons actuellement mettre en \u0153uvre pour r\u00e9duire l&#039;empreinte \u00e9cologique.\u00a0<\/p><p><strong>changement climatique<\/strong><br \/>Le changement climatique est sur les l\u00e8vres de la majorit\u00e9 de la population depuis quelques ann\u00e9es, mais il est devenu ces derni\u00e8res ann\u00e9es le principal probl\u00e8me \u00e0 r\u00e9soudre par tous les pays, et nous pouvons tous y contribuer.<\/p><p><strong>Qualit\u00e9 de l&#039;air<\/strong><\/p><p>La qualit\u00e9 de l\u2019air se d\u00e9t\u00e9riore d\u2019ann\u00e9e en ann\u00e9e. Nous mettons un frein et contribuons \u00e0 avoir une ambiance optimale pour l\u2019avenir de nos enfants.<\/p><p><strong>Les \u00e9nergies non renouvelables en d\u00e9clin<\/strong><br \/>Depuis 2015, la croissance de l\u2019\u00e9nergie \u00e9olienne et solaire a presque doubl\u00e9 pour fournir, \u00e0 elles deux, environ 20% d\u2019\u00e9lectricit\u00e9 dans l\u2019UE. En 2020, le solaire a augment\u00e9 de 15% et l\u2019\u00e9olien de 9%.<\/p><p><strong>Augmentation de la demande \u00e9nerg\u00e9tique des familles<\/strong><br \/>De plus en plus, nous utilisons davantage d&#039;appareils n\u00e9cessitant des batteries \u00e9lectriques, de la cuisine \u00e0 la mobilit\u00e9 ; scooters, motos, v\u00e9los ou voitures. Avec tous ces dispositifs, la demande en \u00e9nergie augmente in\u00e9vitablement, c&#039;est pourquoi il est n\u00e9cessaire de rechercher des alternatives d&#039;\u00e9nergies renouvelables et ainsi contribuer \u00e0 une consommation propre et responsable.<\/p>\t\t\t\t\t\t\t\t<\/div>\n\t\t\t\t<\/div>\n\t\t\t\t<div class=\"elementor-element elementor-element-339cdee elementor-widget elementor-widget-r-energy-button\" data-id=\"339cdee\" data-element_type=\"widget\" data-e-type=\"widget\" data-widget_type=\"r-energy-button.default\">\n\t\t\t\t<div class=\"elementor-widget-container\">\n\t\t\t\t\t<div class=\"r-energy-button has-icon\"><a class=\"r-button r-button--transparent r-button--black r-button--xs r-button--rounded btn-icon-right\" data-hover=\"Estudi personalitzat\" href=\"\/fr\/formulari-estudi-personalitzat\/\"><span>Etude personnalis\u00e9e <i aria-hidden=\"true\" class=\"fas fa-arrow-right\"><\/i><\/span><\/a><\/div>\t\t\t\t<\/div>\n\t\t\t\t<\/div>\n\t\t\t\t\t<\/div>\n\t\t<\/div>\n\t\t\t\t<div class=\"elementor-column elementor-col-50 elementor-top-column elementor-element elementor-element-5f3744f\" data-id=\"5f3744f\" data-element_type=\"column\" data-e-type=\"column\" data-settings=\"{&quot;background_background&quot;:&quot;classic&quot;}\">\n\t\t\t<div class=\"elementor-widget-wrap elementor-element-populated\">\n\t\t\t\t\t\t<div class=\"elementor-element elementor-element-1fe5741 elementor-hidden-desktop elementor-hidden-tablet elementor-widget elementor-widget-image\" data-id=\"1fe5741\" data-element_type=\"widget\" data-e-type=\"widget\" data-widget_type=\"image.default\">\n\t\t\t\t<div class=\"elementor-widget-container\">\n\t\t\t\t\t\t\t\t\t\t\t\t\t\t\t<img decoding=\"async\" width=\"960\" height=\"797\" src=\"https:\/\/andreusolar.com\/wp-content\/uploads\/2021\/04\/popster_video_1-1024x850.png\" class=\"attachment-large size-large wp-image-8573\" alt=\"\" srcset=\"https:\/\/andreusolar.com\/wp-content\/uploads\/2021\/04\/popster_video_1-1024x850.png 1024w, https:\/\/andreusolar.com\/wp-content\/uploads\/2021\/04\/popster_video_1-300x249.png 300w, https:\/\/andreusolar.com\/wp-content\/uploads\/2021\/04\/popster_video_1-768x638.png 768w, https:\/\/andreusolar.com\/wp-content\/uploads\/2021\/04\/popster_video_1-1536x1275.png 1536w, https:\/\/andreusolar.com\/wp-content\/uploads\/2021\/04\/popster_video_1.png 1566w\" sizes=\"(max-width: 960px) 100vw, 960px\" \/>\t\t\t\t\t\t\t\t\t\t\t\t\t\t\t<\/div>\n\t\t\t\t<\/div>\n\t\t\t\t\t<\/div>\n\t\t<\/div>\n\t\t\t\t\t<\/div>\n\t\t<\/section>\n\t\t\t\t<section class=\"elementor-section elementor-top-section elementor-element elementor-element-35ea8b8 elementor-section-full_width elementor-section-content-middle quadresHome elementor-section-height-default elementor-section-height-default\" data-id=\"35ea8b8\" data-element_type=\"section\" data-e-type=\"section\">\n\t\t\t\t\t\t<div class=\"elementor-container elementor-column-gap-no\">\n\t\t\t\t\t<div class=\"elementor-column elementor-col-50 elementor-top-column elementor-element elementor-element-dc19488\" data-id=\"dc19488\" data-element_type=\"column\" data-e-type=\"column\" data-settings=\"{&quot;background_background&quot;:&quot;classic&quot;}\">\n\t\t\t<div class=\"elementor-widget-wrap elementor-element-populated\">\n\t\t\t\t\t\t<div class=\"elementor-element elementor-element-64c5811 elementor-widget elementor-widget-spacer\" data-id=\"64c5811\" data-element_type=\"widget\" data-e-type=\"widget\" data-widget_type=\"spacer.default\">\n\t\t\t\t<div class=\"elementor-widget-container\">\n\t\t\t\t\t\t\t<div class=\"elementor-spacer\">\n\t\t\t<div class=\"elementor-spacer-inner\"><\/div>\n\t\t<\/div>\n\t\t\t\t\t\t<\/div>\n\t\t\t\t<\/div>\n\t\t\t\t<div class=\"elementor-element elementor-element-bdbeee0 elementor-widget elementor-widget-spacer\" data-id=\"bdbeee0\" data-element_type=\"widget\" data-e-type=\"widget\" data-widget_type=\"spacer.default\">\n\t\t\t\t<div class=\"elementor-widget-container\">\n\t\t\t\t\t\t\t<div class=\"elementor-spacer\">\n\t\t\t<div class=\"elementor-spacer-inner\"><\/div>\n\t\t<\/div>\n\t\t\t\t\t\t<\/div>\n\t\t\t\t<\/div>\n\t\t\t\t<div class=\"elementor-element elementor-element-29f3f3e elementor-widget elementor-widget-r-energy-section-heading\" data-id=\"29f3f3e\" data-element_type=\"widget\" data-e-type=\"widget\" data-widget_type=\"r-energy-section-heading.default\">\n\t\t\t\t<div class=\"elementor-widget-container\">\n\t\t\t\t\t<div class=\"heading primary-heading text-left mb-0\"><h3 class=\"title\">Andr\u00e9 Solaire<\/h3><h5 class=\"subtitle\"><span style=\"color:#00b1ea\">.<\/span><span>SAO<\/span> <span style=\"color:#00b1ea;\">2030<\/span><\/h5><div class=\"desc\"><p>L\u2019agenda 2030 et les Objectifs de D\u00e9veloppement Durable sont, pour nous, un guide essentiel \u00e0 suivre dans le domaine professionnel.<\/p>\n<\/div><\/div>\t\t\t\t<\/div>\n\t\t\t\t<\/div>\n\t\t\t\t<div class=\"elementor-element elementor-element-6b6ed3f elementor-widget elementor-widget-spacer\" data-id=\"6b6ed3f\" data-element_type=\"widget\" data-e-type=\"widget\" data-widget_type=\"spacer.default\">\n\t\t\t\t<div class=\"elementor-widget-container\">\n\t\t\t\t\t\t\t<div class=\"elementor-spacer\">\n\t\t\t<div class=\"elementor-spacer-inner\"><\/div>\n\t\t<\/div>\n\t\t\t\t\t\t<\/div>\n\t\t\t\t<\/div>\n\t\t\t\t<div class=\"elementor-element elementor-element-9449bda elementor-widget elementor-widget-r-energy-button\" data-id=\"9449bda\" data-element_type=\"widget\" data-e-type=\"widget\" data-widget_type=\"r-energy-button.default\">\n\t\t\t\t<div class=\"elementor-widget-container\">\n\t\t\t\t\t<div class=\"r-energy-button has-icon\"><a class=\"r-button r-button--transparent r-button--black r-button--xs r-button--rounded btn-icon-right\" data-hover=\"M\u00e9s informaci\u00f3\" href=\"\/fr\/andreusolar\/formulari-estudi-personalitzat\/\"><span>Plus d&#039;informations <i aria-hidden=\"true\" class=\"fas fa-arrow-right\"><\/i><\/span><\/a><\/div>\t\t\t\t<\/div>\n\t\t\t\t<\/div>\n\t\t\t\t<div class=\"elementor-element elementor-element-162aa7d elementor-widget elementor-widget-spacer\" data-id=\"162aa7d\" data-element_type=\"widget\" data-e-type=\"widget\" data-widget_type=\"spacer.default\">\n\t\t\t\t<div class=\"elementor-widget-container\">\n\t\t\t\t\t\t\t<div class=\"elementor-spacer\">\n\t\t\t<div class=\"elementor-spacer-inner\"><\/div>\n\t\t<\/div>\n\t\t\t\t\t\t<\/div>\n\t\t\t\t<\/div>\n\t\t\t\t\t<\/div>\n\t\t<\/div>\n\t\t\t\t<div class=\"elementor-column elementor-col-50 elementor-top-column elementor-element elementor-element-4a61cd0\" data-id=\"4a61cd0\" data-element_type=\"column\" data-e-type=\"column\" data-settings=\"{&quot;background_background&quot;:&quot;classic&quot;}\">\n\t\t\t<div class=\"elementor-widget-wrap elementor-element-populated\">\n\t\t\t\t\t\t<div class=\"elementor-element elementor-element-cd40da6 elementor-widget elementor-widget-image\" data-id=\"cd40da6\" data-element_type=\"widget\" data-e-type=\"widget\" data-widget_type=\"image.default\">\n\t\t\t\t<div class=\"elementor-widget-container\">\n\t\t\t\t\t\t\t\t\t\t\t\t\t\t\t<img decoding=\"async\" width=\"960\" height=\"679\" src=\"https:\/\/andreusolar.com\/wp-content\/uploads\/2021\/04\/ODS_Objectius_Desenvolupament_Sostenible_Respon.cat_SDG_Icons_CAT_Poster_A4-1024x724.jpg\" class=\"attachment-large size-large wp-image-8600\" alt=\"\" srcset=\"https:\/\/andreusolar.com\/wp-content\/uploads\/2021\/04\/ODS_Objectius_Desenvolupament_Sostenible_Respon.cat_SDG_Icons_CAT_Poster_A4-1024x724.jpg 1024w, https:\/\/andreusolar.com\/wp-content\/uploads\/2021\/04\/ODS_Objectius_Desenvolupament_Sostenible_Respon.cat_SDG_Icons_CAT_Poster_A4-300x212.jpg 300w, https:\/\/andreusolar.com\/wp-content\/uploads\/2021\/04\/ODS_Objectius_Desenvolupament_Sostenible_Respon.cat_SDG_Icons_CAT_Poster_A4-768x543.jpg 768w, https:\/\/andreusolar.com\/wp-content\/uploads\/2021\/04\/ODS_Objectius_Desenvolupament_Sostenible_Respon.cat_SDG_Icons_CAT_Poster_A4-1536x1086.jpg 1536w, https:\/\/andreusolar.com\/wp-content\/uploads\/2021\/04\/ODS_Objectius_Desenvolupament_Sostenible_Respon.cat_SDG_Icons_CAT_Poster_A4-2048x1448.jpg 2048w\" sizes=\"(max-width: 960px) 100vw, 960px\" \/>\t\t\t\t\t\t\t\t\t\t\t\t\t\t\t<\/div>\n\t\t\t\t<\/div>\n\t\t\t\t\t<\/div>\n\t\t<\/div>\n\t\t\t\t\t<\/div>\n\t\t<\/section>\n\t\t\t\t<\/div>","protected":false},"excerpt":{"rendered":"<p>Andreu Solar Prenons soin de la plan\u00e8te andreu solar La plan\u00e8te, la maison de chacun Saviez-vous que si les 6,5 milliards de personnes qui peuplent la plan\u00e8te Terre consommaient autant que les habitants des pays d\u00e9velopp\u00e9s, nous aurions besoin de 3,5 plan\u00e8tes comme la n\u00f4tre pour r\u00e9pondre \u00e0 tous les besoins ? Nous consommons plus que ce que la Terre peut supporter. Evidemment non\u2026<\/p>","protected":false},"author":1,"featured_media":8436,"parent":0,"menu_order":0,"comment_status":"closed","ping_status":"closed","template":"r-energy-elementor-page.php","meta":{"_acf_changed":false,"inline_featured_image":false,"footnotes":""},"class_list":{"0":"post-8434","1":"page","2":"type-page","3":"status-publish","4":"has-post-thumbnail","5":"hentry","6":"nt-post-class","7":"","8":"masonry-item","9":"col-lg-6","13":"excerpt-none"},"acf":[],"_links":{"self":[{"href":"https:\/\/andreusolar.com\/fr\/wp-json\/wp\/v2\/pages\/8434","targetHints":{"allow":["GET"]}}],"collection":[{"href":"https:\/\/andreusolar.com\/fr\/wp-json\/wp\/v2\/pages"}],"about":[{"href":"https:\/\/andreusolar.com\/fr\/wp-json\/wp\/v2\/types\/page"}],"author":[{"embeddable":true,"href":"https:\/\/andreusolar.com\/fr\/wp-json\/wp\/v2\/users\/1"}],"replies":[{"embeddable":true,"href":"https:\/\/andreusolar.com\/fr\/wp-json\/wp\/v2\/comments?post=8434"}],"version-history":[{"count":0,"href":"https:\/\/andreusolar.com\/fr\/wp-json\/wp\/v2\/pages\/8434\/revisions"}],"wp:featuredmedia":[{"embeddable":true,"href":"https:\/\/andreusolar.com\/fr\/wp-json\/wp\/v2\/media\/8436"}],"wp:attachment":[{"href":"https:\/\/andreusolar.com\/fr\/wp-json\/wp\/v2\/media?parent=8434"}],"curies":[{"name":"wp","href":"https:\/\/api.w.org\/{rel}","templated":true}]}}